{"id":137079,"date":"2025-11-30T00:00:00","date_gmt":"2025-11-29T23:00:00","guid":{"rendered":"https:\/\/gpl-love.com\/fr\/produit\/getpaid-affiliatewp-integration\/"},"modified":"2026-03-20T23:59:33","modified_gmt":"2026-03-20T22:59:33","slug":"getpaid-affiliatewp-integration","status":"publish","type":"product","link":"https:\/\/gpl-love.com\/fr\/produit\/getpaid-affiliatewp-integration\/","title":{"rendered":"GetPaid AffiliateWP Integration 2.0.3"},"content":{"rendered":"<h3>GetPaid AffiliateWP Integration Traits<\/h3>\n<p>L&rsquo;int\u00e9gration GetPaid AffiliateWP est un outil puissant con\u00e7u pour am\u00e9liorer vos strat\u00e9gies de marketing d&rsquo;affiliation. Cette int\u00e9gration entrelace de mani\u00e8re transparente les fonctionnalit\u00e9s de la plate-forme GetPaid avec AffiliateWP, fournissant un cadre robuste pour g\u00e9rer vos programmes d&rsquo;affiliation. Avec cette int\u00e9gration innovante, vous pouvez suivre les r\u00e9f\u00e9rences, calculer les commissions, g\u00e9n\u00e9rer des liens d&rsquo;affiliation et bien plus encore. Il offre \u00e9galement des rapports d\u00e9taill\u00e9s et un suivi en temps r\u00e9el, ce qui facilite la surveillance des performances de votre programme d&rsquo;affiliation. L&rsquo;int\u00e9gration GetPaid AffiliateWP est facile \u00e0 installer et \u00e0 configurer, ce qui en fait une solution id\u00e9ale pour les entreprises de toutes tailles qui cherchent \u00e0 optimiser leurs efforts de marketing d&rsquo;affiliation. Cet outil est un moyen infaillible d&rsquo;augmenter vos revenus, d&rsquo;augmenter le trafic et d&rsquo;\u00e9largir la port\u00e9e de votre marque sur le march\u00e9 num\u00e9rique.<\/p>\n<ul>\n<li>L&rsquo;int\u00e9gration GetPaid AffiliateWP est un outil puissant con\u00e7u pour connecter de mani\u00e8re transparente votre programme AffiliateWP avec le syst\u00e8me GetPaid.<\/li>\n<li>Cette int\u00e9gration permet aux affili\u00e9s de gagner des commissions \u00e0 partir d&rsquo;achats effectu\u00e9s via la plate-forme GetPaid, \u00e0 augmenter les revenus et \u00e0 \u00e9tendre la port\u00e9e.<\/li>\n<li>Fonctionne les capacit\u00e9s de suivi avanc\u00e9es qui surveillent les r\u00e9f\u00e9rences d&rsquo;affiliation et attribuent avec pr\u00e9cision les ventes.<\/li>\n<li>Comprend les fonctionnalit\u00e9s de paiement automatique, garantir que les affili\u00e9s re\u00e7oivent leurs commissions rapidement et sans tracas.<\/li>\n<li>Offre des options de personnalisation approfondies, vous permettant d&rsquo;adapter les tarifs de commission, les p\u00e9riodes de paiement et d&rsquo;autres param\u00e8tres pour s&rsquo;adapter au mieux \u00e0 votre mod\u00e8le commercial.<\/li>\n<li>Rationalise le processus d&rsquo;int\u00e9gration, avec une installation simple et une interface facile \u00e0 naviguer.<\/li>\n<li>Prend en charge toutes les principales passerelles de paiement pour la commodit\u00e9 des utilisateurs et des affili\u00e9s.<\/li>\n<li>Fournit des rapports et des analyses complets, vous permettant d&rsquo;\u00e9valuer avec pr\u00e9cision l&rsquo;efficacit\u00e9 de votre programme d&rsquo;affiliation.<\/li>\n<li>Prend en charge des affili\u00e9s illimit\u00e9s, ce qui en fait une solution \u00e9volutive pour les entreprises de toutes tailles.<\/li>\n<li>Livr\u00e9 avec un support client haut de gamme, en veillant \u00e0 ce que toutes vos requ\u00eates et pr\u00e9occupations soient trait\u00e9es en temps opportun.<\/li>\n<\/ul>\n","protected":false},"excerpt":{"rendered":"<p>L&rsquo;int\u00e9gration GetPaid AffiliateWP est un outil logiciel avanc\u00e9 con\u00e7u pour rationaliser et am\u00e9liorer vos strat\u00e9gies de marketing d&rsquo;affiliation. Cette int\u00e9gration innovante est une solution de premier ordre qui vise \u00e0 combiner de mani\u00e8re transparente les capacit\u00e9s sup\u00e9rieures des plates-formes GetPaid et AffiliateWP, r\u00e9sultant en un syst\u00e8me de marketing d&rsquo;affiliation efficace, robuste et dynamique. Avec cette int\u00e9gration, vous pouvez exploiter le pouvoir d&rsquo;AffiliateWP, un plugin de marketing d&rsquo;affiliation populaire qui offre une gamme compl\u00e8te de fonctionnalit\u00e9s pour g\u00e9rer votre programme d&rsquo;affiliation. D&rsquo;un autre c\u00f4t\u00e9, GetPaid est un syst\u00e8me de facturation polyvalent et fiable qui simplifie le processus de gestion des transactions et des paiements au sein de votre entreprise. En fusionnant ces deux plates-formes puissantes, vous pouvez g\u00e9rer efficacement vos activit\u00e9s de marketing d&rsquo;affiliation tout en garantissant un processus de paiement fluide et sans tracas. Non seulement cette int\u00e9gration fournit une interaction transparente entre le marketing d&rsquo;affiliation et le traitement des paiements, mais elle offre \u00e9galement de nombreuses fonctionnalit\u00e9s personnalisables qui peuvent \u00eatre adapt\u00e9es \u00e0 vos besoins commerciaux sp\u00e9cifiques. Cela garantit non seulement que vous maximisez votre potentiel commercial, mais offrez \u00e9galement \u00e0 vos affili\u00e9s une plate-forme intuitive et conviviale. L&rsquo;int\u00e9gration GetPaid AffiliateWP t\u00e9moigne de la flexibilit\u00e9 et de l&rsquo;adaptabilit\u00e9 des outils logiciels modernes, et il excelle vraiment \u00e0 fournir une solution compl\u00e8te pour les besoins de marketing d&rsquo;affiliation complexe d&rsquo;aujourd&rsquo;hui.<\/p>\n","protected":false},"featured_media":146795,"comment_status":"open","ping_status":"open","template":"","meta":[],"product_brand":[2560],"product_cat":[1182,1401,1181],"product_tag":[1828],"class_list":{"0":"post-137079","1":"product","2":"type-product","3":"status-publish","4":"has-post-thumbnail","6":"product_brand-ayecode","7":"product_cat-commerce-electronique-plugins","8":"product_cat-paiement-commerce-electronique-plugins","9":"product_cat-plugins","10":"product_tag-ayecode","11":"member-discount","12":"discount-restricted","14":"first","15":"instock","16":"sale","17":"downloadable","18":"virtual","19":"sold-individually","20":"purchasable","21":"product-type-simple"},"_links":{"self":[{"href":"https:\/\/gpl-love.com\/fr\/wp-json\/wp\/v2\/product\/137079","targetHints":{"allow":["GET"]}}],"collection":[{"href":"https:\/\/gpl-love.com\/fr\/wp-json\/wp\/v2\/product"}],"about":[{"href":"https:\/\/gpl-love.com\/fr\/wp-json\/wp\/v2\/types\/product"}],"replies":[{"embeddable":true,"href":"https:\/\/gpl-love.com\/fr\/wp-json\/wp\/v2\/comments?post=137079"}],"wp:featuredmedia":[{"embeddable":true,"href":"https:\/\/gpl-love.com\/fr\/wp-json\/wp\/v2\/media\/146795"}],"wp:attachment":[{"href":"https:\/\/gpl-love.com\/fr\/wp-json\/wp\/v2\/media?parent=137079"}],"wp:term":[{"taxonomy":"product_brand","embeddable":true,"href":"https:\/\/gpl-love.com\/fr\/wp-json\/wp\/v2\/product_brand?post=137079"},{"taxonomy":"product_cat","embeddable":true,"href":"https:\/\/gpl-love.com\/fr\/wp-json\/wp\/v2\/product_cat?post=137079"},{"taxonomy":"product_tag","embeddable":true,"href":"https:\/\/gpl-love.com\/fr\/wp-json\/wp\/v2\/product_tag?post=137079"}],"curies":[{"name":"wp","href":"https:\/\/api.w.org\/{rel}","templated":true}]}}