{"id":137073,"date":"2024-01-09T00:00:00","date_gmt":"2024-01-08T23:00:00","guid":{"rendered":"https:\/\/gpl-love.com\/fr\/produit\/getpaid-cash-on-delivery\/"},"modified":"2026-03-20T23:59:29","modified_gmt":"2026-03-20T22:59:29","slug":"getpaid-cash-on-delivery","status":"publish","type":"product","link":"https:\/\/gpl-love.com\/fr\/produit\/getpaid-cash-on-delivery\/","title":{"rendered":"GetPaid Cash on Delivery 2.0.0"},"content":{"rendered":"<h3>GetPaid Cash on Delivery Traits<\/h3>\n<p>GetPaid Cash \u00e0 la livraison est une solution de paiement transformatrice con\u00e7ue pour stimuler le confort et la commodit\u00e9 de votre exp\u00e9rience d&rsquo;achat. Ce service vous permet de passer une commande en ligne et d&rsquo;effectuer le paiement en esp\u00e8ces une fois le produit livr\u00e9 \u00e0 votre porte. GetPaid Cash \u00e0 la livraison assure des transactions s\u00e9curis\u00e9es, \u00e9liminant le besoin de paiements en ligne ou de transferts bancaires. Il vous donne la libert\u00e9 d&rsquo;inspecter l&rsquo;article avant d&rsquo;effectuer le paiement, augmentant ainsi la confiance et la cr\u00e9dibilit\u00e9 entre les acheteurs et les vendeurs. Simplifiez votre exp\u00e9rience d&rsquo;achat avec GetPaid Cash \u00e0 la livraison, le m\u00e9lange parfait de commodit\u00e9, de s\u00e9curit\u00e9 et de satisfaction.<\/p>\n<ul>\n<li>Une solution de paiement fiable et s\u00e9curis\u00e9e, GetPaid Cash \u00e0 la livraison permet aux clients de payer leurs achats \u00e0 l&rsquo;arriv\u00e9e.<\/li>\n<li>La plate-forme de paiement offre une flexibilit\u00e9 dans les m\u00e9thodes de paiement, s&rsquo;adressant aux clients qui pr\u00e9f\u00e8rent payer en esp\u00e8ces.<\/li>\n<li>Con\u00e7u pour am\u00e9liorer la confiance et la satisfaction des clients, garantissant les transactions termin\u00e9es uniquement lorsque l&rsquo;article est livr\u00e9 et trouv\u00e9 satisfaisant.<\/li>\n<li>Convient aux entreprises de toutes tailles, contribuant \u00e0 am\u00e9liorer les flux de tr\u00e9sorerie en acceptant les paiements en esp\u00e8ces \u00e0 la livraison.<\/li>\n<li>Int\u00e9gration facile avec les magasins en ligne, la plate-forme ajoute en douceur la livraison en esp\u00e8ces en option lors du paiement.<\/li>\n<li>Fournit une exp\u00e9rience d&rsquo;achat sans risque pour les consommateurs, car ils ne paient qu&rsquo;apr\u00e8s avoir v\u00e9rifi\u00e9 la qualit\u00e9 et l&rsquo;authenticit\u00e9 du produit.<\/li>\n<li>Promose un processus de transaction sans tracas, \u00e9liminant le besoin de m\u00e9thodes de paiement en ligne, ce qui le rend pratique pour les clients sans acc\u00e8s aux m\u00e9thodes de paiement num\u00e9rique.<\/li>\n<li>Le service fournit une fonctionnalit\u00e9 de suivi, garantissant que le vendeur et l&rsquo;acheteur peuvent surveiller le processus de livraison et de paiement pour une transparence absolue.<\/li>\n<li>GetPaid Cash \u00e0 la livraison att\u00e9nue les risques de fraude en ligne, am\u00e9liorant la cr\u00e9dibilit\u00e9 de votre boutique en ligne.<\/li>\n<li>Il peut augmenter les ventes en offrant une autre m\u00e9thode de paiement pr\u00e9f\u00e9r\u00e9e par une partie importante des acheteurs en ligne.<\/li>\n<\/ul>\n","protected":false},"excerpt":{"rendered":"<p>Le service de livraison en esp\u00e8ces de GetPaid est une solution tr\u00e8s fiable et ax\u00e9e sur le client qui a \u00e9t\u00e9 express\u00e9ment con\u00e7ue et m\u00e9ticuleusement d\u00e9velopp\u00e9e pour r\u00e9pondre aux divers besoins des entreprises de commerce \u00e9lectronique dans le monde. Ce service unique et innovant permet aux plateformes de commerce \u00e9lectronique d&rsquo;offrir \u00e0 leurs clients la flexibilit\u00e9 et la commodit\u00e9 de payer leurs achats \u00e0 la livraison, inculquant ainsi un plus grand sentiment de confiance et encourageant plus de transactions. Sur mesure pour s&rsquo;adapter aux entreprises de toutes tailles, le service de livraison GetPaid Cash on Delivery simplifie \u00e9galement la collecte et la gestion des paiements, r\u00e9duisant ainsi les complexit\u00e9s op\u00e9rationnelles et am\u00e9liorant l&rsquo;efficacit\u00e9. Avec son infrastructure robuste et s\u00e9curis\u00e9e, il assure des transactions transparentes et garantit la s\u00e9curit\u00e9 des fonds du client. De plus, il offre une interface intuitive et une int\u00e9gration facile, ce qui en fait un choix id\u00e9al pour les entreprises visant \u00e0 rationaliser leurs processus de paiement et \u00e0 offrir une exp\u00e9rience client am\u00e9lior\u00e9e.<\/p>\n","protected":false},"featured_media":146792,"comment_status":"open","ping_status":"open","template":"","meta":[],"product_brand":[2560],"product_cat":[1182,1401,1181],"product_tag":[1828],"class_list":{"0":"post-137073","1":"product","2":"type-product","3":"status-publish","4":"has-post-thumbnail","6":"product_brand-ayecode","7":"product_cat-commerce-electronique-plugins","8":"product_cat-paiement-commerce-electronique-plugins","9":"product_cat-plugins","10":"product_tag-ayecode","11":"member-discount","12":"discount-restricted","14":"first","15":"instock","16":"sale","17":"downloadable","18":"virtual","19":"sold-individually","20":"purchasable","21":"product-type-simple"},"_links":{"self":[{"href":"https:\/\/gpl-love.com\/fr\/wp-json\/wp\/v2\/product\/137073","targetHints":{"allow":["GET"]}}],"collection":[{"href":"https:\/\/gpl-love.com\/fr\/wp-json\/wp\/v2\/product"}],"about":[{"href":"https:\/\/gpl-love.com\/fr\/wp-json\/wp\/v2\/types\/product"}],"replies":[{"embeddable":true,"href":"https:\/\/gpl-love.com\/fr\/wp-json\/wp\/v2\/comments?post=137073"}],"wp:featuredmedia":[{"embeddable":true,"href":"https:\/\/gpl-love.com\/fr\/wp-json\/wp\/v2\/media\/146792"}],"wp:attachment":[{"href":"https:\/\/gpl-love.com\/fr\/wp-json\/wp\/v2\/media?parent=137073"}],"wp:term":[{"taxonomy":"product_brand","embeddable":true,"href":"https:\/\/gpl-love.com\/fr\/wp-json\/wp\/v2\/product_brand?post=137073"},{"taxonomy":"product_cat","embeddable":true,"href":"https:\/\/gpl-love.com\/fr\/wp-json\/wp\/v2\/product_cat?post=137073"},{"taxonomy":"product_tag","embeddable":true,"href":"https:\/\/gpl-love.com\/fr\/wp-json\/wp\/v2\/product_tag?post=137073"}],"curies":[{"name":"wp","href":"https:\/\/api.w.org\/{rel}","templated":true}]}}