{"id":137071,"date":"2024-01-09T00:00:00","date_gmt":"2024-01-08T23:00:00","guid":{"rendered":"https:\/\/gpl-love.com\/fr\/produit\/getpaid-eway-payments\/"},"modified":"2026-03-20T23:59:28","modified_gmt":"2026-03-20T22:59:28","slug":"getpaid-eway-payments","status":"publish","type":"product","link":"https:\/\/gpl-love.com\/fr\/produit\/getpaid-eway-payments\/","title":{"rendered":"GetPaid eWAY Payments 2.0.1"},"content":{"rendered":"<h3>GetPaid eWAY Payments Traits<\/h3>\n<p>GetPaid Eway Payments est une solution de paiement num\u00e9rique tr\u00e8s efficace et s\u00e9curis\u00e9e con\u00e7ue pour g\u00e9rer de mani\u00e8re transparente vos transactions en ligne. Cet outil puissant s&rsquo;int\u00e8gre parfaitement \u00e0 Eway, une passerelle de paiement globalement reconnue, am\u00e9liorant la capacit\u00e9 de votre entreprise \u00e0 recevoir les paiements rapidement et en toute s\u00e9curit\u00e9. Il offre une interface facile \u00e0 utiliser et des fonctionnalit\u00e9s diverses, permettant une configuration rapide et une gestion des paiements. Avec les paiements GetPaid Eway, vous pouvez rationaliser votre processus de paiement, r\u00e9duire les erreurs et \u00e9lever l&rsquo;exp\u00e9rience de paiement de votre client. Id\u00e9al pour les entreprises de toute taille, il assure des transactions s\u00fbres et fiables, fournissant une solution de paiement sans tracas.<\/p>\n<ul>\n<li>GetPaid Eway Payments est une passerelle de paiement en ligne fiable et efficace.<\/li>\n<li>Il permet aux entreprises d&rsquo;accepter toutes les principales cartes de cr\u00e9dit et cartes de d\u00e9bit.<\/li>\n<li>Il offre une int\u00e9gration transparente avec des plateformes de commerce \u00e9lectronique populaires pour des transactions en douceur.<\/li>\n<li>Fournit des fonctionnalit\u00e9s de s\u00e9curit\u00e9 de haut niveau pour prot\u00e9ger contre la fraude et les transactions non autoris\u00e9es.<\/li>\n<li>Prend en charge les paiements r\u00e9currents et les paiements d&rsquo;abonnement pour les op\u00e9rations commerciales pratiques.<\/li>\n<li>La plate-forme assure un traitement rapide des transactions pour une am\u00e9lioration des flux de tr\u00e9sorerie.<\/li>\n<li>Fonctionne des outils de rapports complets pour une gestion efficace et un suivi des paiements.<\/li>\n<li>Offre un support client 24h \/ 24 et 7j \/ 7 pour r\u00e9soudre rapidement tout probl\u00e8me ou pr\u00e9occupation.<\/li>\n<li>GetPaid Eway Payments est conforme aux normes PCI DSS, assurant des transactions s\u00fbres et s\u00e9curis\u00e9es.<\/li>\n<li>Facilite des remboursements faciles et rapides, en r\u00e9duisant les tracas pour les entreprises et les clients.<\/li>\n<li>Fournit une interface conviviale, ce qui facilite la gestion des paiements.<\/li>\n<\/ul>\n","protected":false},"excerpt":{"rendered":"<p>GetPaid Eway Payments se pr\u00e9sente comme un m\u00e9canisme de paiement num\u00e9rique remarquablement comp\u00e9tent et profond\u00e9ment s\u00e9curis\u00e9, m\u00e9ticuleusement construit pour g\u00e9rer vos transactions en ligne avec la plus grande fluidit\u00e9. Cet instrument puissant s&rsquo;aligne parfaitement avec Eway, une passerelle de paiement de renomm\u00e9e mondiale pour sa fiabilit\u00e9, augmentant ainsi les capacit\u00e9s de votre entreprise de recevoir des paiements de mani\u00e8re rapide et s\u00e9curis\u00e9e. La solution propose une interface conviviale remplie d&rsquo;un \u00e9ventail de fonctionnalit\u00e9s, permettant une configuration acc\u00e9l\u00e9r\u00e9e et une gestion efficace des paiements.<\/p>\n<p>Lorsque vous utilisez la puissance des paiements GetPaid Eway, vous vous \u00eates configur\u00e9 pour un processus de paiement optimis\u00e9. Cela conduit \u00e0 une r\u00e9duction des erreurs, am\u00e9liorant davantage l&rsquo;exp\u00e9rience de paiement que vos clients rencontrent. Il s&rsquo;av\u00e8re \u00eatre la solution parfaite pour les entreprises de toutes les amplitudes, garantissant des transactions non seulement s\u00fbres mais aussi fiables. Par cons\u00e9quent, il vous fournit une solution de paiement d\u00e9pourvue de complications, ce qui en fait un actif pr\u00e9cieux pour vos op\u00e9rations commerciales.<\/p>\n","protected":false},"featured_media":146791,"comment_status":"open","ping_status":"open","template":"","meta":[],"product_brand":[2560],"product_cat":[1182,1401,1181],"product_tag":[1828],"class_list":{"0":"post-137071","1":"product","2":"type-product","3":"status-publish","4":"has-post-thumbnail","6":"product_brand-ayecode","7":"product_cat-commerce-electronique-plugins","8":"product_cat-paiement-commerce-electronique-plugins","9":"product_cat-plugins","10":"product_tag-ayecode","11":"member-discount","12":"discount-restricted","14":"first","15":"instock","16":"sale","17":"downloadable","18":"virtual","19":"sold-individually","20":"purchasable","21":"product-type-simple"},"_links":{"self":[{"href":"https:\/\/gpl-love.com\/fr\/wp-json\/wp\/v2\/product\/137071","targetHints":{"allow":["GET"]}}],"collection":[{"href":"https:\/\/gpl-love.com\/fr\/wp-json\/wp\/v2\/product"}],"about":[{"href":"https:\/\/gpl-love.com\/fr\/wp-json\/wp\/v2\/types\/product"}],"replies":[{"embeddable":true,"href":"https:\/\/gpl-love.com\/fr\/wp-json\/wp\/v2\/comments?post=137071"}],"wp:featuredmedia":[{"embeddable":true,"href":"https:\/\/gpl-love.com\/fr\/wp-json\/wp\/v2\/media\/146791"}],"wp:attachment":[{"href":"https:\/\/gpl-love.com\/fr\/wp-json\/wp\/v2\/media?parent=137071"}],"wp:term":[{"taxonomy":"product_brand","embeddable":true,"href":"https:\/\/gpl-love.com\/fr\/wp-json\/wp\/v2\/product_brand?post=137071"},{"taxonomy":"product_cat","embeddable":true,"href":"https:\/\/gpl-love.com\/fr\/wp-json\/wp\/v2\/product_cat?post=137071"},{"taxonomy":"product_tag","embeddable":true,"href":"https:\/\/gpl-love.com\/fr\/wp-json\/wp\/v2\/product_tag?post=137071"}],"curies":[{"name":"wp","href":"https:\/\/api.w.org\/{rel}","templated":true}]}}