{"id":137067,"date":"2025-11-30T00:00:00","date_gmt":"2025-11-29T23:00:00","guid":{"rendered":"https:\/\/gpl-love.com\/fr\/produit\/getpaid-gocardless-payments\/"},"modified":"2026-03-20T23:59:26","modified_gmt":"2026-03-20T22:59:26","slug":"getpaid-gocardless-payments","status":"publish","type":"product","link":"https:\/\/gpl-love.com\/fr\/produit\/getpaid-gocardless-payments\/","title":{"rendered":"GetPaid GoCardless Payments 2.0.8"},"content":{"rendered":"<h3>GetPaid GoCardless Payments Traits<\/h3>\n<p>GetPaid GoCardless Payments est un puissant outil financier con\u00e7u pour rationaliser vos transactions mon\u00e9taires. Ce produit s&rsquo;int\u00e8gre parfaitement au logiciel GetPaid, permettant aux utilisateurs d&rsquo;accepter les paiements directement via GoCardless. Avec les capacit\u00e9s de d\u00e9bit directes, GetPaid GoCardless Payments fournit une plate-forme s\u00e9curis\u00e9e et fiable pour g\u00e9rer les paiements r\u00e9currents. Il simplifie le processus de paiement, permettant aux entreprises de se concentrer davantage sur leurs op\u00e9rations principales plut\u00f4t que sur les pr\u00e9occupations li\u00e9es au paiement. Il est \u00e9galement livr\u00e9 avec des mesures de s\u00e9curit\u00e9 robustes, prot\u00e9geant les donn\u00e9es de l&rsquo;utilisateur et du client contre les risques potentiels. Am\u00e9liorez vos op\u00e9rations financi\u00e8res avec GetPaid GoCardless Payments, une solution de paiement efficace, s\u00e9curis\u00e9e et conviviale.<\/p>\n<ul>\n<li>GetPaid GoCardless Payments est une solution financi\u00e8re efficace qui permet aux entreprises d&rsquo;accepter les paiements r\u00e9currents \u00e0 l&rsquo;\u00e9chelle mondiale.<\/li>\n<li>Le syst\u00e8me s&rsquo;int\u00e8gre \u00e0 la configuration actuelle des paiements et offre des frais de transaction inf\u00e9rieurs, am\u00e9liorant votre flux de tr\u00e9sorerie.<\/li>\n<li>Il est con\u00e7u avec des fonctionnalit\u00e9s conviviales, simplifiant le processus de configuration et de gestion des paiements.<\/li>\n<li>Le produit prend en charge diverses m\u00e9thodes de paiement comme le d\u00e9bit direct, les BAC, SEPA et les BEC, permettant la flexibilit\u00e9 des clients.<\/li>\n<li>Il offre une plate-forme s\u00e9curis\u00e9e adh\u00e9rant aux normes de s\u00e9curit\u00e9 les plus \u00e9lev\u00e9es, assurant la s\u00e9curit\u00e9 de vos transactions.<\/li>\n<li>GetPaid GoCardless Payments a une fonction de r\u00e9essayer automatique, r\u00e9duisant le risque d&rsquo;\u00e9chec des paiements.<\/li>\n<li>Il propose des outils de rapport et d&rsquo;analyse pour fournir des informations pr\u00e9cieuses sur vos transactions et vos performances commerciales.<\/li>\n<li>Le syst\u00e8me offre une int\u00e9gration transparente avec votre CRM, votre comptabilit\u00e9 et d&rsquo;autres syst\u00e8mes commerciaux existants pour des op\u00e9rations efficaces.<\/li>\n<li>Il est soutenu par un support client fiable, fournissant une assistance et des conseils chaque fois que cela est n\u00e9cessaire.<\/li>\n<\/ul>\n","protected":false},"excerpt":{"rendered":"<p>GetPaid GoCardless Payments est un produit innovant tr\u00e8s sophistiqu\u00e9 con\u00e7u pour int\u00e9grer de mani\u00e8re transparente le processus de transactions financi\u00e8res dans ses op\u00e9rations commerciales quotidiennes. Ce produit remarquable est propuls\u00e9 par GoCardless, un fournisseur de services financiers estim\u00e9 connu pour son efficacit\u00e9 dans la gestion des paiements de d\u00e9bit directs. En utilisant des paiements GetPaid GoCardless, les entreprises ont la possibilit\u00e9 sans pr\u00e9c\u00e9dent d&rsquo;automatiser leurs processus de collecte et de r\u00e9conciliation de paiement. La fonctionnalit\u00e9 du produit s&rsquo;\u00e9tend \u00e0 un large \u00e9ventail de devises, permettant ainsi aux entreprises de transformer avec les clients du monde entier. En outre, l&rsquo;application de la technologie de paiement intelligent assure un \u00e9chec de paiement minimal, optimisant ainsi les flux de tr\u00e9sorerie et r\u00e9duisant l&rsquo;effort administratif. Avec une interface facile \u00e0 naviguer et des fonctionnalit\u00e9s personnalisables, GetPaid GoCardless Payments s&rsquo;av\u00e8re en effet \u00eatre un outil essentiel, qui a la capacit\u00e9 de r\u00e9volutionner le syst\u00e8me de gestion financi\u00e8re d&rsquo;une entreprise. Ses mesures de s\u00e9curit\u00e9 robustes fonctionnent avec diligence pour prot\u00e9ger les donn\u00e9es et les transactions sensibles, garantissant que les activit\u00e9s financi\u00e8res de votre entreprise sont toujours s\u00e9curis\u00e9es et conformes. En choisissant GetPaid GoCardless Payments, les entreprises n&rsquo;optent pas simplement pour un produit; Ils investissent dans un partenaire fiable qui travaillerait en permanence \u00e0 rationaliser leurs op\u00e9rations financi\u00e8res et \u00e0 contribuer \u00e0 leur croissance globale et \u00e0 leur succ\u00e8s.<\/p>\n","protected":false},"featured_media":146789,"comment_status":"open","ping_status":"open","template":"","meta":[],"product_brand":[2560],"product_cat":[1182,1401,1181],"product_tag":[1828],"class_list":{"0":"post-137067","1":"product","2":"type-product","3":"status-publish","4":"has-post-thumbnail","6":"product_brand-ayecode","7":"product_cat-commerce-electronique-plugins","8":"product_cat-paiement-commerce-electronique-plugins","9":"product_cat-plugins","10":"product_tag-ayecode","11":"member-discount","12":"discount-restricted","14":"first","15":"instock","16":"sale","17":"downloadable","18":"virtual","19":"sold-individually","20":"purchasable","21":"product-type-simple"},"_links":{"self":[{"href":"https:\/\/gpl-love.com\/fr\/wp-json\/wp\/v2\/product\/137067","targetHints":{"allow":["GET"]}}],"collection":[{"href":"https:\/\/gpl-love.com\/fr\/wp-json\/wp\/v2\/product"}],"about":[{"href":"https:\/\/gpl-love.com\/fr\/wp-json\/wp\/v2\/types\/product"}],"replies":[{"embeddable":true,"href":"https:\/\/gpl-love.com\/fr\/wp-json\/wp\/v2\/comments?post=137067"}],"wp:featuredmedia":[{"embeddable":true,"href":"https:\/\/gpl-love.com\/fr\/wp-json\/wp\/v2\/media\/146789"}],"wp:attachment":[{"href":"https:\/\/gpl-love.com\/fr\/wp-json\/wp\/v2\/media?parent=137067"}],"wp:term":[{"taxonomy":"product_brand","embeddable":true,"href":"https:\/\/gpl-love.com\/fr\/wp-json\/wp\/v2\/product_brand?post=137067"},{"taxonomy":"product_cat","embeddable":true,"href":"https:\/\/gpl-love.com\/fr\/wp-json\/wp\/v2\/product_cat?post=137067"},{"taxonomy":"product_tag","embeddable":true,"href":"https:\/\/gpl-love.com\/fr\/wp-json\/wp\/v2\/product_tag?post=137067"}],"curies":[{"name":"wp","href":"https:\/\/api.w.org\/{rel}","templated":true}]}}