{"id":137065,"date":"2024-01-09T00:00:00","date_gmt":"2024-01-08T23:00:00","guid":{"rendered":"https:\/\/gpl-love.com\/fr\/produit\/getpaid-gravity-forms\/"},"modified":"2026-03-20T23:59:26","modified_gmt":"2026-03-20T22:59:26","slug":"getpaid-gravity-forms","status":"publish","type":"product","link":"https:\/\/gpl-love.com\/fr\/produit\/getpaid-gravity-forms\/","title":{"rendered":"GetPaid Gravity Forms 2.0.5"},"content":{"rendered":"<h3>GetPaid Gravity Forms Traits<\/h3>\n<p>GetPaid Gravity Forms est un plugin innovant et convivial con\u00e7u pour am\u00e9liorer la fonctionnalit\u00e9 de votre site Web. Cet outil puissant s&rsquo;int\u00e8gre de mani\u00e8re transparente au plugin des formulaires Gravity, vous permettant de cr\u00e9er des champs de formulaire personnalis\u00e9s pour accepter divers types de paiements. Avec ses fonctionnalit\u00e9s robustes, vous pouvez configurer des paiements, des abonnements ou des dons uniquement \u00e0 partir de vos formulaires. Le plugin GetPaid Gravity Forms est \u00e9galement livr\u00e9 avec des rapports et des analyses avanc\u00e9s pour suivre les performances de votre formulaire et g\u00e9rer facilement vos transactions. Ce plugin est parfait pour les entreprises qui cherchent \u00e0 simplifier leur processus de paiement et \u00e0 augmenter les taux de conversion. GetPaid Gravity Forms assure un processus de transaction fluide, s\u00e9curis\u00e9 et efficace pour vos clients, ce qui en fait un ajout essentiel \u00e0 votre site Web d&rsquo;entreprise.<\/p>\n<ul>\n<li>GetPaid Gravity Forms est un plugin con\u00e7u pour am\u00e9liorer la fonctionnalit\u00e9 et la polyvalence de votre site Web.<\/li>\n<li>Il s&rsquo;int\u00e8gre de mani\u00e8re transparente aux formes de gravit\u00e9, un constructeur de formulaires WordPress tr\u00e8s populaire, vous permettant de cr\u00e9er une large gamme de formes personnalis\u00e9es.<\/li>\n<li>Avec les formulaires GetPaid Gravity, vous pouvez cr\u00e9er et g\u00e9rer des formulaires de paiement, des formulaires d&rsquo;abonnement, des formulaires de don, etc.<\/li>\n<li>Ce plugin prend en charge une vari\u00e9t\u00e9 de passerelles de paiement, notamment PayPal, Stripe et Square, assurant une transaction s\u00e9curis\u00e9e et fluide pour vos clients.<\/li>\n<li>Il propose des fonctionnalit\u00e9s avanc\u00e9es telles que la planification des formulaires, l&rsquo;enregistrement des utilisateurs, la logique conditionnelle, les formulaires de plusieurs pages et les t\u00e9l\u00e9chargements de fichiers.<\/li>\n<li>GetPaid Gravity Forms est livr\u00e9 avec des mesures anti-spam int\u00e9gr\u00e9es, telles que Google Recaptcha, pour garantir que vos formulaires sont s\u00fbrs des activit\u00e9s frauduleuses.<\/li>\n<li>Le plugin est enti\u00e8rement r\u00e9actif, garantissant que vos formulaires auront fi\u00e8re allure et fonctionneront parfaitement sur tous les appareils.<\/li>\n<li>Il fournit \u00e9galement une gestion d\u00e9taill\u00e9e des entr\u00e9es, vous permettant de visualiser, d&rsquo;\u00e9diter et de g\u00e9rer toutes les soumissions de formulaires en un seul endroit.<\/li>\n<li>GetPaid Gravity Forms est facile \u00e0 utiliser, avec une interface conviviale et une documentation \u00e9tendue, ce qui le rend adapt\u00e9 aux d\u00e9butants et aux d\u00e9veloppeurs exp\u00e9riment\u00e9s.<\/li>\n<li>Ce plugin fournit \u00e9galement des rapports et des analyses approfondis pour vous aider \u00e0 surveiller les performances de vos formulaires et \u00e0 prendre des d\u00e9cisions bas\u00e9es sur les donn\u00e9es.<\/li>\n<\/ul>\n","protected":false},"excerpt":{"rendered":"<p>GetPaid Gravity Forms est un plugin logiciel extr\u00eamement innovant et tr\u00e8s d\u00e9velopp\u00e9 qui \u00e9tend consid\u00e9rablement vos capacit\u00e9s pour cr\u00e9er et g\u00e9rer sans effort sans effort des formulaires sur votre site WordPress. Cette solution ing\u00e9nieuse a \u00e9t\u00e9 magistralement con\u00e7ue pour fournir une exp\u00e9rience utilisateur exceptionnelle, o\u00f9 la flexibilit\u00e9 et la convivialit\u00e9 sont primordiales. Avec une int\u00e9gration transparente dans WordPress, GetPaid Gravity Forms offre une multitude de fonctionnalit\u00e9s avanc\u00e9es qui sont impressionnantes \u00e0 utiliser, permettant la cr\u00e9ation d&rsquo;une vaste gamme de formes, des formulaires de contact simples aux enqu\u00eates complexes de plusieurs pages. Avec son interface intuitive et ses outils puissants, il permet aux utilisateurs de cr\u00e9er, d&rsquo;\u00e9diter et de g\u00e9rer des formulaires avec un niveau de simplicit\u00e9 sans pr\u00e9c\u00e9dent. De plus, ce plugin extraordinaire est \u00e9galement \u00e9quip\u00e9 de la possibilit\u00e9 de g\u00e9rer les paiements, ce qui en fait l&rsquo;outil ultime pour les entreprises qui visent \u00e0 g\u00e9rer les transactions via leur site Web. Par cons\u00e9quent, que vous soyez un professionnel chevronn\u00e9 ou un novice qui entre dans le monde de WordPress, GetPaid Gravity Forms est un plugin incontournable qui est s\u00fbr de transformer votre site Web en un outil puissant d&rsquo;engagement et d&rsquo;interaction, tout en faisant des transactions un jeu d&rsquo;enfant. La valeur que ce plugin de logiciel remarquable apporte \u00e0 votre site, que ce soit pour une utilisation personnelle ou professionnelle, est vraiment sans pr\u00e9c\u00e9dent.<\/p>\n","protected":false},"featured_media":146788,"comment_status":"open","ping_status":"open","template":"","meta":[],"product_brand":[2560],"product_cat":[1182,1401,1181],"product_tag":[1828],"class_list":{"0":"post-137065","1":"product","2":"type-product","3":"status-publish","4":"has-post-thumbnail","6":"product_brand-ayecode","7":"product_cat-commerce-electronique-plugins","8":"product_cat-paiement-commerce-electronique-plugins","9":"product_cat-plugins","10":"product_tag-ayecode","11":"member-discount","12":"discount-restricted","14":"first","15":"instock","16":"sale","17":"downloadable","18":"virtual","19":"sold-individually","20":"purchasable","21":"product-type-simple"},"_links":{"self":[{"href":"https:\/\/gpl-love.com\/fr\/wp-json\/wp\/v2\/product\/137065","targetHints":{"allow":["GET"]}}],"collection":[{"href":"https:\/\/gpl-love.com\/fr\/wp-json\/wp\/v2\/product"}],"about":[{"href":"https:\/\/gpl-love.com\/fr\/wp-json\/wp\/v2\/types\/product"}],"replies":[{"embeddable":true,"href":"https:\/\/gpl-love.com\/fr\/wp-json\/wp\/v2\/comments?post=137065"}],"wp:featuredmedia":[{"embeddable":true,"href":"https:\/\/gpl-love.com\/fr\/wp-json\/wp\/v2\/media\/146788"}],"wp:attachment":[{"href":"https:\/\/gpl-love.com\/fr\/wp-json\/wp\/v2\/media?parent=137065"}],"wp:term":[{"taxonomy":"product_brand","embeddable":true,"href":"https:\/\/gpl-love.com\/fr\/wp-json\/wp\/v2\/product_brand?post=137065"},{"taxonomy":"product_cat","embeddable":true,"href":"https:\/\/gpl-love.com\/fr\/wp-json\/wp\/v2\/product_cat?post=137065"},{"taxonomy":"product_tag","embeddable":true,"href":"https:\/\/gpl-love.com\/fr\/wp-json\/wp\/v2\/product_tag?post=137065"}],"curies":[{"name":"wp","href":"https:\/\/api.w.org\/{rel}","templated":true}]}}