{"id":137063,"date":"2024-06-13T00:00:00","date_gmt":"2024-06-12T22:00:00","guid":{"rendered":"https:\/\/gpl-love.com\/fr\/produit\/getpaid-mollie-payments\/"},"modified":"2026-03-20T23:59:25","modified_gmt":"2026-03-20T22:59:25","slug":"getpaid-mollie-payments","status":"publish","type":"product","link":"https:\/\/gpl-love.com\/fr\/produit\/getpaid-mollie-payments\/","title":{"rendered":"GetPaid Mollie Payments 2.0.4"},"content":{"rendered":"<h3>GetPaid Mollie Payments Traits<\/h3>\n<p>GetPaid Mollie Payments est une puissante solution financi\u00e8re en ligne qui simplifie le processus de paiement pour les entreprises. Ce produit s&rsquo;int\u00e8gre parfaitement \u00e0 votre plateforme d&rsquo;entreprise, vous permettant d&rsquo;accepter les paiements de divers canaux, notamment les cartes de cr\u00e9dit, PayPal et les transferts bancaires. En utilisant les paiements GetPaid Mollie, vous pouvez rationaliser vos processus de paiement, r\u00e9duire les erreurs de transaction et am\u00e9liorer l&rsquo;exp\u00e9rience de paiement de vos clients. Il est \u00e9galement livr\u00e9 avec des mesures de s\u00e9curit\u00e9 robustes, assurant des transactions s\u00fbres et s\u00e9curis\u00e9es. Que vous dirigeiez une petite entreprise ou une grande entreprise, GetPaid Mollie Payments est une solution de paiement fiable, efficace et conviviale.<\/p>\n<ul>\n<li>GetPaid Mollie Payments est une solution de paiement efficace et fiable con\u00e7ue pour les entreprises en ligne.<\/li>\n<li>Il prend en charge plusieurs m\u00e9thodes de paiement, notamment les cartes de cr\u00e9dit, PayPal, Apple Pay et les transferts bancaires, facilitant les transactions pour les clients dans le monde.<\/li>\n<li>S&rsquo;int\u00e8gre de mani\u00e8re transparente \u00e0 votre site Web ou votre boutique en ligne, offrant une exp\u00e9rience de paiement fluide \u00e0 vos clients.<\/li>\n<li>Offre de solides mesures de s\u00e9curit\u00e9, garantissant que toutes les transactions sont prot\u00e9g\u00e9es et les informations de vos clients sont s\u00fbres.<\/li>\n<li>Fournit une confirmation de paiement en temps r\u00e9el, assurant un traitement rapide et efficace de toutes les transactions.<\/li>\n<li>Livr\u00e9 avec une interface conviviale, permettant une configuration et une gestion faciles des paiements.<\/li>\n<li>Offre un mod\u00e8le de tarification transparent sans frais cach\u00e9s, ce qui en fait une solution rentable pour votre entreprise.<\/li>\n<li>Compatible avec plusieurs devises, ce qui le rend id\u00e9al pour les entreprises qui cherchent \u00e0 se d\u00e9velopper \u00e0 l&rsquo;international.<\/li>\n<li>Fournit des rapports et des analyses d\u00e9taill\u00e9s, vous aidant \u00e0 mieux suivre et g\u00e9rer mieux vos paiements.<\/li>\n<\/ul>\n","protected":false},"excerpt":{"rendered":"<p>Les paiements Mollie de GetPaid sont une solution de paiement num\u00e9rique tr\u00e8s sophistiqu\u00e9 qui offre une passerelle transparente et s\u00e9curis\u00e9e pour les transactions en ligne. Ce produit r\u00e9volutionnaire a \u00e9t\u00e9 m\u00e9ticuleusement con\u00e7u et d\u00e9velopp\u00e9 par les assistants technologiques de GetPaid, dans le seul but de r\u00e9volutionner la fa\u00e7on dont les entreprises g\u00e8rent leurs transactions num\u00e9riques. Les paiements Mollie, dans le cadre de la suite louable de solutions financi\u00e8res en ligne de GetPaid, t\u00e9moigne du fait que la technologie peut en effet simplifier des processus complexes, tels que les paiements en ligne, les rendant plus efficaces, fiables et s\u00e9curis\u00e9s pour les deux entreprises et leurs clients. Il s&rsquo;agit d&rsquo;un outil qui a \u00e9t\u00e9 con\u00e7u avec une compr\u00e9hension approfondie des subtilit\u00e9s du commerce en ligne, des d\u00e9fis auxquels sont confront\u00e9s les entreprises dans la gestion des paiements en ligne et la n\u00e9cessit\u00e9 d&rsquo;assurer la s\u00e9curit\u00e9 absolue des informations financi\u00e8res. Avec Mollie Payments, GetPaid a rendu incroyablement facile pour les entreprises, quelle que soit leur taille ou leur nature, pour g\u00e9rer les transactions en ligne, contribuant ainsi \u00e0 leur croissance et \u00e0 leur rentabilit\u00e9. Ce n&rsquo;est pas seulement un produit, mais une solution de paiement compl\u00e8te qui \u00e9pouse la commodit\u00e9 et la s\u00e9curit\u00e9, garantissant que les entreprises peuvent se concentrer sur ce qu&rsquo;elles font le mieux, tandis qu&rsquo;elle s&rsquo;occupe des transactions en ligne de la mani\u00e8re la plus sophistiqu\u00e9e et la plus fiable.<\/p>\n","protected":false},"featured_media":146787,"comment_status":"open","ping_status":"open","template":"","meta":[],"product_brand":[2560],"product_cat":[1182,1401,1181],"product_tag":[1828],"class_list":{"0":"post-137063","1":"product","2":"type-product","3":"status-publish","4":"has-post-thumbnail","6":"product_brand-ayecode","7":"product_cat-commerce-electronique-plugins","8":"product_cat-paiement-commerce-electronique-plugins","9":"product_cat-plugins","10":"product_tag-ayecode","11":"member-discount","12":"discount-restricted","14":"first","15":"instock","16":"sale","17":"downloadable","18":"virtual","19":"sold-individually","20":"purchasable","21":"product-type-simple"},"_links":{"self":[{"href":"https:\/\/gpl-love.com\/fr\/wp-json\/wp\/v2\/product\/137063","targetHints":{"allow":["GET"]}}],"collection":[{"href":"https:\/\/gpl-love.com\/fr\/wp-json\/wp\/v2\/product"}],"about":[{"href":"https:\/\/gpl-love.com\/fr\/wp-json\/wp\/v2\/types\/product"}],"replies":[{"embeddable":true,"href":"https:\/\/gpl-love.com\/fr\/wp-json\/wp\/v2\/comments?post=137063"}],"wp:featuredmedia":[{"embeddable":true,"href":"https:\/\/gpl-love.com\/fr\/wp-json\/wp\/v2\/media\/146787"}],"wp:attachment":[{"href":"https:\/\/gpl-love.com\/fr\/wp-json\/wp\/v2\/media?parent=137063"}],"wp:term":[{"taxonomy":"product_brand","embeddable":true,"href":"https:\/\/gpl-love.com\/fr\/wp-json\/wp\/v2\/product_brand?post=137063"},{"taxonomy":"product_cat","embeddable":true,"href":"https:\/\/gpl-love.com\/fr\/wp-json\/wp\/v2\/product_cat?post=137063"},{"taxonomy":"product_tag","embeddable":true,"href":"https:\/\/gpl-love.com\/fr\/wp-json\/wp\/v2\/product_tag?post=137063"}],"curies":[{"name":"wp","href":"https:\/\/api.w.org\/{rel}","templated":true}]}}