{"id":137059,"date":"2024-01-09T00:00:00","date_gmt":"2024-01-08T23:00:00","guid":{"rendered":"https:\/\/gpl-love.com\/fr\/produit\/getpaid-payfast-payments\/"},"modified":"2026-03-20T23:59:23","modified_gmt":"2026-03-20T22:59:23","slug":"getpaid-payfast-payments","status":"publish","type":"product","link":"https:\/\/gpl-love.com\/fr\/produit\/getpaid-payfast-payments\/","title":{"rendered":"GetPaid PayFast Payments 2.0.1"},"content":{"rendered":"<h3>GetPaid PayFast Payments Traits<\/h3>\n<p>GetPaid PayFast Payments est une solution de paiement dynamique et efficace parfaite pour les entreprises de toutes tailles. Ce syst\u00e8me innovant permet des transactions rapides, s\u00e9curis\u00e9es et sans effort, assurant des flux de tr\u00e9sorerie lisses et ininterrompus. GetPaid Payfast Payments prend en charge un large \u00e9ventail de m\u00e9thodes de paiement, offrant une flexibilit\u00e9 et une commodit\u00e9 \u00e0 vos clients. Le syst\u00e8me est con\u00e7u avec des fonctionnalit\u00e9s de s\u00e9curit\u00e9 avanc\u00e9es pour prot\u00e9ger contre la fraude et les transactions non autoris\u00e9es, offrant une tranquillit\u00e9 d&rsquo;esprit aux propri\u00e9taires d&rsquo;entreprise et aux clients. Avec son int\u00e9gration transparente, son interface conviviale et son excellent support client, GetPaid PayFast Payments est l&rsquo;outil ultime pour g\u00e9rer toutes vos transactions commerciales.<\/p>\n<ul>\n<li>GetPaid PayFast Payments est une solution de paiement avanc\u00e9e con\u00e7ue pour les entreprises de toutes tailles.<\/li>\n<li>Offre une int\u00e9gration transparente avec de nombreuses plates-formes de commerce \u00e9lectronique, offrant une interface facile \u00e0 utiliser.<\/li>\n<li>Prend en charge un large \u00e9ventail de m\u00e9thodes de paiement, y compris les cartes de cr\u00e9dit \/ d\u00e9bit, l&rsquo;EFT et m\u00eame le bitcoin.<\/li>\n<li>Dispose d&rsquo;un syst\u00e8me de s\u00e9curit\u00e9 robuste pour assurer des transactions s\u00e9curis\u00e9es et prot\u00e9ger les donn\u00e9es des clients.<\/li>\n<li>Fournit un suivi des transactions en temps r\u00e9el et des rapports d\u00e9taill\u00e9s pour une gestion financi\u00e8re optimale.<\/li>\n<li>Permet des paiements rapides et fiables avec un d\u00e9gagement imm\u00e9diat de fonds.<\/li>\n<li>Offre un support client complet pour aider les utilisateurs \u00e0 surmonter tous les probl\u00e8mes ou pr\u00e9occupations.<\/li>\n<li>Abordable, avec des options de tarification \u00e9volutives adapt\u00e9es aux petites entreprises et aux grandes entreprises.<\/li>\n<li>Les paiements GetPaid PayFast sont enti\u00e8rement optimis\u00e9s par les mobiles, permettant aux clients et aux entreprises de effectuer et de recevoir des paiements en d\u00e9placement.<\/li>\n<\/ul>\n","protected":false},"excerpt":{"rendered":"<p>Le service de paiement GetPaid Payfast est une solution inad\u00e9quate et r\u00e9volutionnaire pour vos transactions financi\u00e8res, sp\u00e9cialement con\u00e7ue en pensant \u00e0 la facilit\u00e9 et \u00e0 la commodit\u00e9 de l&rsquo;utilisateur. Il s&rsquo;agit d&rsquo;une plate-forme num\u00e9rique innovante qui vous permet non seulement de effectuer des paiements rapides, mais assure \u00e9galement un niveau de s\u00e9curit\u00e9 \u00e9lev\u00e9, ce qui le rend sensiblement sup\u00e9rieur aux m\u00e9thodes traditionnelles de transfert d&rsquo;argent. Avec une interface incroyablement conviviale, ce service vous rend sans effort simple pour g\u00e9rer vos paiements, \u00e9liminant ainsi le stress et les tracas qui sont g\u00e9n\u00e9ralement livr\u00e9s avec la gestion des transactions mon\u00e9taires. En outre, le service de paiement GetPaid Payfast est extraordinairement flexible et polyvalent, capable de r\u00e9pondre \u00e0 un large \u00e9ventail d&rsquo;exigences, que ce soit pour un usage personnel ou \u00e0 des fins commerciales. Il s&rsquo;int\u00e8gre brillamment dans votre vie quotidienne, r\u00e9volutionnant la fa\u00e7on dont vous traitez de l&rsquo;argent et vous conduisant finalement \u00e0 une mani\u00e8re plus efficace et plus rationalis\u00e9e de g\u00e9rer vos finances. Le service de paiement GetPaid Payfast est sans aucun doute un change de jeu, vous rapprochant d&rsquo;un avenir o\u00f9 toutes vos transactions financi\u00e8res sont aussi rapides, que s\u00e9curis\u00e9es et aussi faciles que la touche d&rsquo;un bouton.<\/p>\n","protected":false},"featured_media":146785,"comment_status":"open","ping_status":"open","template":"","meta":[],"product_brand":[2560],"product_cat":[1182,1401,1181],"product_tag":[1828],"class_list":{"0":"post-137059","1":"product","2":"type-product","3":"status-publish","4":"has-post-thumbnail","6":"product_brand-ayecode","7":"product_cat-commerce-electronique-plugins","8":"product_cat-paiement-commerce-electronique-plugins","9":"product_cat-plugins","10":"product_tag-ayecode","11":"member-discount","12":"discount-restricted","14":"first","15":"instock","16":"sale","17":"downloadable","18":"virtual","19":"sold-individually","20":"purchasable","21":"product-type-simple"},"_links":{"self":[{"href":"https:\/\/gpl-love.com\/fr\/wp-json\/wp\/v2\/product\/137059","targetHints":{"allow":["GET"]}}],"collection":[{"href":"https:\/\/gpl-love.com\/fr\/wp-json\/wp\/v2\/product"}],"about":[{"href":"https:\/\/gpl-love.com\/fr\/wp-json\/wp\/v2\/types\/product"}],"replies":[{"embeddable":true,"href":"https:\/\/gpl-love.com\/fr\/wp-json\/wp\/v2\/comments?post=137059"}],"wp:featuredmedia":[{"embeddable":true,"href":"https:\/\/gpl-love.com\/fr\/wp-json\/wp\/v2\/media\/146785"}],"wp:attachment":[{"href":"https:\/\/gpl-love.com\/fr\/wp-json\/wp\/v2\/media?parent=137059"}],"wp:term":[{"taxonomy":"product_brand","embeddable":true,"href":"https:\/\/gpl-love.com\/fr\/wp-json\/wp\/v2\/product_brand?post=137059"},{"taxonomy":"product_cat","embeddable":true,"href":"https:\/\/gpl-love.com\/fr\/wp-json\/wp\/v2\/product_cat?post=137059"},{"taxonomy":"product_tag","embeddable":true,"href":"https:\/\/gpl-love.com\/fr\/wp-json\/wp\/v2\/product_tag?post=137059"}],"curies":[{"name":"wp","href":"https:\/\/api.w.org\/{rel}","templated":true}]}}