{"id":137057,"date":"2024-01-09T00:00:00","date_gmt":"2024-01-08T23:00:00","guid":{"rendered":"https:\/\/gpl-love.com\/fr\/produit\/getpaid-paypal-payflow-payments\/"},"modified":"2026-03-20T23:59:22","modified_gmt":"2026-03-20T22:59:22","slug":"getpaid-paypal-payflow-payments","status":"publish","type":"product","link":"https:\/\/gpl-love.com\/fr\/produit\/getpaid-paypal-payflow-payments\/","title":{"rendered":"GetPaid PayPal PayFlow Payments 2.0.1"},"content":{"rendered":"<h3>GetPaid PayPal PayFlow Payments Traits<\/h3>\n<p>GetPaid PayPal Payflow Payments est une solution de traitement de paiement sup\u00e9rieure con\u00e7ue pour rationaliser vos transactions commerciales en ligne. Ce service s\u00e9curis\u00e9 et fiable vous permet de traiter de mani\u00e8re transparente les paiements directement \u00e0 partir de votre site Web ou de votre boutique en ligne. Il prend en charge toutes les principales cartes de cr\u00e9dit, cartes de d\u00e9bit et comptes PayPal. Avec ses fonctionnalit\u00e9s robustes telles que la protection avanc\u00e9e de la fraude, la facturation r\u00e9currente et les rapports de transactions d\u00e9taill\u00e9s, les paiements de d\u00e9bit de paie PayPal GetPaid garantissent une s\u00e9curit\u00e9 de haut niveau et des op\u00e9rations plus lisses pour votre entreprise. Son interface conviviale et son int\u00e9gration facile avec divers paniers d&rsquo;achat et plates-formes de commerce \u00e9lectronique en font un choix de premier plan pour les entreprises de toutes tailles. Commencez \u00e0 utiliser les paiements GetPaid PayPal Payflow d\u00e8s aujourd&rsquo;hui et optimisez vos processus de transaction en ligne!<\/p>\n<ul>\n<li>Une solution de paiement compl\u00e8te qui s&rsquo;int\u00e8gre parfaitement aux syst\u00e8mes PayPal et Payflow.<\/li>\n<li>Offre une plate-forme s\u00e9curis\u00e9e et fiable pour g\u00e9rer et traiter toutes vos transactions en ligne.<\/li>\n<li>Facilite une configuration facile pour permettre des transactions Swift avec les clients via PayPal et Payflow.<\/li>\n<li>Autorise les entreprises \u00e0 recevoir des paiements dans une vari\u00e9t\u00e9 de devises du monde entier.<\/li>\n<li>Fournit des rapports et des analyses d\u00e9taill\u00e9s pour suivre et surveiller efficacement vos transactions.<\/li>\n<li>Fonctionne des mesures de s\u00e9curit\u00e9 avanc\u00e9es pour prot\u00e9ger les informations de paiement sensibles et pr\u00e9venir la fraude.<\/li>\n<li>Assure une exp\u00e9rience de paiement client fluide avec son interface conviviale.<\/li>\n<li>Permet le traitement automatique des paiements pour r\u00e9duire l&rsquo;intervention manuelle et augmenter l&rsquo;efficacit\u00e9.<\/li>\n<li>Compatible avec diverses plateformes de commerce \u00e9lectronique, ce qui en fait un choix polyvalent pour les entreprises en ligne.<\/li>\n<li>Fournit un support client pour les probl\u00e8mes techniques et les requ\u00eates de paiement.<\/li>\n<\/ul>\n","protected":false},"excerpt":{"rendered":"<p>GetPaid PayPal Payflow Payments est une solution de passerelle de paiement innovante et fiable qui s&rsquo;int\u00e8gre de mani\u00e8re transparente aux processus financiers existants de votre entreprise. Ce syst\u00e8me robuste est con\u00e7u pour faciliter les transactions en ligne s\u00fbres et s\u00e9curis\u00e9es, offrant un niveau d&rsquo;assurance \u00e0 vous et \u00e0 vos clients. En utilisant les mesures de technologie de pointe et de s\u00e9curit\u00e9 inh\u00e9rentes aux paiements de d\u00e9bit de paie GetPaid PayPal, votre entreprise peut g\u00e9rer et traiter sans effort les paiements \u00e9lectroniques, am\u00e9liorant ainsi l&rsquo;efficacit\u00e9 op\u00e9rationnelle, renfor\u00e7ant la confiance des clients et stimulant la croissance des revenus. Le syst\u00e8me est facile \u00e0 configurer et simple \u00e0 utiliser, garantissant que vous pouvez rapidement commencer \u00e0 offrir une gamme plus large d&rsquo;options de paiement. De plus, il offre une gamme exceptionnelle de fonctionnalit\u00e9s, notamment la facturation r\u00e9currente, la protection contre la fraude et les rapports d\u00e9taill\u00e9s, tous con\u00e7us pour rationaliser vos transactions et vous donner un plus grand contr\u00f4le sur vos op\u00e9rations financi\u00e8res. Avec les paiements GetPaid PayPal Payflow, votre entreprise est autoris\u00e9e \u00e0 atteindre de nouveaux sommets dans le commerce num\u00e9rique.<\/p>\n","protected":false},"featured_media":146784,"comment_status":"open","ping_status":"open","template":"","meta":[],"product_brand":[2560],"product_cat":[1182,1401,1181],"product_tag":[1828],"class_list":{"0":"post-137057","1":"product","2":"type-product","3":"status-publish","4":"has-post-thumbnail","6":"product_brand-ayecode","7":"product_cat-commerce-electronique-plugins","8":"product_cat-paiement-commerce-electronique-plugins","9":"product_cat-plugins","10":"product_tag-ayecode","11":"member-discount","12":"discount-restricted","14":"first","15":"instock","16":"sale","17":"downloadable","18":"virtual","19":"sold-individually","20":"purchasable","21":"product-type-simple"},"_links":{"self":[{"href":"https:\/\/gpl-love.com\/fr\/wp-json\/wp\/v2\/product\/137057","targetHints":{"allow":["GET"]}}],"collection":[{"href":"https:\/\/gpl-love.com\/fr\/wp-json\/wp\/v2\/product"}],"about":[{"href":"https:\/\/gpl-love.com\/fr\/wp-json\/wp\/v2\/types\/product"}],"replies":[{"embeddable":true,"href":"https:\/\/gpl-love.com\/fr\/wp-json\/wp\/v2\/comments?post=137057"}],"wp:featuredmedia":[{"embeddable":true,"href":"https:\/\/gpl-love.com\/fr\/wp-json\/wp\/v2\/media\/146784"}],"wp:attachment":[{"href":"https:\/\/gpl-love.com\/fr\/wp-json\/wp\/v2\/media?parent=137057"}],"wp:term":[{"taxonomy":"product_brand","embeddable":true,"href":"https:\/\/gpl-love.com\/fr\/wp-json\/wp\/v2\/product_brand?post=137057"},{"taxonomy":"product_cat","embeddable":true,"href":"https:\/\/gpl-love.com\/fr\/wp-json\/wp\/v2\/product_cat?post=137057"},{"taxonomy":"product_tag","embeddable":true,"href":"https:\/\/gpl-love.com\/fr\/wp-json\/wp\/v2\/product_tag?post=137057"}],"curies":[{"name":"wp","href":"https:\/\/api.w.org\/{rel}","templated":true}]}}