{"id":137055,"date":"2024-01-09T00:00:00","date_gmt":"2024-01-08T23:00:00","guid":{"rendered":"https:\/\/gpl-love.com\/fr\/produit\/getpaid-paypal-pro-payments\/"},"modified":"2026-03-20T23:59:21","modified_gmt":"2026-03-20T22:59:21","slug":"getpaid-paypal-pro-payments","status":"publish","type":"product","link":"https:\/\/gpl-love.com\/fr\/produit\/getpaid-paypal-pro-payments\/","title":{"rendered":"GetPaid Paypal Pro Payments 2.0.0"},"content":{"rendered":"<h3>GetPaid Paypal Pro Payments Traits<\/h3>\n<p>GetPaid PayPal Pro Payments est une solution de paiement rationalis\u00e9e et s\u00e9curis\u00e9e con\u00e7ue pour am\u00e9liorer les transactions de commerce \u00e9lectronique. Ce produit s&rsquo;int\u00e8gre parfaitement \u00e0 votre plate-forme en ligne, fournissant un syst\u00e8me de paiement efficace qui accepte toutes les principales cartes de cr\u00e9dit et comptes PayPal. Avec GetPaid PayPal Pro Payments, les transactions sont simples, rapides et s\u00e9curis\u00e9es avec la technologie de chiffrement de premier ordre pour la protection des donn\u00e9es. Les clients n&rsquo;ont pas besoin d&rsquo;un compte PayPal pour effectuer un paiement, leur offrant plus de flexibilit\u00e9 et de commodit\u00e9. Profitez d&rsquo;une protection avanc\u00e9e de fraude, d&rsquo;une configuration facile et d&rsquo;une option personnalisable qui r\u00e9pond aux besoins de votre entreprise. Am\u00e9liorez vos op\u00e9rations commerciales en ligne avec les paiements fiables et conviviaux GetPaid PayPal Pro.<\/p>\n<ul>\n<li>Un outil de traitement des paiements avanc\u00e9 appel\u00e9 GetPaid PayPal Pro Payments.<\/li>\n<li>Permet aux entreprises, aux sites de commerce \u00e9lectronique et aux particuliers d&rsquo;accepter et de traiter en toute s\u00e9curit\u00e9 les paiements PayPal.<\/li>\n<li>Int\u00e9gr\u00e9 \u00e0 l&rsquo;interface PayPal Pro puissante et populaire pour assurer des transactions en douceur.<\/li>\n<li>Convient aux entreprises \u00e0 petite \u00e9chelle et \u00e0 grande \u00e9chelle.<\/li>\n<li>L&rsquo;outil garantit des transactions rapides, sans tracas et s\u00e9curis\u00e9es directement \u00e0 partir de votre site Web.<\/li>\n<li>Prend en charge les principales cartes de cr\u00e9dit et cartes de d\u00e9bit, fournissant une solution de paiement compl\u00e8te.<\/li>\n<li>Fournit des mises \u00e0 jour de l&rsquo;\u00e9tat de transaction en temps r\u00e9el au vendeur et \u00e0 l&rsquo;acheteur.<\/li>\n<li>Int\u00e8gre des mesures de s\u00e9curit\u00e9 avanc\u00e9es pour prot\u00e9ger les informations financi\u00e8res sensibles.<\/li>\n<li>Facile \u00e0 configurer et est livr\u00e9 avec un tableau de bord convivial pour une gestion facile des transactions.<\/li>\n<li>L&rsquo;outil fournit \u00e9galement des rapports de transaction d\u00e9taill\u00e9s pour une meilleure gestion financi\u00e8re et planification.<\/li>\n<li>Compatible avec plusieurs devises, permettant facilement les transactions mondiales.<\/li>\n<li>Permet une int\u00e9gration transparente avec votre site Web ou votre boutique en ligne avec une expertise technique minimale requise.<\/li>\n<li>Offre une exp\u00e9rience de paiement professionnel aux clients, augmentant leur confiance et leur satisfaction.<\/li>\n<\/ul>\n","protected":false},"excerpt":{"rendered":"<p>Les paiements PayPal Pro de GetPaid sont un outil financier innovant et de pointe con\u00e7u en pensant au propri\u00e9taire de l&rsquo;entreprise averti et \u00e0 la technologie technologique. Cette fantastique plate-forme, construite par l&rsquo;\u00e9quipe GetPaid fiable et r\u00e9put\u00e9e, s&rsquo;int\u00e8gre effectivement au syst\u00e8me PayPal universellement reconnu et hautement s\u00e9curis\u00e9, facilitant les transactions transparentes, lisses et rapides dans le monde entier. Paypal Pro Payments par GetPaid Melds Advanced Technology avec une interface intuitive et conviviale, ce qui rend la gestion financi\u00e8re non seulement une t\u00e2che facile mais aussi une exp\u00e9rience agr\u00e9able. Contrairement \u00e0 d&rsquo;autres plateformes de paiement, il poss\u00e8de un \u00e9ventail de fonctionnalit\u00e9s uniques, y compris la possibilit\u00e9 d&rsquo;accepter tous les paiements de carte de cr\u00e9dit et de d\u00e9bit majeurs, la g\u00e9n\u00e9ration de factures sans effort et un panier int\u00e9gr\u00e9. Ce n&rsquo;est pas seulement un produit; Il s&rsquo;agit d&rsquo;une solution compl\u00e8te qui offre aux entreprises le contr\u00f4le ultime de leurs transactions financi\u00e8res, garantissant un niveau de s\u00e9curit\u00e9 et d&rsquo;efficacit\u00e9 qui les aide \u00e0 rester en avance dans le paysage commercial concurrentiel d&rsquo;aujourd&rsquo;hui. En combinant la technologie raffin\u00e9e avec des fonctionnalit\u00e9s faciles \u00e0 utiliser, PayPal Pro Payments de GetPaid offre aux propri\u00e9taires d&rsquo;entreprise un outil puissant pour g\u00e9rer efficacement leurs op\u00e9rations financi\u00e8res. En outre, il est soutenu par le support client fiable de GetPaid, en s&rsquo;assurant que les entreprises peuvent non seulement la mettre en \u0153uvre en douceur, mais \u00e9galement maintenir son fonctionnement transparent au fil du temps.<\/p>\n","protected":false},"featured_media":146783,"comment_status":"open","ping_status":"open","template":"","meta":[],"product_brand":[2560],"product_cat":[1182,1401,1181],"product_tag":[1828],"class_list":{"0":"post-137055","1":"product","2":"type-product","3":"status-publish","4":"has-post-thumbnail","6":"product_brand-ayecode","7":"product_cat-commerce-electronique-plugins","8":"product_cat-paiement-commerce-electronique-plugins","9":"product_cat-plugins","10":"product_tag-ayecode","11":"member-discount","12":"discount-restricted","14":"first","15":"instock","16":"sale","17":"downloadable","18":"virtual","19":"sold-individually","20":"purchasable","21":"product-type-simple"},"_links":{"self":[{"href":"https:\/\/gpl-love.com\/fr\/wp-json\/wp\/v2\/product\/137055","targetHints":{"allow":["GET"]}}],"collection":[{"href":"https:\/\/gpl-love.com\/fr\/wp-json\/wp\/v2\/product"}],"about":[{"href":"https:\/\/gpl-love.com\/fr\/wp-json\/wp\/v2\/types\/product"}],"replies":[{"embeddable":true,"href":"https:\/\/gpl-love.com\/fr\/wp-json\/wp\/v2\/comments?post=137055"}],"wp:featuredmedia":[{"embeddable":true,"href":"https:\/\/gpl-love.com\/fr\/wp-json\/wp\/v2\/media\/146783"}],"wp:attachment":[{"href":"https:\/\/gpl-love.com\/fr\/wp-json\/wp\/v2\/media?parent=137055"}],"wp:term":[{"taxonomy":"product_brand","embeddable":true,"href":"https:\/\/gpl-love.com\/fr\/wp-json\/wp\/v2\/product_brand?post=137055"},{"taxonomy":"product_cat","embeddable":true,"href":"https:\/\/gpl-love.com\/fr\/wp-json\/wp\/v2\/product_cat?post=137055"},{"taxonomy":"product_tag","embeddable":true,"href":"https:\/\/gpl-love.com\/fr\/wp-json\/wp\/v2\/product_tag?post=137055"}],"curies":[{"name":"wp","href":"https:\/\/api.w.org\/{rel}","templated":true}]}}