{"id":137053,"date":"2024-01-09T00:00:00","date_gmt":"2024-01-08T23:00:00","guid":{"rendered":"https:\/\/gpl-love.com\/fr\/produit\/getpaid-payumoney-latam\/"},"modified":"2026-03-20T23:59:20","modified_gmt":"2026-03-20T22:59:20","slug":"getpaid-payumoney-latam","status":"publish","type":"product","link":"https:\/\/gpl-love.com\/fr\/produit\/getpaid-payumoney-latam\/","title":{"rendered":"GetPaid PayUmoney Latam 1.0.0"},"content":{"rendered":"<h3>GetPaid PayUmoney Latam Traits<\/h3>\n<p>Le GetPaid Payumoney Latam est une solution de passerelle de paiement tr\u00e8s efficace et fiable con\u00e7ue pour r\u00e9pondre aux besoins des entreprises en Am\u00e9rique latine. Ce produit permet de mani\u00e8re transparente les transactions en ligne, offrant une exp\u00e9rience fluide et s\u00e9curis\u00e9e aux commer\u00e7ants et aux clients. Il prend en charge plusieurs devises et m\u00e9thodes de paiement, facilitant une port\u00e9e plus large pour les entreprises. L&rsquo;int\u00e9gration de Payumoney avec GetPaid am\u00e9liore les taux de r\u00e9ussite des transactions et assure des r\u00e8glements rapides. De plus, il propose des tableaux de bord conviviaux avec des rapports d\u00e9taill\u00e9s pour un meilleur suivi et gestion des transactions. Id\u00e9al pour les entreprises de commerce \u00e9lectronique, ce produit offre une solution de paiement sans effort qui promet d&rsquo;augmenter la croissance de votre entreprise sur le march\u00e9 latino-am\u00e9ricain.<\/p>\n<ul>\n<li>GetPaid Payumoney Latam est une passerelle de paiement fiable et s\u00e9curis\u00e9e con\u00e7ue pour les entreprises d&rsquo;Am\u00e9rique latine.<\/li>\n<li>Il offre des transactions en ligne rapides et lisses via des cartes de cr\u00e9dit \/ d\u00e9bit, des transferts bancaires, etc.<\/li>\n<li>La plate-forme est fiable par de nombreuses entreprises pour son traitement s\u00e9curis\u00e9 et en temps r\u00e9el des paiements.<\/li>\n<li>Il sert de pont entre les entreprises et leurs clients, assurant des transactions de commerce \u00e9lectronique fluide et sans tracas.<\/li>\n<li>GetPaid Payumoney Latam prend en charge plusieurs devises, ce qui permet aux entreprises d&rsquo;accepter les paiements internationaux.<\/li>\n<li>La plate-forme est livr\u00e9e avec une interface facile \u00e0 utiliser et des rapports de transaction d\u00e9taill\u00e9s pour une meilleure gestion financi\u00e8re.<\/li>\n<li>Il offre \u00e9galement un processus d&rsquo;int\u00e9gration transparente, rapide et facile avec diverses plates-formes de commerce \u00e9lectronique.<\/li>\n<li>Avec un support client exceptionnel et des m\u00e9canismes de d\u00e9tection de fraude, GetPaid Payumoney Latam assure la s\u00e9curit\u00e9 et la s\u00e9curit\u00e9 de toutes les transactions.<\/li>\n<\/ul>\n","protected":false},"excerpt":{"rendered":"<p>GetPaid Payumoney Latam est une solution de passerelle de paiement incroyablement polyvalente et robuste con\u00e7ue sp\u00e9cifiquement pour les entreprises op\u00e9rant en Am\u00e9rique latine. Ce programme innovant permet aux entreprises de traiter en toute s\u00e9curit\u00e9 et efficacement les paiements, cr\u00e9ant une exp\u00e9rience transparente et simple pour les entreprises et leurs clients. Avec son interface avanc\u00e9e et intuitive, GetPaid Payumoney Latam est \u00e9quip\u00e9 d&rsquo;une multitude de fonctionnalit\u00e9s qui am\u00e9liorent la facilit\u00e9 de faire des affaires. Cela comprend la possibilit\u00e9 d&rsquo;accepter les paiements par le biais de diverses m\u00e9thodes telles que des cartes de cr\u00e9dit, des cartes de d\u00e9bit et d&rsquo;autres r\u00e9seaux de paiement populaires, offrant ainsi une solution compl\u00e8te aux entreprises qui cherchent \u00e0 \u00e9tendre leur port\u00e9e et \u00e0 augmenter leur client\u00e8le. En outre, il est fortifi\u00e9 avec des mesures de s\u00e9curit\u00e9 de premier ordre pour prot\u00e9ger les informations financi\u00e8res sensibles, prot\u00e9ger les entreprises des cyber-menaces potentielles et assurer le plus haut niveau de confidentialit\u00e9 des donn\u00e9es. En t\u00e9moignage de son efficacit\u00e9, GetPaid Payumoney Latam est fiable par de nombreuses entreprises en Am\u00e9rique latine, cimentant sa r\u00e9putation d&rsquo;outil fiable et essentiel pour s\u00e9curiser les transactions en ligne. Cette plate-forme n&rsquo;est pas seulement une passerelle de paiement, mais une solution financi\u00e8re compl\u00e8te qui comble efficacement l&rsquo;\u00e9cart entre les entreprises et leurs clients, facilitant les transactions fluide et s\u00e9curis\u00e9e.<\/p>\n","protected":false},"featured_media":146782,"comment_status":"open","ping_status":"open","template":"","meta":[],"product_brand":[2560],"product_cat":[1182,1401,1181],"product_tag":[1828],"class_list":{"0":"post-137053","1":"product","2":"type-product","3":"status-publish","4":"has-post-thumbnail","6":"product_brand-ayecode","7":"product_cat-commerce-electronique-plugins","8":"product_cat-paiement-commerce-electronique-plugins","9":"product_cat-plugins","10":"product_tag-ayecode","11":"member-discount","12":"discount-restricted","14":"first","15":"instock","16":"sale","17":"downloadable","18":"virtual","19":"sold-individually","20":"purchasable","21":"product-type-simple"},"_links":{"self":[{"href":"https:\/\/gpl-love.com\/fr\/wp-json\/wp\/v2\/product\/137053","targetHints":{"allow":["GET"]}}],"collection":[{"href":"https:\/\/gpl-love.com\/fr\/wp-json\/wp\/v2\/product"}],"about":[{"href":"https:\/\/gpl-love.com\/fr\/wp-json\/wp\/v2\/types\/product"}],"replies":[{"embeddable":true,"href":"https:\/\/gpl-love.com\/fr\/wp-json\/wp\/v2\/comments?post=137053"}],"wp:featuredmedia":[{"embeddable":true,"href":"https:\/\/gpl-love.com\/fr\/wp-json\/wp\/v2\/media\/146782"}],"wp:attachment":[{"href":"https:\/\/gpl-love.com\/fr\/wp-json\/wp\/v2\/media?parent=137053"}],"wp:term":[{"taxonomy":"product_brand","embeddable":true,"href":"https:\/\/gpl-love.com\/fr\/wp-json\/wp\/v2\/product_brand?post=137053"},{"taxonomy":"product_cat","embeddable":true,"href":"https:\/\/gpl-love.com\/fr\/wp-json\/wp\/v2\/product_cat?post=137053"},{"taxonomy":"product_tag","embeddable":true,"href":"https:\/\/gpl-love.com\/fr\/wp-json\/wp\/v2\/product_tag?post=137053"}],"curies":[{"name":"wp","href":"https:\/\/api.w.org\/{rel}","templated":true}]}}