{"id":137051,"date":"2024-01-09T00:00:00","date_gmt":"2024-01-08T23:00:00","guid":{"rendered":"https:\/\/gpl-love.com\/fr\/produit\/getpaid-payumoney-gateway\/"},"modified":"2026-03-20T23:59:19","modified_gmt":"2026-03-20T22:59:19","slug":"getpaid-payumoney-gateway","status":"publish","type":"product","link":"https:\/\/gpl-love.com\/fr\/produit\/getpaid-payumoney-gateway\/","title":{"rendered":"GetPaid PayUmoney Gateway 2.0.0"},"content":{"rendered":"<h3>GetPaid PayUmoney Gateway Traits<\/h3>\n<p>La passerelle GetPaid Payumoney est une passerelle de paiement s\u00e9curis\u00e9e, efficace et fiable con\u00e7ue pour rationaliser les transactions en ligne. Il s&rsquo;int\u00e8gre parfaitement \u00e0 votre entreprise, vous permettant d&rsquo;accepter les paiements des clients de mani\u00e8re s\u00fbre et sans tracas. Avec GetPaid Payumoney Gateway, vous pouvez offrir plusieurs options de paiement \u00e0 vos clients, y compris les paiements de carte de cr\u00e9dit \/ d\u00e9bit, les banques nettes et les portefeuilles num\u00e9riques. Ce produit est connu pour ses mesures de s\u00e9curit\u00e9 avanc\u00e9es, garantissant ainsi que chaque transaction est prot\u00e9g\u00e9e contre la fraude. Il offre \u00e9galement un suivi des transactions en temps r\u00e9el, qui vous permet de surveiller facilement les flux de tr\u00e9sorerie de votre entreprise. De plus, il est facile \u00e0 installer et n\u00e9cessite une maintenance minimale. Augmentez le taux de conversion de votre entreprise et am\u00e9liorez l&rsquo;exp\u00e9rience d&rsquo;achat de vos clients avec la passerelle GetPaid Payumoney.<\/p>\n<ul>\n<li>GetPaid Payumoney Gateway est une passerelle de paiement en ligne hautement s\u00e9curis\u00e9e et fiable.<\/li>\n<li>Il s&rsquo;int\u00e8gre de mani\u00e8re transparente \u00e0 votre compte GetPaid existant pour une gestion des transactions faciles.<\/li>\n<li>Prend en charge un large \u00e9ventail de m\u00e9thodes de paiement, notamment des cartes de cr\u00e9dit \/ d\u00e9bit, des services bancaires en ligne et des portefeuilles num\u00e9riques.<\/li>\n<li>Offre un tableau de bord qui vous permet de surveiller et de g\u00e9rer toutes vos transactions en temps r\u00e9el.<\/li>\n<li>Fonctionne des mesures de protection contre la fraude avanc\u00e9es pour assurer la s\u00e9curit\u00e9 de vos informations financi\u00e8res.<\/li>\n<li>Permet des remboursements et des annulations faciles avec un minimum de tracas.<\/li>\n<li>Livr\u00e9 avec une interface simple et conviviale qui vous permet d&rsquo;accepter facilement les paiements.<\/li>\n<li>Fournit des rapports et des analyses d\u00e9taill\u00e9s pour vous aider \u00e0 suivre vos revenus et votre croissance.<\/li>\n<li>La plate-forme est compatible avec plusieurs devises, vous permettant de transformer \u00e0 l&rsquo;\u00e9chelle mondiale.<\/li>\n<li>Offre un support client 24h \/ 24 et 7j \/ 7 pour r\u00e9soudre les probl\u00e8mes li\u00e9s au paiement qui peuvent survenir.<\/li>\n<\/ul>\n","protected":false},"excerpt":{"rendered":"<p>Le GetPaid Payumoney Gateway est un produit exceptionnel sur mesure pour les entreprises et les particuliers qui g\u00e8rent des op\u00e9rations de commerce \u00e9lectronique. Ce produit, con\u00e7u par certains des ing\u00e9nieurs logiciels les plus qualifi\u00e9s et les plus exp\u00e9riment\u00e9s de l&rsquo;industrie, assure des transactions transparentes et s\u00fbres, ce qui en fait un fid\u00e8le pour les plateformes commerciales en ligne. La fonction cl\u00e9 de GetPaid Payumoney Gateway est son interface conviviale, ce qui simplifie le processus de transactions en ligne pour les utilisateurs, offrant aux utilisateurs une exp\u00e9rience de transaction financi\u00e8re fluide, facile et sans stress. Pour garantir la plus grande s\u00e9curit\u00e9, il int\u00e8gre un haut niveau de cryptage qui rend les transactions en ligne \u00e0 l&rsquo;abri des cyber-menaces potentielles, offrant ainsi aux utilisateurs un sentiment de confiance et de confiance lors de leurs transactions. Le produit, disponible dans le monde entier, offre \u00e9galement un support multi-monnaie, ce qui le rend id\u00e9al pour les entreprises op\u00e9rant \u00e0 l&rsquo;international. Avec la passerelle GetPaid Payumoney, les entreprises peuvent am\u00e9liorer leurs op\u00e9rations en ligne, ce qui en fait un outil essentiel pour quiconque a l&rsquo;intention de g\u00e9rer une entreprise en ligne r\u00e9ussie. Avec ses fonctionnalit\u00e9s robustes et ses performances impeccables, la passerelle GetPaid Payumoney est un leader sans pr\u00e9c\u00e9dent dans le monde des passerelles de transaction en ligne.<\/p>\n","protected":false},"featured_media":146781,"comment_status":"open","ping_status":"open","template":"","meta":[],"product_brand":[2560],"product_cat":[1182,1401,1181],"product_tag":[1828],"class_list":{"0":"post-137051","1":"product","2":"type-product","3":"status-publish","4":"has-post-thumbnail","6":"product_brand-ayecode","7":"product_cat-commerce-electronique-plugins","8":"product_cat-paiement-commerce-electronique-plugins","9":"product_cat-plugins","10":"product_tag-ayecode","11":"member-discount","12":"discount-restricted","14":"first","15":"instock","16":"sale","17":"downloadable","18":"virtual","19":"sold-individually","20":"purchasable","21":"product-type-simple"},"_links":{"self":[{"href":"https:\/\/gpl-love.com\/fr\/wp-json\/wp\/v2\/product\/137051","targetHints":{"allow":["GET"]}}],"collection":[{"href":"https:\/\/gpl-love.com\/fr\/wp-json\/wp\/v2\/product"}],"about":[{"href":"https:\/\/gpl-love.com\/fr\/wp-json\/wp\/v2\/types\/product"}],"replies":[{"embeddable":true,"href":"https:\/\/gpl-love.com\/fr\/wp-json\/wp\/v2\/comments?post=137051"}],"wp:featuredmedia":[{"embeddable":true,"href":"https:\/\/gpl-love.com\/fr\/wp-json\/wp\/v2\/media\/146781"}],"wp:attachment":[{"href":"https:\/\/gpl-love.com\/fr\/wp-json\/wp\/v2\/media?parent=137051"}],"wp:term":[{"taxonomy":"product_brand","embeddable":true,"href":"https:\/\/gpl-love.com\/fr\/wp-json\/wp\/v2\/product_brand?post=137051"},{"taxonomy":"product_cat","embeddable":true,"href":"https:\/\/gpl-love.com\/fr\/wp-json\/wp\/v2\/product_cat?post=137051"},{"taxonomy":"product_tag","embeddable":true,"href":"https:\/\/gpl-love.com\/fr\/wp-json\/wp\/v2\/product_tag?post=137051"}],"curies":[{"name":"wp","href":"https:\/\/api.w.org\/{rel}","templated":true}]}}