{"id":137049,"date":"2024-01-09T00:00:00","date_gmt":"2024-01-08T23:00:00","guid":{"rendered":"https:\/\/gpl-love.com\/fr\/produit\/getpaid-pdf-invoices\/"},"modified":"2026-03-20T23:59:18","modified_gmt":"2026-03-20T22:59:18","slug":"getpaid-pdf-invoices","status":"publish","type":"product","link":"https:\/\/gpl-love.com\/fr\/produit\/getpaid-pdf-invoices\/","title":{"rendered":"GetPaid PDF Invoices 2.0.8"},"content":{"rendered":"<h3>GetPaid PDF Invoices Traits<\/h3>\n<p>Les factures PDF GetPaid sont un outil incroyablement efficace con\u00e7u pour simplifier votre processus de facturation. Ce logiciel vous permet de cr\u00e9er des factures professionnelles instantan\u00e9ment, pr\u00eates \u00e0 imprimer ou \u00e0 envoyer un e-mail \u00e0 vos clients. Il prend en charge des mod\u00e8les personnalisables, vous permettant d&rsquo;adapter la disposition, la conception et le contenu en fonction des besoins de votre entreprise. Les factures PDF GetPaid prennent en charge divers param\u00e8tres de devises, ce qui en fait un choix id\u00e9al pour les entreprises mondiales. Il dispose \u00e9galement de calculs automatiques pour vous sauver des erreurs de math\u00e9matiques manuelles. Avec cet outil, vous pouvez conserver toutes vos transactions document\u00e9es de mani\u00e8re organis\u00e9e tout en am\u00e9liorant votre image de marque avec des factures \u00e9l\u00e9gantes et d\u00e9taill\u00e9es. Le logiciel est facile \u00e0 installer, \u00e0 utiliser et \u00e0 s&rsquo;int\u00e8gre de mani\u00e8re transparente avec d&rsquo;autres applications pour des op\u00e9rations commerciales en douceur.<\/p>\n<ul>\n<li>G\u00e9n\u00e9rateur de factures PDF facile \u00e0 utiliser appel\u00e9 GetPaid<\/li>\n<li>Permet aux utilisateurs de cr\u00e9er des factures professionnelles et personnalisables au format PDF<\/li>\n<li>Facilite le processus de facturation et le suivi des paiements pour les petites entreprises<\/li>\n<li>Offre une vari\u00e9t\u00e9 de conceptions de mod\u00e8les adapt\u00e9es \u00e0 diff\u00e9rentes industries<\/li>\n<li>Prend en charge plusieurs devises et param\u00e8tres fiscaux pour les entreprises mondiales<\/li>\n<li>Comprend une option pour ajouter des logos d&rsquo;entreprise et des messages personnalis\u00e9s sur les factures<\/li>\n<li>Permet l&rsquo;envoi de courriels directs de factures PDF aux clients<\/li>\n<li>Propose une interface conviviale avec des guides \u00e9tape par \u00e9tape<\/li>\n<li>Compatible avec divers appareils, y compris les ordinateurs de bureau et les smartphones<\/li>\n<li>Assure la s\u00e9curit\u00e9 et la confidentialit\u00e9 des informations financi\u00e8res de l&rsquo;utilisateur<\/li>\n<li>Fournit un support client 24h \/ 24 et 7j \/ 7 pour tout probl\u00e8me technique ou demandes de renseignements.<\/li>\n<\/ul>\n","protected":false},"excerpt":{"rendered":"<p>Les factures PDF GetPaid sont une solution logicielle innovante et conviviale con\u00e7ue pour les entreprises de diff\u00e9rentes tailles et industries, visant \u00e0 rationaliser leur processus de g\u00e9n\u00e9ration de factures. Cet outil tr\u00e8s efficace et intelligent est \u00e9quip\u00e9 d&rsquo;une large gamme de fonctionnalit\u00e9s et de fonctionnalit\u00e9s qui non seulement facilitent la cr\u00e9ation de factures PDF professionnelles et enti\u00e8rement personnalisables, mais acc\u00e9l\u00e8rent \u00e9galement consid\u00e9rablement le processus de facturation global, am\u00e9liorant ainsi la productivit\u00e9 et l&rsquo;efficacit\u00e9. Il permet aux entreprises d&rsquo;automatiser l&rsquo;ensemble du cycle de facturation, de la g\u00e9n\u00e9ration de factures \u00e0 la r\u00e9partition, ce qui permet d&rsquo;\u00e9conomiser un temps et des ressources consid\u00e9rables qui peuvent \u00eatre mieux utilis\u00e9s ailleurs. La flexibilit\u00e9 offerte par le logiciel permet aux utilisateurs d&rsquo;adapter leurs factures en fonction de leurs besoins et pr\u00e9f\u00e9rences sp\u00e9cifiques, refl\u00e9tant l&rsquo;identit\u00e9 et le professionnalisme de leur marque. En outre, le logiciel est incroyablement facile \u00e0 utiliser et \u00e0 naviguer, ce qui le rend adapt\u00e9 m\u00eame \u00e0 ceux qui ont un minimum de connaissances techniques. Offrir la commodit\u00e9 de pouvoir acc\u00e9der et g\u00e9rer les factures \u00e0 tout moment, n&rsquo;importe o\u00f9, les factures PDF GetPaid sont un outil int\u00e9gral que chaque entreprise qui cherche \u00e0 am\u00e9liorer la gestion financi\u00e8re devrait envisager d&rsquo;int\u00e9grer dans ses processus op\u00e9rationnels.<\/p>\n","protected":false},"featured_media":146780,"comment_status":"open","ping_status":"open","template":"","meta":[],"product_brand":[2560],"product_cat":[1182,1401,1181],"product_tag":[1828],"class_list":{"0":"post-137049","1":"product","2":"type-product","3":"status-publish","4":"has-post-thumbnail","6":"product_brand-ayecode","7":"product_cat-commerce-electronique-plugins","8":"product_cat-paiement-commerce-electronique-plugins","9":"product_cat-plugins","10":"product_tag-ayecode","11":"member-discount","12":"discount-restricted","14":"first","15":"instock","16":"sale","17":"downloadable","18":"virtual","19":"sold-individually","20":"purchasable","21":"product-type-simple"},"_links":{"self":[{"href":"https:\/\/gpl-love.com\/fr\/wp-json\/wp\/v2\/product\/137049","targetHints":{"allow":["GET"]}}],"collection":[{"href":"https:\/\/gpl-love.com\/fr\/wp-json\/wp\/v2\/product"}],"about":[{"href":"https:\/\/gpl-love.com\/fr\/wp-json\/wp\/v2\/types\/product"}],"replies":[{"embeddable":true,"href":"https:\/\/gpl-love.com\/fr\/wp-json\/wp\/v2\/comments?post=137049"}],"wp:featuredmedia":[{"embeddable":true,"href":"https:\/\/gpl-love.com\/fr\/wp-json\/wp\/v2\/media\/146780"}],"wp:attachment":[{"href":"https:\/\/gpl-love.com\/fr\/wp-json\/wp\/v2\/media?parent=137049"}],"wp:term":[{"taxonomy":"product_brand","embeddable":true,"href":"https:\/\/gpl-love.com\/fr\/wp-json\/wp\/v2\/product_brand?post=137049"},{"taxonomy":"product_cat","embeddable":true,"href":"https:\/\/gpl-love.com\/fr\/wp-json\/wp\/v2\/product_cat?post=137049"},{"taxonomy":"product_tag","embeddable":true,"href":"https:\/\/gpl-love.com\/fr\/wp-json\/wp\/v2\/product_tag?post=137049"}],"curies":[{"name":"wp","href":"https:\/\/api.w.org\/{rel}","templated":true}]}}