{"id":137047,"date":"2024-01-09T00:00:00","date_gmt":"2024-01-08T23:00:00","guid":{"rendered":"https:\/\/gpl-love.com\/fr\/produit\/getpaid-sagepay-payment-gateway\/"},"modified":"2026-03-20T23:59:18","modified_gmt":"2026-03-20T22:59:18","slug":"getpaid-sagepay-payment-gateway","status":"publish","type":"product","link":"https:\/\/gpl-love.com\/fr\/produit\/getpaid-sagepay-payment-gateway\/","title":{"rendered":"GetPaid SagePay Payment Gateway 1.0.4"},"content":{"rendered":"<h3>GetPaid SagePay Payment Gateway Traits<\/h3>\n<p>La passerelle de paiement GetPaid Sagepay est une solution de traitement des paiements innovante et s\u00e9curis\u00e9e con\u00e7ue pour les entreprises en ligne. Ce produit s&rsquo;int\u00e8gre parfaitement \u00e0 votre plate-forme de commerce \u00e9lectronique, vous permettant d&rsquo;accepter un large \u00e9ventail de m\u00e9thodes de paiement, y compris des cartes de cr\u00e9dit, des cartes de d\u00e9bit et des portefeuilles num\u00e9riques. Avec ses fonctionnalit\u00e9s de s\u00e9curit\u00e9 avanc\u00e9es, il garantit que toutes les transactions sont prot\u00e9g\u00e9es, ce qui r\u00e9duit le risque de fraude. La passerelle de paiement GetPaid SagePay fournit \u00e9galement des rapports de transactions en temps r\u00e9el, vous aidant \u00e0 g\u00e9rer et \u00e0 suivre efficacement vos ventes. Son interface est conviviale, ce qui facilite l&rsquo;utilisation m\u00eame pour les d\u00e9butants. Exp\u00e9rience de traitement des paiements fiable, rapide et s\u00e9curis\u00e9 avec la passerelle de paiement Sagepay GetPaid.<\/p>\n<ul>\n<li>La passerelle de paiement GetPaid SagePay est une solution de paiement efficace, s\u00e9curis\u00e9e et conviviale.<\/li>\n<li>Cette passerelle conviviale permet aux entreprises d&rsquo;accepter les paiements en ligne des clients rapidement et en toute s\u00e9curit\u00e9.<\/li>\n<li>En utilisant des protocoles de s\u00e9curit\u00e9 de pointe, il fournit un environnement s\u00fbr pour les transactions, en r\u00e9duisant le risque de fraude.<\/li>\n<li>Il est compatible avec le syst\u00e8me GetPaid, permettant une int\u00e9gration transparente et une gestion facile des paiements en ligne.<\/li>\n<li>Le syst\u00e8me prend en charge toutes les principales cartes de cr\u00e9dit et de d\u00e9bit, offrant une flexibilit\u00e9 \u00e0 vos clients.<\/li>\n<li>Il fournit un traitement de transaction en temps r\u00e9el, assurant des transactions rapides et efficaces.<\/li>\n<li>Le GetPaid Sagepay Gateway propose \u00e9galement des outils de rapport et de gestion complets, aidant les entreprises \u00e0 suivre et \u00e0 am\u00e9liorer leurs transactions.<\/li>\n<li>Avec ses fonctionnalit\u00e9s robustes et sa haute s\u00e9curit\u00e9, c&rsquo;est une solution de paiement id\u00e9ale pour les entreprises de toutes tailles.<\/li>\n<\/ul>\n","protected":false},"excerpt":{"rendered":"<p>Le produit en question, invent\u00e9 sous le nom de GetPaid Sagepay Payment Gateway, est un outil num\u00e9rique sophistiqu\u00e9 et de pointe qui a \u00e9t\u00e9 m\u00e9ticuleusement con\u00e7u et d\u00e9velopp\u00e9 dans l&rsquo;objectif principal de la rationalisation et de l&rsquo;am\u00e9lioration de vos transactions financi\u00e8res en ligne. En faisant partie instrumentale de la s\u00e9rie GetPaid de solutions num\u00e9riques, cette passerelle de paiement innovante s&rsquo;int\u00e8gre de mani\u00e8re transparente \u00e0 Sagepay, qui est largement c\u00e9l\u00e9br\u00e9e comme l&rsquo;un des processeurs de paiement les plus principaux et les plus fiables du march\u00e9 aujourd&rsquo;hui. L&rsquo;ensemble de fonctionnalit\u00e9s extraordinaires de ce produit, coupl\u00e9 \u00e0 son interface conviviale, en fait un choix id\u00e9al pour les entreprises de tous types et tailles, visant \u00e0 simplifier les subtilit\u00e9s de leurs transactions en ligne. En outre, cette passerelle de paiement offre un niveau de s\u00e9curit\u00e9 in\u00e9gal\u00e9, garantissant que toutes vos informations financi\u00e8res et transactions restent confidentielles et s\u00e9curis\u00e9es, favorisant ainsi un sentiment de confiance entre votre client\u00e8le. Avec la passerelle de paiement Sagepay, vous n&rsquo;achetez pas simplement un produit, vous acqu\u00e9rez une solution compl\u00e8te con\u00e7ue pour propulser votre entreprise vers une plus grande efficacit\u00e9 financi\u00e8re et satisfaction client.<\/p>\n","protected":false},"featured_media":146779,"comment_status":"open","ping_status":"open","template":"","meta":[],"product_brand":[2560],"product_cat":[1182,1401,1181],"product_tag":[1828],"class_list":{"0":"post-137047","1":"product","2":"type-product","3":"status-publish","4":"has-post-thumbnail","6":"product_brand-ayecode","7":"product_cat-commerce-electronique-plugins","8":"product_cat-paiement-commerce-electronique-plugins","9":"product_cat-plugins","10":"product_tag-ayecode","11":"member-discount","12":"discount-restricted","14":"first","15":"instock","16":"sale","17":"downloadable","18":"virtual","19":"sold-individually","20":"purchasable","21":"product-type-simple"},"_links":{"self":[{"href":"https:\/\/gpl-love.com\/fr\/wp-json\/wp\/v2\/product\/137047","targetHints":{"allow":["GET"]}}],"collection":[{"href":"https:\/\/gpl-love.com\/fr\/wp-json\/wp\/v2\/product"}],"about":[{"href":"https:\/\/gpl-love.com\/fr\/wp-json\/wp\/v2\/types\/product"}],"replies":[{"embeddable":true,"href":"https:\/\/gpl-love.com\/fr\/wp-json\/wp\/v2\/comments?post=137047"}],"wp:featuredmedia":[{"embeddable":true,"href":"https:\/\/gpl-love.com\/fr\/wp-json\/wp\/v2\/media\/146779"}],"wp:attachment":[{"href":"https:\/\/gpl-love.com\/fr\/wp-json\/wp\/v2\/media?parent=137047"}],"wp:term":[{"taxonomy":"product_brand","embeddable":true,"href":"https:\/\/gpl-love.com\/fr\/wp-json\/wp\/v2\/product_brand?post=137047"},{"taxonomy":"product_cat","embeddable":true,"href":"https:\/\/gpl-love.com\/fr\/wp-json\/wp\/v2\/product_cat?post=137047"},{"taxonomy":"product_tag","embeddable":true,"href":"https:\/\/gpl-love.com\/fr\/wp-json\/wp\/v2\/product_tag?post=137047"}],"curies":[{"name":"wp","href":"https:\/\/api.w.org\/{rel}","templated":true}]}}