{"id":137045,"date":"2025-11-30T00:00:00","date_gmt":"2025-11-29T23:00:00","guid":{"rendered":"https:\/\/gpl-love.com\/fr\/produit\/getpaid-square-payments\/"},"modified":"2026-03-20T23:59:17","modified_gmt":"2026-03-20T22:59:17","slug":"getpaid-square-payments","status":"publish","type":"product","link":"https:\/\/gpl-love.com\/fr\/produit\/getpaid-square-payments\/","title":{"rendered":"GetPaid Square Payments 2.0.4"},"content":{"rendered":"<h3>GetPaid Square Payments Traits<\/h3>\n<p>GetPaid Square Payments est une solution de traitement des paiements robuste et flexible qui est parfaite pour les entreprises de toutes tailles. Ce produit innovant permet aux utilisateurs d&rsquo;accepter facilement les paiements des clients dans une vari\u00e9t\u00e9 de formats, y compris les cartes de cr\u00e9dit et de d\u00e9bit, les esp\u00e8ces et les paiements mobiles. Avec GetPaid Square Payments, vous pouvez effectuer des transactions \u00e0 tout moment, n&rsquo;importe o\u00f9 avec son lecteur de cartes mobiles et son application pratique. Il dispose \u00e9galement d&rsquo;un tableau de bord intuitif pour une gestion facile de vos transactions, remboursements et re\u00e7us. Cette plate-forme offre un service s\u00e9curis\u00e9 et fiable, garantissant que chaque transaction est crypt\u00e9e pour une s\u00e9curit\u00e9 maximale. Am\u00e9liorez l&rsquo;efficacit\u00e9 de l&rsquo;exploitation de votre entreprise et l&rsquo;exp\u00e9rience client avec les paiements GetPaid Square.<\/p>\n<ul>\n<li>GetPaid Square Payments est un syst\u00e8me de traitement des paiements num\u00e9riques id\u00e9al pour les petites entreprises.<\/li>\n<li>Con\u00e7u pour simplifier les transactions, il accepte facilement les paiements par carte des clients.<\/li>\n<li>Sa compatibilit\u00e9 avec divers appareils comme les smartphones et les tablettes garantit la commodit\u00e9 et l&rsquo;efficacit\u00e9.<\/li>\n<li>Offrant un suivi des paiements en temps r\u00e9el, il aide \u00e0 g\u00e9rer efficacement les finances et les transactions commerciales.<\/li>\n<li>Le syst\u00e8me comprend \u00e9galement des fonctionnalit\u00e9s telles que la facturation, les re\u00e7us num\u00e9riques et la gestion des remboursements.<\/li>\n<li>Fournit une plate-forme s\u00e9curis\u00e9e pour toutes les transactions, sauvegarde contre la fraude et l&rsquo;acc\u00e8s non autoris\u00e9.<\/li>\n<li>Offre un mod\u00e8le de tarification \u00e0 taux forfaitaire comp\u00e9titif, ce qui le rend rentable pour les entreprises.<\/li>\n<li>GetPaid Square Payments int\u00e8gre \u00e9galement de mani\u00e8re transparente avec d&rsquo;autres logiciels d&rsquo;entreprise, am\u00e9liorant encore son utilit\u00e9.<\/li>\n<li>Le produit prend en charge les transactions hors ligne, garantissant un service ininterrompu m\u00eame sans connexion Internet.<\/li>\n<li>Id\u00e9al pour les commerces de d\u00e9tail, les restaurants et les fournisseurs de services, il s&rsquo;agit d&rsquo;un outil fiable pour divers besoins commerciaux.<\/li>\n<\/ul>\n","protected":false},"excerpt":{"rendered":"<p>GetPaid Square Payments est une solution financi\u00e8re intelligemment con\u00e7ue et de pointe qui transforme essentiellement la fa\u00e7on dont les entreprises g\u00e8rent leurs transactions quotidiennement. Emball\u00e9 avec une multitude de fonctionnalit\u00e9s, ce service rationalise le processus de paiement en permettant aux entreprises de toutes tailles d&rsquo;accepter diverses formes de m\u00e9thodes de paiement, des cartes de cr\u00e9dit et de d\u00e9bit aux portefeuilles num\u00e9riques, \u00e9largissant ainsi consid\u00e9rablement leur client\u00e8le. Avec son int\u00e9gration transparente dans n&rsquo;importe quel mod\u00e8le commercial, GetPaid Square Payments red\u00e9finit la commodit\u00e9, car elle simplifie non seulement le c\u00f4t\u00e9 financier des op\u00e9rations commerciales, mais fournit \u00e9galement une plate-forme s\u00e9curis\u00e9e pour toutes les transactions, garantissant que chaque d\u00e9tail de transaction reste confidentiel et prot\u00e9g\u00e9. En outre, il fournit des informations et des analyses d\u00e9taill\u00e9es sur les tendances de paiement et le comportement des clients, permettant aux entreprises de prendre des d\u00e9cisions et des strat\u00e9gies bas\u00e9es sur les donn\u00e9es qui entra\u00eenent une meilleure satisfaction des clients et une augmentation des revenus. En offrant un m\u00e9lange parfait de technologie de pointe et de conception conviviale, les paiements de GetPaid Square sont vraiment in\u00e9gal\u00e9s dans sa qu\u00eate pour rendre les transactions financi\u00e8res plus rapides, plus faciles et plus s\u00fbres pour les entreprises et les clients.<\/p>\n","protected":false},"featured_media":146778,"comment_status":"open","ping_status":"open","template":"","meta":[],"product_brand":[2560],"product_cat":[1182,1401,1181],"product_tag":[1828],"class_list":{"0":"post-137045","1":"product","2":"type-product","3":"status-publish","4":"has-post-thumbnail","6":"product_brand-ayecode","7":"product_cat-commerce-electronique-plugins","8":"product_cat-paiement-commerce-electronique-plugins","9":"product_cat-plugins","10":"product_tag-ayecode","11":"member-discount","12":"discount-restricted","14":"first","15":"instock","16":"sale","17":"downloadable","18":"virtual","19":"sold-individually","20":"purchasable","21":"product-type-simple"},"_links":{"self":[{"href":"https:\/\/gpl-love.com\/fr\/wp-json\/wp\/v2\/product\/137045","targetHints":{"allow":["GET"]}}],"collection":[{"href":"https:\/\/gpl-love.com\/fr\/wp-json\/wp\/v2\/product"}],"about":[{"href":"https:\/\/gpl-love.com\/fr\/wp-json\/wp\/v2\/types\/product"}],"replies":[{"embeddable":true,"href":"https:\/\/gpl-love.com\/fr\/wp-json\/wp\/v2\/comments?post=137045"}],"wp:featuredmedia":[{"embeddable":true,"href":"https:\/\/gpl-love.com\/fr\/wp-json\/wp\/v2\/media\/146778"}],"wp:attachment":[{"href":"https:\/\/gpl-love.com\/fr\/wp-json\/wp\/v2\/media?parent=137045"}],"wp:term":[{"taxonomy":"product_brand","embeddable":true,"href":"https:\/\/gpl-love.com\/fr\/wp-json\/wp\/v2\/product_brand?post=137045"},{"taxonomy":"product_cat","embeddable":true,"href":"https:\/\/gpl-love.com\/fr\/wp-json\/wp\/v2\/product_cat?post=137045"},{"taxonomy":"product_tag","embeddable":true,"href":"https:\/\/gpl-love.com\/fr\/wp-json\/wp\/v2\/product_tag?post=137045"}],"curies":[{"name":"wp","href":"https:\/\/api.w.org\/{rel}","templated":true}]}}