{"id":137043,"date":"2024-01-09T00:00:00","date_gmt":"2024-01-08T23:00:00","guid":{"rendered":"https:\/\/gpl-love.com\/fr\/produit\/getpaid-webpay-payment-gateway\/"},"modified":"2026-03-20T23:59:16","modified_gmt":"2026-03-20T22:59:16","slug":"getpaid-webpay-payment-gateway","status":"publish","type":"product","link":"https:\/\/gpl-love.com\/fr\/produit\/getpaid-webpay-payment-gateway\/","title":{"rendered":"GetPaid WebPay Payment Gateway 1.0.0"},"content":{"rendered":"<h3>GetPaid WebPay Payment Gateway Traits<\/h3>\n<p>GetPaid WebPay Payment Gateway est une solution de paiement en ligne robuste et s\u00e9curis\u00e9e, con\u00e7ue pour rationaliser et simplifier le processus de r\u00e9alisation des transactions sur le Web. Le syst\u00e8me est parfait pour les entreprises de toutes tailles, ce qui leur permet d&rsquo;accepter les paiements des clients du monde entier rapidement et en toute s\u00e9curit\u00e9. Le syst\u00e8me est int\u00e9gr\u00e9 \u00e0 divers canaux de paiement populaires, offrant une flexibilit\u00e9 et une facilit\u00e9 d&rsquo;utilisation pour vos clients. La passerelle de paiement WebPay GetPaid propose \u00e9galement des m\u00e9canismes avanc\u00e9s de pr\u00e9vention de la fraude, garantissant la s\u00e9curit\u00e9 et la s\u00e9curit\u00e9 de toutes les transactions. Avec son interface facile \u00e0 utiliser et ses fonctionnalit\u00e9s puissantes, il offre un moyen fiable et efficace de g\u00e9rer les paiements en ligne, d&rsquo;am\u00e9liorer les flux de tr\u00e9sorerie et d&rsquo;am\u00e9liorer la satisfaction des clients.<\/p>\n<ul>\n<li>GetPaid WebPay Payment Gateway est une solution de paiement en ligne robuste et s\u00e9curis\u00e9e.<\/li>\n<li>Con\u00e7u pour faciliter les transactions transparentes sur les plates-formes de commerce \u00e9lectronique.<\/li>\n<li>Prend en charge plusieurs options de paiement, notamment des cartes de cr\u00e9dit, des cartes de d\u00e9bit et des portefeuilles num\u00e9riques.<\/li>\n<li>Livr\u00e9 avec des fonctionnalit\u00e9s de s\u00e9curit\u00e9 avanc\u00e9es comme le cryptage SSL et la protection contre la fraude pour prot\u00e9ger les informations des clients.<\/li>\n<li>Offre un suivi des transactions en temps r\u00e9el pour une gestion financi\u00e8re efficace.<\/li>\n<li>Fournit des rapports et des analyses complets pour une meilleure prise de d\u00e9cision commerciale.<\/li>\n<li>S&rsquo;int\u00e8gre facilement \u00e0 diff\u00e9rentes plates-formes de commerce \u00e9lectronique pour une exp\u00e9rience de paiement fluide.<\/li>\n<li>Assure des colonies rapides et sans tracas pour augmenter les flux de tr\u00e9sorerie de votre entreprise.<\/li>\n<li>Offre une interface conviviale et est facile \u00e0 configurer et \u00e0 g\u00e9rer.<\/li>\n<li>Fournit un support client 24h \/ 24 et 7j \/ 7 pour r\u00e9soudre toutes les questions ou probl\u00e8mes techniques.<\/li>\n<\/ul>\n","protected":false},"excerpt":{"rendered":"<p>La passerelle de paiement WebPay GetPaid est un produit innovant stellaire qui est con\u00e7u de mani\u00e8re experte pour r\u00e9volutionner compl\u00e8tement la fa\u00e7on dont les transactions en ligne sont effectu\u00e9es. Il s&rsquo;agit d&rsquo;une passerelle compl\u00e8te et haut de gamme qui fournit une interface transparente pour activer des paiements rapides et s\u00e9curis\u00e9s sur n&rsquo;importe quel site Web, am\u00e9liorant ainsi consid\u00e9rablement l&rsquo;exp\u00e9rience utilisateur globale. Cette solution ing\u00e9nieuse a \u00e9t\u00e9 m\u00e9ticuleusement con\u00e7ue pour s&rsquo;int\u00e9grer parfaitement \u00e0 un large \u00e9ventail d&rsquo;entreprises, qu&rsquo;elle soit grande ou petite, offrant un niveau de flexibilit\u00e9 in\u00e9gal\u00e9 qui est in\u00e9gal\u00e9 dans l&rsquo;industrie. Le degr\u00e9 \u00e9lev\u00e9 d&rsquo;adaptabilit\u00e9 et de personnalisation qu&rsquo;il permet en fait la passerelle de paiement de choix pour beaucoup. De plus, il pr\u00e9sente des mesures de s\u00e9curit\u00e9 robustes con\u00e7ues pour traiter efficacement les menaces en constante \u00e9volution dans le monde num\u00e9rique, inculquant ainsi un profond sentiment de confiance et de confiance parmi ses utilisateurs. Sa conception conviviale associ\u00e9e \u00e0 ses fonctionnalit\u00e9s avanc\u00e9es garantit qu&rsquo;elle est capable de satisfaire les divers besoins de tous ses clients, ce qui en fait un outil indispensable dans le secteur du commerce \u00e9lectronique. La passerelle de paiement WebPay GetPaid est, incontestablement, la solution ultime pour aider les entreprises \u00e0 \u00e9largir leur port\u00e9e et \u00e0 \u00e9tendre leur client\u00e8le, tout en conservant le plus haut niveau de transactions s\u00e9curis\u00e9es.<\/p>\n","protected":false},"featured_media":146777,"comment_status":"open","ping_status":"open","template":"","meta":[],"product_brand":[2560],"product_cat":[1182,1401,1181],"product_tag":[1828],"class_list":{"0":"post-137043","1":"product","2":"type-product","3":"status-publish","4":"has-post-thumbnail","6":"product_brand-ayecode","7":"product_cat-commerce-electronique-plugins","8":"product_cat-paiement-commerce-electronique-plugins","9":"product_cat-plugins","10":"product_tag-ayecode","11":"member-discount","12":"discount-restricted","14":"first","15":"instock","16":"sale","17":"downloadable","18":"virtual","19":"sold-individually","20":"purchasable","21":"product-type-simple"},"_links":{"self":[{"href":"https:\/\/gpl-love.com\/fr\/wp-json\/wp\/v2\/product\/137043","targetHints":{"allow":["GET"]}}],"collection":[{"href":"https:\/\/gpl-love.com\/fr\/wp-json\/wp\/v2\/product"}],"about":[{"href":"https:\/\/gpl-love.com\/fr\/wp-json\/wp\/v2\/types\/product"}],"replies":[{"embeddable":true,"href":"https:\/\/gpl-love.com\/fr\/wp-json\/wp\/v2\/comments?post=137043"}],"wp:featuredmedia":[{"embeddable":true,"href":"https:\/\/gpl-love.com\/fr\/wp-json\/wp\/v2\/media\/146777"}],"wp:attachment":[{"href":"https:\/\/gpl-love.com\/fr\/wp-json\/wp\/v2\/media?parent=137043"}],"wp:term":[{"taxonomy":"product_brand","embeddable":true,"href":"https:\/\/gpl-love.com\/fr\/wp-json\/wp\/v2\/product_brand?post=137043"},{"taxonomy":"product_cat","embeddable":true,"href":"https:\/\/gpl-love.com\/fr\/wp-json\/wp\/v2\/product_cat?post=137043"},{"taxonomy":"product_tag","embeddable":true,"href":"https:\/\/gpl-love.com\/fr\/wp-json\/wp\/v2\/product_tag?post=137043"}],"curies":[{"name":"wp","href":"https:\/\/api.w.org\/{rel}","templated":true}]}}