{"id":136714,"date":"2024-04-14T00:00:00","date_gmt":"2024-04-13T22:00:00","guid":{"rendered":"https:\/\/gpl-love.com\/fr\/produit\/meta-box-include-exclude\/"},"modified":"2026-03-20T23:59:15","modified_gmt":"2026-03-20T22:59:15","slug":"meta-box-include-exclude","status":"publish","type":"product","link":"https:\/\/gpl-love.com\/fr\/produit\/meta-box-include-exclude\/","title":{"rendered":"Meta Box Include Exclude 1.1.1"},"content":{"rendered":"<h3>Meta Box Include Exclude Traits<\/h3>\n<p>La m\u00e9ta-bo\u00eete inclut le plugin excluant est un outil polyvalent pour WordPress qui fournit des am\u00e9liorations notables \u00e0 votre site Web sans compliquer sa structure. Il contribue \u00e0 l&rsquo;am\u00e9lioration de la lisibilit\u00e9 et de la navigation de votre site, favorisant une meilleure exp\u00e9rience pour les utilisateurs. Avec ce plugin, il est sans effort de sp\u00e9cifier la visibilit\u00e9 des m\u00e9ta-bo\u00eetes sur diff\u00e9rentes pages, publications ou interfaces de type post personnalis\u00e9.<\/p>\n<p>Ce niveau suppl\u00e9mentaire de personnalisation vous permet d&rsquo;adapter la pr\u00e9sentation de contenu de votre site Web pour s&rsquo;aligner sur vos besoins sp\u00e9cifiques. Le plugin convient \u00e9galement \u00e0 un blog personnel simple ou \u00e0 un site Web complexe \u00e0 plusieurs niveaux, car il simplifie la gestion du contenu et stimule l&rsquo;efficacit\u00e9 du site.<\/p>\n<p>De plus, le m\u00e9ta-bo\u00eete inclut le plugin excluant poss\u00e8de une interface conviviale et une suite de fonctionnalit\u00e9s utiles qui peuvent rationaliser vos t\u00e2ches de gestion de contenu, en conservant \u00e0 la fois le temps et l&rsquo;\u00e9nergie. Ses fonctionnalit\u00e9s simples mais percutantes sont sur le point de renforcer consid\u00e9rablement les capacit\u00e9s de votre site Web, ce qui en fait un candidat de choix pour quiconque visant \u00e0 \u00e9lever les performances et l&rsquo;interaction des utilisateurs de son site.<\/p>\n<ul>\n<li>Simplifie le processus d&rsquo;ajout ou de supprimer des types de poste et des taxonomies de m\u00e9ta-boxes<\/li>\n<li>Offre la polyvalence dans l&rsquo;\u00e9laboration de m\u00e9ta-box sur mesure pour des types particuliers de contenu<\/li>\n<li>Rationalise l&rsquo;administration Meta Box via le tableau de bord WordPress<\/li>\n<li>Propose une interface conviviale accessible aux d\u00e9butants et aux utilisateurs avanc\u00e9s<\/li>\n<li>Minimise les distractions dans la zone d&rsquo;\u00e9dition de post en cachant des m\u00e9ta-bo\u00eetes non essentielles<\/li>\n<li>Stimule la productivit\u00e9 pendant le processus de cr\u00e9ation et de modification du contenu<\/li>\n<li>Acc\u00e9l\u00e8re le flux de travail avec la possibilit\u00e9 de choisir rapidement les m\u00e9ta-box applicables<\/li>\n<li>Am\u00e9liore la zone d&rsquo;administration WordPress avec des options de modification personnalis\u00e9es<\/li>\n<li>Assure la compatibilit\u00e9 avec une gamme d&rsquo;autres extensions de m\u00e9ta-bo\u00eete pour une augmentation des capacit\u00e9s<\/li>\n<li>Fournit une prise en charge sup\u00e9rieure aux clients via les ressources du site Web Meta Box<\/li>\n<\/ul>\n","protected":false},"excerpt":{"rendered":"<p>L&rsquo;extension \u00abInclure Exclude\u00bb pour Meta Box permet aux d\u00e9veloppeurs d&rsquo;afficher ou de cacher conditionnellement les m\u00e9ta-bo\u00eetes sur des pages s\u00e9lectionn\u00e9es en d\u00e9finissant des crit\u00e8res tels que l&rsquo;identifiant de publication, le mod\u00e8le de page, la cat\u00e9gorie, la balise ou la taxonomie personnalis\u00e9e. En combinant diverses conditions, les d\u00e9veloppeurs ont la flexibilit\u00e9 de cr\u00e9er plusieurs limitations. De plus, ils ont la possibilit\u00e9 de cr\u00e9er une fonction personnalis\u00e9e pour d\u00e9terminer la visibilit\u00e9 du m\u00e9ta-bo\u00eete. Pour utiliser cette extension, le plugin Core Meta Box doit \u00eatre install\u00e9 initialement, qui est disponible gratuitement.<\/p>\n","protected":false},"featured_media":146776,"comment_status":"open","ping_status":"open","template":"","meta":[],"product_brand":[2593],"product_cat":[1189,1181,1186],"product_tag":[2266],"class_list":{"0":"post-136714","1":"product","2":"type-product","3":"status-publish","4":"has-post-thumbnail","6":"product_brand-meta-box","7":"product_cat-personnalisation","8":"product_cat-plugins","9":"product_cat-wordpress-plugins","10":"product_tag-meta-box","11":"member-discount","12":"discount-restricted","14":"first","15":"instock","16":"sale","17":"downloadable","18":"virtual","19":"sold-individually","20":"purchasable","21":"product-type-simple"},"_links":{"self":[{"href":"https:\/\/gpl-love.com\/fr\/wp-json\/wp\/v2\/product\/136714","targetHints":{"allow":["GET"]}}],"collection":[{"href":"https:\/\/gpl-love.com\/fr\/wp-json\/wp\/v2\/product"}],"about":[{"href":"https:\/\/gpl-love.com\/fr\/wp-json\/wp\/v2\/types\/product"}],"replies":[{"embeddable":true,"href":"https:\/\/gpl-love.com\/fr\/wp-json\/wp\/v2\/comments?post=136714"}],"wp:featuredmedia":[{"embeddable":true,"href":"https:\/\/gpl-love.com\/fr\/wp-json\/wp\/v2\/media\/146776"}],"wp:attachment":[{"href":"https:\/\/gpl-love.com\/fr\/wp-json\/wp\/v2\/media?parent=136714"}],"wp:term":[{"taxonomy":"product_brand","embeddable":true,"href":"https:\/\/gpl-love.com\/fr\/wp-json\/wp\/v2\/product_brand?post=136714"},{"taxonomy":"product_cat","embeddable":true,"href":"https:\/\/gpl-love.com\/fr\/wp-json\/wp\/v2\/product_cat?post=136714"},{"taxonomy":"product_tag","embeddable":true,"href":"https:\/\/gpl-love.com\/fr\/wp-json\/wp\/v2\/product_tag?post=136714"}],"curies":[{"name":"wp","href":"https:\/\/api.w.org\/{rel}","templated":true}]}}