{"id":136713,"date":"2026-03-23T00:00:00","date_gmt":"2026-03-22T23:00:00","guid":{"rendered":"https:\/\/gpl-love.com\/fr\/produit\/supportcandy-usergroup\/"},"modified":"2026-03-23T23:31:21","modified_gmt":"2026-03-23T22:31:21","slug":"supportcandy-usergroup","status":"publish","type":"product","link":"https:\/\/gpl-love.com\/fr\/produit\/supportcandy-usergroup\/","title":{"rendered":"SupportCandy Usergroup 3.2.3"},"content":{"rendered":"<h3>SupportCandy Usergroup Traits<\/h3>\n<p>SupportCandy UserGroups fournit une solution avanc\u00e9e de gestion des utilisateurs et des billets adapt\u00e9e pour am\u00e9liorer la surveillance organisationnelle des interactions client et client. Les administrateurs sont \u00e9quip\u00e9s des outils pour former et superviser des groupes d&rsquo;utilisateurs distincts, r\u00e9guler les autorisations d&rsquo;acc\u00e8s, superviser les abonnements du groupe et acheminer rapidement les billets vers des \u00e9quipes sp\u00e9cifiques. Ce produit est fabriqu\u00e9 avec un syst\u00e8me dynamique qui automatise l&rsquo;allocation des billets, ainsi que le tri des utilisateurs et des groupes d&rsquo;utilisateurs, avec la flexibilit\u00e9 pour ajuster ces param\u00e8tres \u00e0 la vol\u00e9e, m\u00eame lorsque le syst\u00e8me est op\u00e9rationnel.<\/p>\n<p>L&rsquo;impl\u00e9mentation de la fonctionnalit\u00e9 des groupes d&rsquo;utilisateurs dans SupportCandy simplifie la gouvernance des engagements des clients et des utilisateurs. Il introduit un syst\u00e8me d&rsquo;autorit\u00e9 structur\u00e9 pour naviguer dans les autorisations des utilisateurs, permet aux gestionnaires de surveiller les activit\u00e9s et facilite la d\u00e9l\u00e9gation des responsabilit\u00e9s et des droits d&rsquo;acc\u00e8s entre les membres du r\u00e9seau. Avec des capacit\u00e9s qui s&rsquo;\u00e9tendent \u00e0 la gestion des abonnements des groupes d&rsquo;utilisateurs, \u00e0 l&rsquo;ajustement des profils d&rsquo;utilisateurs et \u00e0 l&rsquo;attribution des droits et des t\u00e2ches, les gestionnaires peuvent diriger efficacement les billets vers les bons groupes, s&rsquo;alignant avec la structure d&rsquo;autorit\u00e9 bas\u00e9e sur les r\u00f4les de l&rsquo;entreprise.<\/p>\n<p>L&rsquo;automatisation intelligente des affectations de billets et d&rsquo;utilisateurs r\u00e9duit consid\u00e9rablement le fardeau administratif, permettant aux gestionnaires de services et aux administrateurs de compte de se concentrer davantage sur la lutte contre les demandes et les pr\u00e9occupations des clients. Cette efficacit\u00e9 garantit que les op\u00e9rations de service se poursuivent de mani\u00e8re transparente, lib\u00e9rant le personnel de se concentrer sur la fourniture d&rsquo;interactions de clients de qualit\u00e9. SupportCandy UserGroups est con\u00e7u pour aider les services de service \u00e0 la client\u00e8le<\/p>\n<ul>\n<li>Les groupes d&rsquo;utilisateurs personnalis\u00e9s sont cr\u00e9ables par les utilisateurs; Ils peuvent ajouter des membres, d\u00e9finir les hi\u00e9rarchies et allouer des autorisations d&rsquo;acc\u00e8s.<\/li>\n<li>Les membres de l&rsquo;\u00e9quipe avec autorisation ont la capacit\u00e9 de modifier, de supprimer ou de s&rsquo;affilier aux groupes d&rsquo;utilisateurs existants.<\/li>\n<li>L&rsquo;int\u00e9gration avec Google Recaptcha contrecarre des inscriptions injustifi\u00e9es en v\u00e9rifiant les enregistrements authentiques.<\/li>\n<li>Les utilisateurs peuvent \u00eatre tri\u00e9s automatiquement en groupes d&rsquo;utilisateurs sp\u00e9cifiques en fonction de crit\u00e8res comme l&#8217;emplacement g\u00e9ographique ou des produits achet\u00e9s.<\/li>\n<li>Les administrateurs et les utilisateurs ont la possibilit\u00e9 d&rsquo;instituer de nouveaux groupes d&rsquo;utilisateurs \u00e0 partir de leurs interfaces respectives.<\/li>\n<li>Les groupes d&rsquo;utilisateurs b\u00e9n\u00e9ficient de performances am\u00e9lior\u00e9es gr\u00e2ce \u00e0 un syst\u00e8me de mise en cache sp\u00e9cialis\u00e9.<\/li>\n<li>Il existe une fonctionnalit\u00e9 disponible pour distribuer des e-mails d&rsquo;activation des comptes aux membres des groupes d&rsquo;utilisateurs.<\/li>\n<li>Dans chaque groupe d&rsquo;utilisateurs, la gestion des r\u00f4les et autorisations des membres est rationalis\u00e9e.<\/li>\n<li>Les pi\u00e8ces jointes multim\u00e9dias personnalis\u00e9es telles que les vid\u00e9os et les images peuvent \u00eatre li\u00e9es \u00e0 des groupes d&rsquo;utilisateurs particuliers.<\/li>\n<\/ul>\n","protected":false},"excerpt":{"rendered":"<p>SupportCandy UserGroups propose une solution robuste pour que les entreprises rationalisent leurs processus de gestion des utilisateurs et des billets. Cet outil permet aux administrateurs d&rsquo;organiser efficacement les utilisateurs en groupes distincts, de d\u00e9l\u00e9guer des droits d&rsquo;acc\u00e8s sp\u00e9cifiques, de superviser les abonnements du groupe et d&rsquo;allouer rapidement des billets aux \u00e9quipes appropri\u00e9es. Con\u00e7u avec un cadre op\u00e9rationnel intelligent, il facilite la distribution automatis\u00e9e des billets, des utilisateurs et des groupes d&rsquo;utilisateurs. Cette capacit\u00e9 d&rsquo;attribution intelligente peut \u00eatre configur\u00e9e et modifi\u00e9e en temps r\u00e9el, garantissant que le syst\u00e8me reste sensible aux besoins en \u00e9volution de l&rsquo;organisation m\u00eame lors d&rsquo;une utilisation active.<\/p>\n","protected":false},"featured_media":146775,"comment_status":"open","ping_status":"open","template":"","meta":[],"product_brand":[2666],"product_cat":[1187,1181,1186],"product_tag":[1855],"class_list":{"0":"post-136713","1":"product","2":"type-product","3":"status-publish","4":"has-post-thumbnail","6":"product_brand-supportcandy","7":"product_cat-administration-wordpress-plugins","8":"product_cat-plugins","9":"product_cat-wordpress-plugins","10":"product_tag-supportcandy","11":"member-discount","12":"discount-restricted","14":"first","15":"instock","16":"sale","17":"downloadable","18":"virtual","19":"sold-individually","20":"purchasable","21":"product-type-simple"},"_links":{"self":[{"href":"https:\/\/gpl-love.com\/fr\/wp-json\/wp\/v2\/product\/136713","targetHints":{"allow":["GET"]}}],"collection":[{"href":"https:\/\/gpl-love.com\/fr\/wp-json\/wp\/v2\/product"}],"about":[{"href":"https:\/\/gpl-love.com\/fr\/wp-json\/wp\/v2\/types\/product"}],"replies":[{"embeddable":true,"href":"https:\/\/gpl-love.com\/fr\/wp-json\/wp\/v2\/comments?post=136713"}],"wp:featuredmedia":[{"embeddable":true,"href":"https:\/\/gpl-love.com\/fr\/wp-json\/wp\/v2\/media\/146775"}],"wp:attachment":[{"href":"https:\/\/gpl-love.com\/fr\/wp-json\/wp\/v2\/media?parent=136713"}],"wp:term":[{"taxonomy":"product_brand","embeddable":true,"href":"https:\/\/gpl-love.com\/fr\/wp-json\/wp\/v2\/product_brand?post=136713"},{"taxonomy":"product_cat","embeddable":true,"href":"https:\/\/gpl-love.com\/fr\/wp-json\/wp\/v2\/product_cat?post=136713"},{"taxonomy":"product_tag","embeddable":true,"href":"https:\/\/gpl-love.com\/fr\/wp-json\/wp\/v2\/product_tag?post=136713"}],"curies":[{"name":"wp","href":"https:\/\/api.w.org\/{rel}","templated":true}]}}