{"id":136712,"date":"2025-12-25T00:00:00","date_gmt":"2025-12-24T23:00:00","guid":{"rendered":"https:\/\/gpl-love.com\/fr\/produit\/supportcandy-agentgroup\/"},"modified":"2026-03-20T23:59:13","modified_gmt":"2026-03-20T22:59:13","slug":"supportcandy-agentgroup","status":"publish","type":"product","link":"https:\/\/gpl-love.com\/fr\/produit\/supportcandy-agentgroup\/","title":{"rendered":"SupportCandy Agentgroup 3.1.1"},"content":{"rendered":"<h3>SupportCandy Agentgroup Traits<\/h3>\n<p>Le plugin \u00abSupportCandy AgentGroup\u00bb est un ajout transformateur pour les propri\u00e9taires de sites WordPress qui cherchent \u00e0 \u00e9lever leur syst\u00e8me de support client. En permettant au regroupement des agents de soutien conformes \u00e0 leur expertise ou \u00e0 d&rsquo;autres facteurs pertinents, les entreprises peuvent consid\u00e9rablement augmenter la productivit\u00e9 et l&rsquo;efficacit\u00e9 de leurs \u00e9quipes de service client. Ceci, \u00e0 son tour, fait grimper le contentement des clients et favorise la fid\u00e9lit\u00e9.<\/p>\n<p>La mise en \u0153uvre de \u00abSupportCandy AgentGroup\u00bb introduit la polyvalence dans la construction et la gestion des \u00e9quipes adeptes pour lutter contre diverses demandes de clients. S&rsquo;assurer que les clients sont accueillis avec des r\u00e9ponses rapides et comp\u00e9tentes am\u00e9liorent la qualit\u00e9 du soutien fournie. Le plugin accorde \u00e9galement aux administrateurs le pouvoir d&rsquo;observer et d&rsquo;\u00e9valuer l&rsquo;\u00e9quipe de soutien et les performances des agents individuels, jetant les bases des am\u00e9liorations continues.<\/p>\n<p>De plus, le plugin offre aux propri\u00e9taires de sites Web de pr\u00e9cision dans le contr\u00f4le de l&rsquo;autorisation, accordant le niveau d&rsquo;acc\u00e8s et les t\u00e2ches appropri\u00e9 \u00e0 chaque agent en fonction de leurs capacit\u00e9s et de leurs ant\u00e9c\u00e9dents. Cette fonction de sauvegarde est cruciale pour maintenir la confidentialit\u00e9 et emp\u00eacher un acc\u00e8s non autoris\u00e9 \u00e0 des donn\u00e9es sensibles.<\/p>\n<ul>\n<li>SupportCandy AgentGroup permet aux utilisateurs d&rsquo;\u00e9tablir et de superviser les collectifs d&rsquo;agents.<\/li>\n<li>Il rationalise l&rsquo;allocation des requ\u00eates de soutien entre les membres de l&rsquo;\u00e9quipe pour les charges de travail \u00e9quilibr\u00e9es.<\/li>\n<li>Les utilisateurs ont la possibilit\u00e9 d&rsquo;adapter les configurations de groupe, de d\u00e9finir les crit\u00e8res de routage des billets et de d\u00e9finir les niveaux d&rsquo;acc\u00e8s.<\/li>\n<li>Avec la capacit\u00e9 d&rsquo;un nombre illimit\u00e9 de groupes, le plugin accueille \u00e9galement des agents en plusieurs groupes.<\/li>\n<li>Il fait de mani\u00e8re transparente avec le plugin de supportCandy Helpdesk pour les fonctionnalit\u00e9s coh\u00e9sives.<\/li>\n<li>Les utilisateurs b\u00e9n\u00e9ficient de la flexibilit\u00e9 de basculer entre les perspectives collectives et individuelles des agents.<\/li>\n<li>La capacit\u00e9 d&rsquo;agentGroup am\u00e9liore la synergie de l&rsquo;\u00e9quipe et augmente la communication interne au sein des unit\u00e9s de support.<\/li>\n<li>Il simplifie la gestion des billets de support, contribuant \u00e0 un flux de travail de soutien efficace.<\/li>\n<li>Avec sa conception intuitive et sa mise en \u0153uvre simple, le plugin est centr\u00e9 sur l&rsquo;utilisateur et facile \u00e0 int\u00e9grer.<\/li>\n<\/ul>\n","protected":false},"excerpt":{"rendered":"<p>Le plugin d&rsquo;agent de supportCandy r\u00e9volutionne les op\u00e9rations de service d&rsquo;assistance en introduisant un syst\u00e8me rationalis\u00e9 pour la division de l&rsquo;\u00e9quipe d&rsquo;agent et l&rsquo;attribution de billets. Cet outil puissant accorde la capacit\u00e9 d&rsquo;orchestrer m\u00e9ticuleusement les agents de soutien en formant des clusters et en canalisant les demandes d&rsquo;aide aux \u00e9quipes d\u00e9sign\u00e9es. Il permet la cr\u00e9ation et la supervision de nombreux groupes d&rsquo;agents, optimisant la distribution des billets dans diff\u00e9rentes \u00e9quipes de mani\u00e8re transparente. Le plugin acc\u00e9l\u00e8re la fourniture de services de support en dirigeant des billets vers des groupes sp\u00e9cialis\u00e9s, en am\u00e9liorant l&rsquo;efficacit\u00e9 et la pr\u00e9cision avec lesquelles les agents g\u00e8rent les demandes des clients. Craft pour la simplicit\u00e9 et l&rsquo;efficacit\u00e9, SupportCandy AgentGroup apporte une simplicit\u00e9 et une adaptabilit\u00e9 in\u00e9gal\u00e9es \u00e0 la surveillance des \u00e9quipes de soutien. Il s&rsquo;agit d&rsquo;un atout essentiel pour toute entreprise visant \u00e0 affiner et \u00e0 am\u00e9liorer leurs strat\u00e9gies de gestion des billets de bureau.<\/p>\n","protected":false},"featured_media":146774,"comment_status":"open","ping_status":"open","template":"","meta":[],"product_brand":[2666],"product_cat":[1187,1181,1186],"product_tag":[1855],"class_list":{"0":"post-136712","1":"product","2":"type-product","3":"status-publish","4":"has-post-thumbnail","6":"product_brand-supportcandy","7":"product_cat-administration-wordpress-plugins","8":"product_cat-plugins","9":"product_cat-wordpress-plugins","10":"product_tag-supportcandy","11":"member-discount","12":"discount-restricted","14":"first","15":"instock","16":"sale","17":"downloadable","18":"virtual","19":"sold-individually","20":"purchasable","21":"product-type-simple"},"_links":{"self":[{"href":"https:\/\/gpl-love.com\/fr\/wp-json\/wp\/v2\/product\/136712","targetHints":{"allow":["GET"]}}],"collection":[{"href":"https:\/\/gpl-love.com\/fr\/wp-json\/wp\/v2\/product"}],"about":[{"href":"https:\/\/gpl-love.com\/fr\/wp-json\/wp\/v2\/types\/product"}],"replies":[{"embeddable":true,"href":"https:\/\/gpl-love.com\/fr\/wp-json\/wp\/v2\/comments?post=136712"}],"wp:featuredmedia":[{"embeddable":true,"href":"https:\/\/gpl-love.com\/fr\/wp-json\/wp\/v2\/media\/146774"}],"wp:attachment":[{"href":"https:\/\/gpl-love.com\/fr\/wp-json\/wp\/v2\/media?parent=136712"}],"wp:term":[{"taxonomy":"product_brand","embeddable":true,"href":"https:\/\/gpl-love.com\/fr\/wp-json\/wp\/v2\/product_brand?post=136712"},{"taxonomy":"product_cat","embeddable":true,"href":"https:\/\/gpl-love.com\/fr\/wp-json\/wp\/v2\/product_cat?post=136712"},{"taxonomy":"product_tag","embeddable":true,"href":"https:\/\/gpl-love.com\/fr\/wp-json\/wp\/v2\/product_tag?post=136712"}],"curies":[{"name":"wp","href":"https:\/\/api.w.org\/{rel}","templated":true}]}}