{"id":136709,"date":"2026-03-23T00:00:00","date_gmt":"2026-03-22T23:00:00","guid":{"rendered":"https:\/\/gpl-love.com\/fr\/produit\/supportcandy-assign-agent-rules\/"},"modified":"2026-03-23T23:31:18","modified_gmt":"2026-03-23T22:31:18","slug":"supportcandy-assign-agent-rules","status":"publish","type":"product","link":"https:\/\/gpl-love.com\/fr\/produit\/supportcandy-assign-agent-rules\/","title":{"rendered":"SupportCandy Assign Agent Rules 3.1.2"},"content":{"rendered":"<h3>SupportCandy Assign Agent Rules Traits<\/h3>\n<p>L&rsquo;int\u00e9gration de \u00absupportCandy Assign les r\u00e8gles d&rsquo;agent\u00bb dans votre site WordPress peut consid\u00e9rablement augmenter l&rsquo;efficacit\u00e9 de votre syst\u00e8me de support. Ce plugin permet la configuration des r\u00e8gles automatis\u00e9es qui attribuent rapidement des billets entrants \u00e0 vos agents de support en fonction de crit\u00e8res sp\u00e9cifi\u00e9s, y compris des types de billets, des cat\u00e9gories ou des balises. Cette automatisation affine le flux de travail de billetterie, garantissant que les billets sont rapidement dirig\u00e9s vers les agents les plus appropri\u00e9s.<\/p>\n<p>L&rsquo;outil \u00e9limine l&rsquo;heure et les erreurs li\u00e9es \u00e0 l&rsquo;attribution de billets manuelle, offrant un syst\u00e8me beaucoup plus fiable. De plus, il fournit la fonctionnalit\u00e9 pour hi\u00e9rarchiser certains billets, en s&rsquo;assurant que les probl\u00e8mes critiques sont pris en charge par les bons agents sans d\u00e9lai.<\/p>\n<p>Une affectation de billets efficace est essentielle pour \u00e9lever la satisfaction du client car elle conduit \u00e0 des r\u00e9ponses de support plus rapides et plus pr\u00e9cises. Une r\u00e9duction du temps de r\u00e9ponse est un autre avantage qui contribue \u00e0 une exp\u00e9rience de support client sup\u00e9rieure.<\/p>\n<p>En r\u00e9sum\u00e9, \u00abSupportCandy Assign les r\u00e8gles d&rsquo;agent\u00bb est un ajout pratique et fiable pour rationaliser votre syst\u00e8me de billets de support, jouant un r\u00f4le important dans l&rsquo;am\u00e9lioration de la qualit\u00e9 du service client. Il repr\u00e9sente un choix intelligent pour tout propri\u00e9taire de site Web ax\u00e9 sur l&rsquo;optimisation de son offre de support client.<\/p>\n<ul>\n<li>Le supportCandy Assign Agent Rules est une extension dynamique con\u00e7ue pour le plugin d&rsquo;assistance supportCandy.<\/li>\n<li>Il introduit un syst\u00e8me automatis\u00e9 pour le routage des billets aux agents en fonction des conditions pr\u00e9d\u00e9finies.<\/li>\n<li>Les protocoles d&rsquo;affectation d\u00e9finis peuvent \u00eatre bas\u00e9s sur divers attributs de billets, y compris le statut, la priorit\u00e9, le d\u00e9partement, les produits associ\u00e9s, les balises et les entr\u00e9es sur le terrain sur mesure.<\/li>\n<li>Il int\u00e8gre un m\u00e9canisme de secours \u00e0 l&rsquo;attribution d&rsquo;agent par d\u00e9faut pour les billets en dehors de la port\u00e9e des r\u00e8gles \u00e9tablies.<\/li>\n<li>En utilisant SupportCandy attribuer des r\u00e8gles d&rsquo;agent, vous vous assurez que les billets sont allou\u00e9s conform\u00e9ment \u00e0 l&rsquo;expertise de l&rsquo;agent et \u00e0 leur capacit\u00e9 actuelle.<\/li>\n<li>L&rsquo;extension poss\u00e8de un processus d&rsquo;installation sans probl\u00e8me, s&rsquo;installant parfaitement dans le cadre de supportcandy existant.<\/li>\n<li>Adaptez les crit\u00e8res d&rsquo;attribution des agents au besoin, avec l&rsquo;assurance de l&rsquo;application imm\u00e9diate de toute modification apport\u00e9e.<\/li>\n<\/ul>\n","protected":false},"excerpt":{"rendered":"<p>SupportCandy Assign les r\u00e8gles d&rsquo;agent sert de solution logicielle sur mesure, adepte pour synchroniser les flux de travail du support client avec les objectifs et les stipulations distinctifs des entreprises. Cet outil facilite la d\u00e9l\u00e9gation automatique des billets pour les agents les plus qualifi\u00e9s en utilisant un ensemble de crit\u00e8res pr\u00e9d\u00e9termin\u00e9s, optimisant ainsi la rapidit\u00e9 et l&rsquo;efficacit\u00e9 pour r\u00e9pondre aux pr\u00e9occupations des clients. Avec ce logiciel, les entreprises ont la libert\u00e9 d&rsquo;\u00e9laborer leurs propres protocoles d&rsquo;affectation, l&rsquo;affacturage dans des \u00e9l\u00e9ments tels que la sp\u00e9cificit\u00e9 du d\u00e9partement, la ma\u00eetrise du langage, l&rsquo;urgence des probl\u00e8mes, etc., garantissant que ces directives sont appliqu\u00e9es uniform\u00e9ment par le personnel de soutien. Ce logiciel am\u00e9liore le m\u00e9canisme d&rsquo;attribution de billets, offrant un chemin rationalis\u00e9 et percutant pour les entreprises qui cherchent \u00e0 am\u00e9liorer leur cadre de support client.<\/p>\n","protected":false},"featured_media":146771,"comment_status":"open","ping_status":"open","template":"","meta":[],"product_brand":[2666],"product_cat":[1187,1181,1186],"product_tag":[1855],"class_list":{"0":"post-136709","1":"product","2":"type-product","3":"status-publish","4":"has-post-thumbnail","6":"product_brand-supportcandy","7":"product_cat-administration-wordpress-plugins","8":"product_cat-plugins","9":"product_cat-wordpress-plugins","10":"product_tag-supportcandy","11":"member-discount","12":"discount-restricted","14":"first","15":"instock","16":"sale","17":"downloadable","18":"virtual","19":"sold-individually","20":"purchasable","21":"product-type-simple"},"_links":{"self":[{"href":"https:\/\/gpl-love.com\/fr\/wp-json\/wp\/v2\/product\/136709","targetHints":{"allow":["GET"]}}],"collection":[{"href":"https:\/\/gpl-love.com\/fr\/wp-json\/wp\/v2\/product"}],"about":[{"href":"https:\/\/gpl-love.com\/fr\/wp-json\/wp\/v2\/types\/product"}],"replies":[{"embeddable":true,"href":"https:\/\/gpl-love.com\/fr\/wp-json\/wp\/v2\/comments?post=136709"}],"wp:featuredmedia":[{"embeddable":true,"href":"https:\/\/gpl-love.com\/fr\/wp-json\/wp\/v2\/media\/146771"}],"wp:attachment":[{"href":"https:\/\/gpl-love.com\/fr\/wp-json\/wp\/v2\/media?parent=136709"}],"wp:term":[{"taxonomy":"product_brand","embeddable":true,"href":"https:\/\/gpl-love.com\/fr\/wp-json\/wp\/v2\/product_brand?post=136709"},{"taxonomy":"product_cat","embeddable":true,"href":"https:\/\/gpl-love.com\/fr\/wp-json\/wp\/v2\/product_cat?post=136709"},{"taxonomy":"product_tag","embeddable":true,"href":"https:\/\/gpl-love.com\/fr\/wp-json\/wp\/v2\/product_tag?post=136709"}],"curies":[{"name":"wp","href":"https:\/\/api.w.org\/{rel}","templated":true}]}}