{"id":136285,"date":"2026-01-24T00:00:00","date_gmt":"2026-01-23T23:00:00","guid":{"rendered":"https:\/\/gpl-love.com\/fr\/produit\/spectra-pro\/"},"modified":"2026-03-20T23:59:08","modified_gmt":"2026-03-20T22:59:08","slug":"spectra-pro","status":"publish","type":"product","link":"https:\/\/gpl-love.com\/fr\/produit\/spectra-pro\/","title":{"rendered":"Spectra Pro 1.2.9"},"content":{"rendered":"<h3>Spectra Pro Traits<\/h3>\n<p>Spectra Pro est un plugin WordPress exceptionnellement robuste et polyvalent \u00e9labor\u00e9 pour augmenter consid\u00e9rablement les capacit\u00e9s et l&rsquo;efficacit\u00e9 de votre site Web. Le plugin est livr\u00e9 avec une vaste s\u00e9lection d&rsquo;outils et de fonctionnalit\u00e9s m\u00e9ticuleusement con\u00e7ues pour offrir une exp\u00e9rience rationalis\u00e9e et intuitive pour les administrateurs de sites Web et les gestionnaires de contenu. Que vous cherchiez \u00e0 apporter des am\u00e9liorations techniques ou \u00e0 am\u00e9liorer les \u00e9l\u00e9ments visuels, Spectra Pro est pr\u00eate \u00e0 aider.<\/p>\n<ul>\n<li>Am\u00e9lioration des performances du site Web avec des temps de chargement plus rapides<\/li>\n<li>M\u00e9canisme de mise en cache sophistiqu\u00e9 pour augmenter la vitesse du site<\/li>\n<li>Compression d&rsquo;image efficace pour minimiser la taille tout en maintenant la qualit\u00e9<\/li>\n<li>Automatis\u00e9 r\u00e9tr\u00e9cissant et fusion de CSS et JavaScript pour optimiser la gestion des fichiers<\/li>\n<li>Chargement progressif de l&rsquo;image et vid\u00e9o pour diminuer la dur\u00e9e de chargement de page initiale<\/li>\n<li>Int\u00e9gration native avec les r\u00e9seaux de livraison de contenu pour une distribution de contenu plus rapide<\/li>\n<li>Structure de codage raffin\u00e9e pour augmenter la compatibilit\u00e9 avec divers th\u00e8mes et plugins<\/li>\n<li>Compatibilit\u00e9 approfondie avec les polices Google et l&rsquo;int\u00e9gration sans couture de Google Analytics<\/li>\n<li>Compression GZIP active pour r\u00e9duire les fichiers HTML, CSS et JavaScript<\/li>\n<li>Compatibilit\u00e9 transparente avec les principaux plugins de mise en cache pour des mises \u00e0 niveau de performances suppl\u00e9mentaires<\/li>\n<\/ul>\n","protected":false},"excerpt":{"rendered":"<p>Spectra Pro est un plugin WordPress robuste con\u00e7u pour transformer la fa\u00e7on dont vous construisez des sites Web. R\u00e9pondant aux besoins des experts chevronn\u00e9s et des novices, il permet aux utilisateurs de cr\u00e9er des sites Web visuellement captivants sans n\u00e9cessiter de codage ou de prouesse de conception. Fabriqu\u00e9 pour une int\u00e9gration impeccable avec l&rsquo;\u00e9diteur WordPress par d\u00e9faut, Spectra Pro appara\u00eet comme un outil de cr\u00e9ation de site Web exceptionnellement convivial.<\/p>\n","protected":false},"featured_media":146769,"comment_status":"open","ping_status":"open","template":"","meta":[],"product_brand":[2462],"product_cat":[1189,1181,1186],"product_tag":[2349],"class_list":{"0":"post-136285","1":"product","2":"type-product","3":"status-publish","4":"has-post-thumbnail","6":"product_brand-brainstorm-force","7":"product_cat-personnalisation","8":"product_cat-plugins","9":"product_cat-wordpress-plugins","10":"product_tag-brainstorm-force","11":"member-discount","12":"discount-restricted","14":"first","15":"instock","16":"sale","17":"downloadable","18":"virtual","19":"sold-individually","20":"purchasable","21":"product-type-simple"},"_links":{"self":[{"href":"https:\/\/gpl-love.com\/fr\/wp-json\/wp\/v2\/product\/136285","targetHints":{"allow":["GET"]}}],"collection":[{"href":"https:\/\/gpl-love.com\/fr\/wp-json\/wp\/v2\/product"}],"about":[{"href":"https:\/\/gpl-love.com\/fr\/wp-json\/wp\/v2\/types\/product"}],"replies":[{"embeddable":true,"href":"https:\/\/gpl-love.com\/fr\/wp-json\/wp\/v2\/comments?post=136285"}],"wp:featuredmedia":[{"embeddable":true,"href":"https:\/\/gpl-love.com\/fr\/wp-json\/wp\/v2\/media\/146769"}],"wp:attachment":[{"href":"https:\/\/gpl-love.com\/fr\/wp-json\/wp\/v2\/media?parent=136285"}],"wp:term":[{"taxonomy":"product_brand","embeddable":true,"href":"https:\/\/gpl-love.com\/fr\/wp-json\/wp\/v2\/product_brand?post=136285"},{"taxonomy":"product_cat","embeddable":true,"href":"https:\/\/gpl-love.com\/fr\/wp-json\/wp\/v2\/product_cat?post=136285"},{"taxonomy":"product_tag","embeddable":true,"href":"https:\/\/gpl-love.com\/fr\/wp-json\/wp\/v2\/product_tag?post=136285"}],"curies":[{"name":"wp","href":"https:\/\/api.w.org\/{rel}","templated":true}]}}