{"id":136097,"date":"2025-12-04T00:00:00","date_gmt":"2025-12-03T23:00:00","guid":{"rendered":"https:\/\/gpl-love.com\/fr\/produit\/ultimate-member-groups-2-4-2\/"},"modified":"2026-03-20T23:59:07","modified_gmt":"2026-03-20T22:59:07","slug":"ultimate-member-groups-2-4-2","status":"publish","type":"product","link":"https:\/\/gpl-love.com\/fr\/produit\/ultimate-member-groups-2-4-2\/","title":{"rendered":"Ultimate Member Groups 2.5.0"},"content":{"rendered":"<h3>Ultimate Member Groups Traits<\/h3>\n<p>Les groupes de membres Ultimate sont un produit innovant con\u00e7u pour am\u00e9liorer la fonctionnalit\u00e9 et l&rsquo;exp\u00e9rience utilisateur de votre site Web. Ce plugin de pointe vous permet de cr\u00e9er et de g\u00e9rer des groupes d&rsquo;utilisateurs efficacement et sans effort. Il fournit une plate-forme o\u00f9 les membres peuvent communiquer, collaborer et partager efficacement des id\u00e9es. Les groupes de membres Ultimate propose \u00e9galement des fonctionnalit\u00e9s uniques telles que l&rsquo;acc\u00e8s au groupe priv\u00e9, les r\u00f4les d&rsquo;utilisateurs personnalis\u00e9s et le contenu sp\u00e9cifique au groupe qui vous permet d&rsquo;adapter vos groupes d&rsquo;utilisateurs en fonction de vos besoins sp\u00e9cifiques. Il est convivial, facile \u00e0 installer et \u00e0 int\u00e9grer, ce qui en fait un outil essentiel pour tout site Web. Am\u00e9liorez la sensation communautaire de votre site Web et l&rsquo;engagement des utilisateurs avec les groupes de membres ultimes.<\/p>\n<ul>\n<li>Les groupes de membres Ultimate sont une plate-forme en ligne premium con\u00e7ue pour g\u00e9rer efficacement diff\u00e9rents groupes d&rsquo;utilisateurs.<\/li>\n<li>Il fournit un moyen pratique et efficace pour les administrateurs d&rsquo;organiser les membres de leur site en groupes sp\u00e9cifiques.<\/li>\n<li>La plate-forme offre une interface facile \u00e0 utiliser, permettant aux membres de rejoindre ou de laisser des groupes en fonction de leurs pr\u00e9f\u00e9rences.<\/li>\n<li>Les groupes de membres ultimes permettent la cr\u00e9ation de groupes illimit\u00e9s, offrant des opportunit\u00e9s pour diverses discussions et connexions.<\/li>\n<li>Il comprend \u00e9galement une fonctionnalit\u00e9 pour les administrateurs de groupe pour approuver ou rejeter les demandes d&rsquo;adh\u00e9sion, garantissant l&rsquo;int\u00e9grit\u00e9 de chaque groupe.<\/li>\n<li>Avec les param\u00e8tres de confidentialit\u00e9, les groupes peuvent \u00eatre rendus publics, priv\u00e9s ou cach\u00e9s en fonction de l&rsquo;exigence, fournissant un environnement s\u00e9curis\u00e9 aux utilisateurs.<\/li>\n<li>La plate-forme permet \u00e9galement aux chefs de groupe d&rsquo;envoyer des messages ou des notifications, en favorisant une meilleure communication.<\/li>\n<li>Les groupes membres ultimes prennent en charge l&rsquo;int\u00e9gration transparente avec d&rsquo;autres plugins de membres ultimes, fournissant une solution compl\u00e8te de gestion des utilisateurs.<\/li>\n<li>Il s&rsquo;agit d&rsquo;un excellent outil pour les sites Web de la communaut\u00e9, les sites d&rsquo;adh\u00e9sion et toute plate-forme qui n\u00e9cessite des groupes d&rsquo;utilisateurs organis\u00e9s et g\u00e9rables.<\/li>\n<\/ul>\n","protected":false},"excerpt":{"rendered":"<p>Le terme \u00abgroupes de membres ultimes\u00bb fait r\u00e9f\u00e9rence \u00e0 une cat\u00e9gorie ou une classification sp\u00e9cifique au sein d&rsquo;un syst\u00e8me ou d&rsquo;une organisation plus large qui se concentre principalement sur la cr\u00e9ation d&rsquo;un syst\u00e8me d&rsquo;interaction et de gestion de groupe plus am\u00e9lior\u00e9 et plus efficace. Ce syst\u00e8me est con\u00e7u pour promouvoir un processus de communication et de collaboration plus rationalis\u00e9 entre ses membres. De plus, ces groupes sont mis en place dans le but ultime de s&rsquo;assurer que la fonctionnalit\u00e9 globale et la productivit\u00e9 du groupe ou de l&rsquo;organisation sont syst\u00e9matiquement am\u00e9lior\u00e9es et maintenues \u00e0 un niveau \u00e9lev\u00e9.<\/p>\n","protected":false},"featured_media":146768,"comment_status":"open","ping_status":"open","template":"","meta":[],"product_brand":[2679],"product_cat":[1300,1181,1186],"product_tag":[2296],"class_list":{"0":"post-136097","1":"product","2":"type-product","3":"status-publish","4":"has-post-thumbnail","6":"product_brand-ultimate-member","7":"product_cat-adhesion","8":"product_cat-plugins","9":"product_cat-wordpress-plugins","10":"product_tag-ultimate-member","11":"member-discount","12":"discount-restricted","14":"first","15":"instock","16":"sale","17":"downloadable","18":"virtual","19":"sold-individually","20":"purchasable","21":"product-type-simple"},"_links":{"self":[{"href":"https:\/\/gpl-love.com\/fr\/wp-json\/wp\/v2\/product\/136097","targetHints":{"allow":["GET"]}}],"collection":[{"href":"https:\/\/gpl-love.com\/fr\/wp-json\/wp\/v2\/product"}],"about":[{"href":"https:\/\/gpl-love.com\/fr\/wp-json\/wp\/v2\/types\/product"}],"replies":[{"embeddable":true,"href":"https:\/\/gpl-love.com\/fr\/wp-json\/wp\/v2\/comments?post=136097"}],"wp:featuredmedia":[{"embeddable":true,"href":"https:\/\/gpl-love.com\/fr\/wp-json\/wp\/v2\/media\/146768"}],"wp:attachment":[{"href":"https:\/\/gpl-love.com\/fr\/wp-json\/wp\/v2\/media?parent=136097"}],"wp:term":[{"taxonomy":"product_brand","embeddable":true,"href":"https:\/\/gpl-love.com\/fr\/wp-json\/wp\/v2\/product_brand?post=136097"},{"taxonomy":"product_cat","embeddable":true,"href":"https:\/\/gpl-love.com\/fr\/wp-json\/wp\/v2\/product_cat?post=136097"},{"taxonomy":"product_tag","embeddable":true,"href":"https:\/\/gpl-love.com\/fr\/wp-json\/wp\/v2\/product_tag?post=136097"}],"curies":[{"name":"wp","href":"https:\/\/api.w.org\/{rel}","templated":true}]}}