{"id":136096,"date":"2024-11-29T00:00:00","date_gmt":"2024-11-28T23:00:00","guid":{"rendered":"https:\/\/gpl-love.com\/fr\/produit\/ultimate-member-user-photos-2-1-5\/"},"modified":"2026-03-20T23:59:06","modified_gmt":"2026-03-20T22:59:06","slug":"ultimate-member-user-photos-2-1-5","status":"publish","type":"product","link":"https:\/\/gpl-love.com\/fr\/produit\/ultimate-member-user-photos-2-1-5\/","title":{"rendered":"Ultimate Member User Photos 2.2.0"},"content":{"rendered":"<h3>Ultimate Member User Photos Traits<\/h3>\n<p>Ultimate Member User Photos est un produit innovant con\u00e7u pour am\u00e9liorer la fonctionnalit\u00e9 de votre site Web. Ce plugin permet aux membres de t\u00e9l\u00e9charger et de g\u00e9rer efficacement leurs collections de photos sur votre site. Il s&rsquo;int\u00e8gre parfaitement avec le plugin ultime des membres, permettant aux utilisateurs de cr\u00e9er, g\u00e9rer et supprimer leurs albums photo avec facilit\u00e9. Les utilisateurs peuvent \u00e9galement marquer leurs amis, ajouter des descriptions aux photos et d\u00e9finir des options de confidentialit\u00e9 pour chaque album. Cet outil fournit une plate-forme pour l&rsquo;interaction et l&rsquo;engagement des utilisateurs, ce qui rend votre site Web plus dynamique et convivial. Ultimate Member User Photos est un excellent choix pour les sites Web de la communaut\u00e9, offrant un moyen simple et efficace pour les membres de partager des photos et de cr\u00e9er des connexions avec d&rsquo;autres.<\/p>\n<ul>\n<li>Ultimate Member User Photos est un outil complet con\u00e7u pour am\u00e9liorer l&rsquo;exp\u00e9rience utilisateur sur les sites Web d&rsquo;adh\u00e9sion.<\/li>\n<li>Il permet aux utilisateurs de t\u00e9l\u00e9charger, g\u00e9rer et partager leurs photos sur leurs profils, de promouvoir l&rsquo;interaction et l&rsquo;engagement sur la plate-forme.<\/li>\n<li>Le produit fournit une interface facile pour t\u00e9l\u00e9charger des photos et la possibilit\u00e9 de cr\u00e9er et de g\u00e9rer des albums photo.<\/li>\n<li>Les utilisateurs peuvent ajuster les param\u00e8tres de confidentialit\u00e9 pour chaque photo ou album, d\u00e9cidant qui peut afficher ou commenter leurs photos.<\/li>\n<li>L&rsquo;outil est enti\u00e8rement int\u00e9gr\u00e9 \u00e0 un membre ultime, un plugin WordPress populaire pour cr\u00e9er des communaut\u00e9s en ligne avanc\u00e9es et des sites d&rsquo;adh\u00e9sion.<\/li>\n<li>Les photos ultimes des utilisateurs membres sont r\u00e9actives et adapt\u00e9es aux mobiles, assurant une exp\u00e9rience fluide sur tous les appareils.<\/li>\n<li>Le produit est con\u00e7u pour encourager davantage de contenu g\u00e9n\u00e9r\u00e9 par les utilisateurs et augmenter l&rsquo;engagement des utilisateurs sur votre plateforme.<\/li>\n<\/ul>\n","protected":false},"excerpt":{"rendered":"<p>Le produit final concerne une fonctionnalit\u00e9 sp\u00e9cialement con\u00e7ue pour les membres, qui est la capacit\u00e9 de t\u00e9l\u00e9charger, de pr\u00e9senter et de g\u00e9rer des images personnelles. Cette fonctionnalit\u00e9, d\u00e9sormais appel\u00e9e \u00abphotos d&rsquo;utilisateurs des membres ultimes\u00bb, renforce l&rsquo;exp\u00e9rience utilisateur personnalis\u00e9e en fournissant aux individus une avenue pour s&rsquo;exprimer visuellement au sein de la communaut\u00e9 de la plate-forme.<\/p>\n","protected":false},"featured_media":146767,"comment_status":"open","ping_status":"open","template":"","meta":[],"product_brand":[2679],"product_cat":[1300,1181,1186],"product_tag":[2296],"class_list":{"0":"post-136096","1":"product","2":"type-product","3":"status-publish","4":"has-post-thumbnail","6":"product_brand-ultimate-member","7":"product_cat-adhesion","8":"product_cat-plugins","9":"product_cat-wordpress-plugins","10":"product_tag-ultimate-member","11":"member-discount","12":"discount-restricted","14":"first","15":"instock","16":"sale","17":"downloadable","18":"virtual","19":"sold-individually","20":"purchasable","21":"product-type-simple"},"_links":{"self":[{"href":"https:\/\/gpl-love.com\/fr\/wp-json\/wp\/v2\/product\/136096","targetHints":{"allow":["GET"]}}],"collection":[{"href":"https:\/\/gpl-love.com\/fr\/wp-json\/wp\/v2\/product"}],"about":[{"href":"https:\/\/gpl-love.com\/fr\/wp-json\/wp\/v2\/types\/product"}],"replies":[{"embeddable":true,"href":"https:\/\/gpl-love.com\/fr\/wp-json\/wp\/v2\/comments?post=136096"}],"wp:featuredmedia":[{"embeddable":true,"href":"https:\/\/gpl-love.com\/fr\/wp-json\/wp\/v2\/media\/146767"}],"wp:attachment":[{"href":"https:\/\/gpl-love.com\/fr\/wp-json\/wp\/v2\/media?parent=136096"}],"wp:term":[{"taxonomy":"product_brand","embeddable":true,"href":"https:\/\/gpl-love.com\/fr\/wp-json\/wp\/v2\/product_brand?post=136096"},{"taxonomy":"product_cat","embeddable":true,"href":"https:\/\/gpl-love.com\/fr\/wp-json\/wp\/v2\/product_cat?post=136096"},{"taxonomy":"product_tag","embeddable":true,"href":"https:\/\/gpl-love.com\/fr\/wp-json\/wp\/v2\/product_tag?post=136096"}],"curies":[{"name":"wp","href":"https:\/\/api.w.org\/{rel}","templated":true}]}}