{"id":136091,"date":"2025-12-07T00:00:00","date_gmt":"2025-12-06T23:00:00","guid":{"rendered":"https:\/\/gpl-love.com\/fr\/produit\/ultimate-member-followers\/"},"modified":"2026-03-20T23:59:05","modified_gmt":"2026-03-20T22:59:05","slug":"ultimate-member-followers","status":"publish","type":"product","link":"https:\/\/gpl-love.com\/fr\/produit\/ultimate-member-followers\/","title":{"rendered":"Ultimate Member Followers 2.3.5"},"content":{"rendered":"<h3>Ultimate Member Followers Traits<\/h3>\n<p>Les abonn\u00e9s des membres ultimes sont un plugin incroyable con\u00e7u pour am\u00e9liorer la fonctionnalit\u00e9 de votre site Web. Il permet \u00e0 vos utilisateurs de se suivre mutuellement, similaires aux plateformes de m\u00e9dias sociaux. Ce plugin peut augmenter consid\u00e9rablement l&rsquo;engagement et l&rsquo;interaction des utilisateurs sur votre site, cr\u00e9ant un sens de la communaut\u00e9 et de la connexion entre vos utilisateurs. Il est livr\u00e9 avec une interface facile \u00e0 utiliser, ce qui facilite la gestion des abonn\u00e9s et des suivants. Avec les abonn\u00e9s des membres ultimes, vous pouvez \u00e9galement contr\u00f4ler qui peut suivre qui, ajoutant une couche suppl\u00e9mentaire de confidentialit\u00e9 et de s\u00e9curit\u00e9. Il est hautement personnalisable et compatible avec la plupart des th\u00e8mes, assurant une int\u00e9gration transparente avec votre site Web existant. Stimulez l&rsquo;exp\u00e9rience utilisateur de votre site Web et l&rsquo;engagement avec le plugin ultime des abonn\u00e9s des membres.<\/p>\n<ul>\n<li>Les abonn\u00e9s des membres ultimes sont un plug-in complet con\u00e7u pour am\u00e9liorer l&rsquo;interaction des utilisateurs sur votre site Web.<\/li>\n<li>Ce produit permet aux utilisateurs de se suivre et de se d\u00e9sabonner, am\u00e9liorant la connectivit\u00e9 et l&rsquo;interactivit\u00e9.<\/li>\n<li>Il dispose d&rsquo;une int\u00e9gration compl\u00e8te avec le plugin Ultimate Member pour fournir une exp\u00e9rience utilisateur transparente.<\/li>\n<li>Avec les abonn\u00e9s des membres ultimes, les utilisateurs peuvent facilement voir le nombre de followers qu&rsquo;ils ont et qui ils suivent.<\/li>\n<li>Le plugin fournit \u00e9galement des notifications par e-mail pour les actions de suivi et de d\u00e9sabonnement, en gardant les utilisateurs \u00e0 jour sur leur activit\u00e9 de suiveur.<\/li>\n<li>Les abonn\u00e9s des membres ultimes ont des options pour les param\u00e8tres de confidentialit\u00e9, permettant aux utilisateurs de contr\u00f4ler qui peut les suivre.<\/li>\n<li>C&rsquo;est un excellent outil pour stimuler l&rsquo;engagement des utilisateurs et la promotion des connexions entre les membres de votre communaut\u00e9 en ligne ou de votre r\u00e9seau social.<\/li>\n<li>Le plugin est facile \u00e0 installer et \u00e0 configurer, ne n\u00e9cessitant aucune connaissance technique avanc\u00e9e des utilisateurs.<\/li>\n<\/ul>\n","protected":false},"excerpt":{"rendered":"<p>La fonctionnalit\u00e9 qui est appel\u00e9e \u00ababonn\u00e9s des membres ultimes\u00bb est essentiellement un m\u00e9canisme qui permet aux utilisateurs de cultiver un groupe de followers au sein d&rsquo;une certaine plate-forme num\u00e9rique. Cette fonctionnalit\u00e9 particuli\u00e8re est souvent utilis\u00e9e pour favoriser un sentiment de communaut\u00e9 et d&rsquo;engagement, permettant aux utilisateurs d&rsquo;interagir et de s&rsquo;engager les uns avec les autres \u00e0 un niveau plus personnel. En \u00e9tablissant ces relations de suiveur, les utilisateurs sont activement encourag\u00e9s \u00e0 participer, partager et contribuer de mani\u00e8re \u00e0 am\u00e9liorer l&rsquo;exp\u00e9rience utilisateur globale.<\/p>\n","protected":false},"featured_media":146766,"comment_status":"open","ping_status":"open","template":"","meta":[],"product_brand":[2679],"product_cat":[1300,1181,1186],"product_tag":[2296],"class_list":{"0":"post-136091","1":"product","2":"type-product","3":"status-publish","4":"has-post-thumbnail","6":"product_brand-ultimate-member","7":"product_cat-adhesion","8":"product_cat-plugins","9":"product_cat-wordpress-plugins","10":"product_tag-ultimate-member","11":"member-discount","12":"discount-restricted","14":"first","15":"instock","16":"sale","17":"downloadable","18":"virtual","19":"sold-individually","20":"purchasable","21":"product-type-simple"},"_links":{"self":[{"href":"https:\/\/gpl-love.com\/fr\/wp-json\/wp\/v2\/product\/136091","targetHints":{"allow":["GET"]}}],"collection":[{"href":"https:\/\/gpl-love.com\/fr\/wp-json\/wp\/v2\/product"}],"about":[{"href":"https:\/\/gpl-love.com\/fr\/wp-json\/wp\/v2\/types\/product"}],"replies":[{"embeddable":true,"href":"https:\/\/gpl-love.com\/fr\/wp-json\/wp\/v2\/comments?post=136091"}],"wp:featuredmedia":[{"embeddable":true,"href":"https:\/\/gpl-love.com\/fr\/wp-json\/wp\/v2\/media\/146766"}],"wp:attachment":[{"href":"https:\/\/gpl-love.com\/fr\/wp-json\/wp\/v2\/media?parent=136091"}],"wp:term":[{"taxonomy":"product_brand","embeddable":true,"href":"https:\/\/gpl-love.com\/fr\/wp-json\/wp\/v2\/product_brand?post=136091"},{"taxonomy":"product_cat","embeddable":true,"href":"https:\/\/gpl-love.com\/fr\/wp-json\/wp\/v2\/product_cat?post=136091"},{"taxonomy":"product_tag","embeddable":true,"href":"https:\/\/gpl-love.com\/fr\/wp-json\/wp\/v2\/product_tag?post=136091"}],"curies":[{"name":"wp","href":"https:\/\/api.w.org\/{rel}","templated":true}]}}