{"id":136090,"date":"2025-12-07T00:00:00","date_gmt":"2025-12-06T23:00:00","guid":{"rendered":"https:\/\/gpl-love.com\/fr\/produit\/ultimate-member-friends\/"},"modified":"2026-03-20T23:59:05","modified_gmt":"2026-03-20T22:59:05","slug":"ultimate-member-friends","status":"publish","type":"product","link":"https:\/\/gpl-love.com\/fr\/produit\/ultimate-member-friends\/","title":{"rendered":"Ultimate Member Friends 2.3.4"},"content":{"rendered":"<h3>Ultimate Member Friends Traits<\/h3>\n<p>Ultimate Member Friends est un plugin dynamique con\u00e7u pour am\u00e9liorer les capacit\u00e9s d&rsquo;interaction sociale de votre site Web. Cet outil puissant permet aux utilisateurs de se connecter, d&rsquo;ajouter et de g\u00e9rer leurs relations d&rsquo;amis comme dans n&rsquo;importe quelle plate-forme de r\u00e9seautage social populaire. Il s&rsquo;int\u00e8gre de mani\u00e8re transparente au plugin Ultimate Member, offrant une couche suppl\u00e9mentaire de fonctionnalit\u00e9s de mise en r\u00e9seau. Avec les amis des membres ultimes, les utilisateurs peuvent envoyer et accepter les demandes d&rsquo;amis, afficher leur liste d&rsquo;amis et recevoir des notifications, ce qui rend leur exp\u00e9rience en ligne plus engageante et plus interactive. Parfait pour les sites communautaires, ce plugin favorise une base d&rsquo;utilisateurs plus connect\u00e9e et active. Augmentez l&rsquo;engagement social de votre site et la r\u00e9tention des utilisateurs avec le plugin Ultimate Member Friends.<\/p>\n<ul>\n<li>Ultimate Member Friends est un plugin WordPress con\u00e7u pour am\u00e9liorer l&rsquo;aspect m\u00e9dias sociaux de votre site Web.<\/li>\n<li>Le plugin permet aux utilisateurs d&rsquo;ajouter et d&rsquo;accepter les demandes d&rsquo;amis, similaire \u00e0 la fa\u00e7on dont cela se fait sur les principales plateformes de m\u00e9dias sociaux.<\/li>\n<li>Les membres peuvent g\u00e9rer et afficher leur liste d&rsquo;amis directement \u00e0 partir de leur page de profil.<\/li>\n<li>Il propose des notifications pour les nouvelles demandes et l&rsquo;acceptation d&rsquo;amis, en tirant des utilisateurs inform\u00e9s et engag\u00e9s.<\/li>\n<li>S&rsquo;int\u00e8gre parfaitement \u00e0 n&rsquo;importe quel th\u00e8me WordPress, offrant une exp\u00e9rience utilisateur transparente.<\/li>\n<li>Un moyen efficace d&rsquo;augmenter l&rsquo;interaction et l&rsquo;engagement entre les membres sur votre site Web.<\/li>\n<li>Permet aux utilisateurs de bloquer ou de supprimer des amis, en leur donnant un contr\u00f4le total sur leurs listes d&rsquo;amis.<\/li>\n<li>Livr\u00e9 avec une interface facile \u00e0 utiliser, ce qui le rend accessible m\u00eame pour les utilisateurs avertis non technologiques.<\/li>\n<li>Il est enti\u00e8rement compatible avec le plugin Ultimate Member, offrant une exp\u00e9rience utilisateur am\u00e9lior\u00e9e.<\/li>\n<li>Fournit des mises \u00e0 jour r\u00e9guli\u00e8res et un support client de qualit\u00e9.<\/li>\n<\/ul>\n","protected":false},"excerpt":{"rendered":"<p>L&rsquo;aboutissement de la fonction des amis membres du plugin ultime des membres est l&rsquo;un des aspects les plus remarquables \u00e0 prendre en compte. Cette caract\u00e9ristique est essentiellement le noyau de l&rsquo;ensemble du syst\u00e8me qui permet aux membres d&rsquo;\u00e9tablir des connexions et de cultiver des relations les uns avec les autres sur la plate-forme, favorisant ainsi un environnement ax\u00e9 sur la communaut\u00e9. En outre, il fournit une plate-forme aux utilisateurs pour g\u00e9rer efficacement leurs interactions sociales, am\u00e9liorant ainsi l&rsquo;exp\u00e9rience utilisateur globale. Ceci est incontestablement un composant indispensable du plugin membre ultime.<\/p>\n","protected":false},"featured_media":146765,"comment_status":"open","ping_status":"open","template":"","meta":[],"product_brand":[2679],"product_cat":[1300,1181,1186],"product_tag":[2296],"class_list":{"0":"post-136090","1":"product","2":"type-product","3":"status-publish","4":"has-post-thumbnail","6":"product_brand-ultimate-member","7":"product_cat-adhesion","8":"product_cat-plugins","9":"product_cat-wordpress-plugins","10":"product_tag-ultimate-member","11":"member-discount","12":"discount-restricted","14":"first","15":"instock","16":"sale","17":"downloadable","18":"virtual","19":"sold-individually","20":"purchasable","21":"product-type-simple"},"_links":{"self":[{"href":"https:\/\/gpl-love.com\/fr\/wp-json\/wp\/v2\/product\/136090","targetHints":{"allow":["GET"]}}],"collection":[{"href":"https:\/\/gpl-love.com\/fr\/wp-json\/wp\/v2\/product"}],"about":[{"href":"https:\/\/gpl-love.com\/fr\/wp-json\/wp\/v2\/types\/product"}],"replies":[{"embeddable":true,"href":"https:\/\/gpl-love.com\/fr\/wp-json\/wp\/v2\/comments?post=136090"}],"wp:featuredmedia":[{"embeddable":true,"href":"https:\/\/gpl-love.com\/fr\/wp-json\/wp\/v2\/media\/146765"}],"wp:attachment":[{"href":"https:\/\/gpl-love.com\/fr\/wp-json\/wp\/v2\/media?parent=136090"}],"wp:term":[{"taxonomy":"product_brand","embeddable":true,"href":"https:\/\/gpl-love.com\/fr\/wp-json\/wp\/v2\/product_brand?post=136090"},{"taxonomy":"product_cat","embeddable":true,"href":"https:\/\/gpl-love.com\/fr\/wp-json\/wp\/v2\/product_cat?post=136090"},{"taxonomy":"product_tag","embeddable":true,"href":"https:\/\/gpl-love.com\/fr\/wp-json\/wp\/v2\/product_tag?post=136090"}],"curies":[{"name":"wp","href":"https:\/\/api.w.org\/{rel}","templated":true}]}}