{"id":136089,"date":"2025-12-07T00:00:00","date_gmt":"2025-12-06T23:00:00","guid":{"rendered":"https:\/\/gpl-love.com\/fr\/produit\/ultimate-member-mailchimp\/"},"modified":"2026-03-20T23:59:04","modified_gmt":"2026-03-20T22:59:04","slug":"ultimate-member-mailchimp","status":"publish","type":"product","link":"https:\/\/gpl-love.com\/fr\/produit\/ultimate-member-mailchimp\/","title":{"rendered":"Ultimate Member MailChimp 2.6.2"},"content":{"rendered":"<h3>Ultimate Member MailChimp Traits<\/h3>\n<p>Le membre ultime MailChimp est un plugin puissant con\u00e7u pour int\u00e9grer de mani\u00e8re transparente MailChimp avec votre site ultime aliment\u00e9 par membre. Avec cet outil, vous pouvez facilement synchroniser toutes vos donn\u00e9es de membres ultimes, telles que les e-mails utilisateur, les r\u00f4les utilisateur et les champs suppl\u00e9mentaires, \u00e0 votre liste MailChimp. Il vous permet \u00e9galement d&rsquo;ajouter ou de supprimer les membres de vos listes MailChimp en fonction de leurs modifications de r\u00f4le utilisateur. Le membre ultime MailChimp vous permet m\u00eame d&rsquo;ajouter plusieurs options d&rsquo;abonnement MailChimp \u00e0 vos formulaires d&rsquo;enregistrement des membres ultimes, offrant \u00e0 vos membres un moyen efficace de s&rsquo;abonner \u00e0 votre newsletter pendant le processus d&rsquo;enregistrement. Ce plugin simplifie le processus de gestion de votre liste de diffusion, ce qui en fait un incontournable pour tout propri\u00e9taire de site en utilisant les plates-formes Ultimate Member et MailChimp.<\/p>\n<ul>\n<li>Ultimate Member MailChimp est un plugin d&rsquo;int\u00e9gration qui connecte facilement votre compte MailChimp \u00e0 un membre ultime.<\/li>\n<li>Il synchronise automatiquement les enregistrements d&rsquo;utilisateurs sur votre site Web avec votre compte MailChimp, gagnant du temps et garantissant que votre liste d&rsquo;abonn\u00e9s est toujours \u00e0 jour.<\/li>\n<li>Le plugin vous permet de configurer plusieurs listes MailChimp pour diff\u00e9rents r\u00f4les utilisateur, personnalisant l&rsquo;exp\u00e9rience utilisateur.<\/li>\n<li>Il offre aux utilisateurs une option de se opposer \u00e0 des newsletters par e-mail lors de l&rsquo;inscription, ce qui facilite la croissance de votre liste de marketing par e-mail.<\/li>\n<li>Le plugin Ultimate Member MailChimp est livr\u00e9 avec une interface conviviale qui est facilement navigable, ne n\u00e9cessitant aucune connaissance de codage.<\/li>\n<li>Il offre une int\u00e9gration transparente avec le plugin ultime des membres, en \u00e9tendant les fonctionnalit\u00e9s de votre site d&rsquo;adh\u00e9sion.<\/li>\n<li>Le produit prend en charge les fonctionnalit\u00e9s avanc\u00e9es de MailChimp telles que les automatisations et les segmentations.<\/li>\n<li>Avec Ultimate Member MailChimp, vous pouvez cr\u00e9er des campagnes de messagerie cibl\u00e9es pour engager efficacement vos membres.<\/li>\n<\/ul>\n","protected":false},"excerpt":{"rendered":"<p>Le membre ultime MailChimp repr\u00e9sente un outil tr\u00e8s efficace et sup\u00e9rieur qui est sp\u00e9cialement con\u00e7u pour aider les entreprises \u00e0 optimiser leurs strat\u00e9gies de marketing par e-mail globales. Il s&rsquo;agit d&rsquo;un utilitaire sophistiqu\u00e9 qui fournit une vaste gamme de fonctionnalit\u00e9s pour vous assurer que votre entreprise est capable d&rsquo;atteindre son plein potentiel en termes de marketing num\u00e9rique. Le membre ultime MailChimp est un incontournable absolu dans la sph\u00e8re en ligne hautement comp\u00e9titive d&rsquo;aujourd&rsquo;hui, o\u00f9 il est crucial de rester en avance sur la courbe en tirant parti des outils les plus avanc\u00e9s et innovants disponibles sur le march\u00e9. Il s&rsquo;agit d&rsquo;un m\u00e9lange unique de convivialit\u00e9 et de fonctionnalit\u00e9 qui assure une exp\u00e9rience transparente pour l&rsquo;utilisateur et le public qu&rsquo;ils ciblent.<\/p>\n","protected":false},"featured_media":146764,"comment_status":"open","ping_status":"open","template":"","meta":[],"product_brand":[2679],"product_cat":[1300,1181,1186],"product_tag":[2296],"class_list":{"0":"post-136089","1":"product","2":"type-product","3":"status-publish","4":"has-post-thumbnail","6":"product_brand-ultimate-member","7":"product_cat-adhesion","8":"product_cat-plugins","9":"product_cat-wordpress-plugins","10":"product_tag-ultimate-member","11":"member-discount","12":"discount-restricted","14":"first","15":"instock","16":"sale","17":"downloadable","18":"virtual","19":"sold-individually","20":"purchasable","21":"product-type-simple"},"_links":{"self":[{"href":"https:\/\/gpl-love.com\/fr\/wp-json\/wp\/v2\/product\/136089","targetHints":{"allow":["GET"]}}],"collection":[{"href":"https:\/\/gpl-love.com\/fr\/wp-json\/wp\/v2\/product"}],"about":[{"href":"https:\/\/gpl-love.com\/fr\/wp-json\/wp\/v2\/types\/product"}],"replies":[{"embeddable":true,"href":"https:\/\/gpl-love.com\/fr\/wp-json\/wp\/v2\/comments?post=136089"}],"wp:featuredmedia":[{"embeddable":true,"href":"https:\/\/gpl-love.com\/fr\/wp-json\/wp\/v2\/media\/146764"}],"wp:attachment":[{"href":"https:\/\/gpl-love.com\/fr\/wp-json\/wp\/v2\/media?parent=136089"}],"wp:term":[{"taxonomy":"product_brand","embeddable":true,"href":"https:\/\/gpl-love.com\/fr\/wp-json\/wp\/v2\/product_brand?post=136089"},{"taxonomy":"product_cat","embeddable":true,"href":"https:\/\/gpl-love.com\/fr\/wp-json\/wp\/v2\/product_cat?post=136089"},{"taxonomy":"product_tag","embeddable":true,"href":"https:\/\/gpl-love.com\/fr\/wp-json\/wp\/v2\/product_tag?post=136089"}],"curies":[{"name":"wp","href":"https:\/\/api.w.org\/{rel}","templated":true}]}}