{"id":136088,"date":"2024-10-03T00:00:00","date_gmt":"2024-10-02T22:00:00","guid":{"rendered":"https:\/\/gpl-love.com\/fr\/produit\/ultimate-member-mycred-2\/"},"modified":"2026-03-20T23:59:02","modified_gmt":"2026-03-20T22:59:02","slug":"ultimate-member-mycred-2","status":"publish","type":"product","link":"https:\/\/gpl-love.com\/fr\/produit\/ultimate-member-mycred-2\/","title":{"rendered":"Ultimate Member myCRED 2.2.8"},"content":{"rendered":"<h3>Ultimate Member myCRED Traits<\/h3>\n<p>Le membre ultime MyCred est une extension puissante con\u00e7ue pour am\u00e9liorer la fonctionnalit\u00e9 de votre site Web en vous donnant la possibilit\u00e9 de cr\u00e9er un syst\u00e8me de r\u00e9compense bas\u00e9 sur des points. Cet outil puissant s&rsquo;int\u00e8gre de mani\u00e8re transparente au plugin Ultimate Member, vous permettant d&rsquo;attribuer ou de d\u00e9duire des points \u00e0 vos utilisateurs en fonction de leurs actions, tels que l&rsquo;inscription, la connexion, la soumission de contenu, les commentaires ou toute autre interaction. Avec le membre ultime MyCred, vous pouvez inciter l&rsquo;engagement des utilisateurs, renforcer les obligations communautaires et stimuler la fid\u00e9lit\u00e9 des utilisateurs. Il est \u00e9galement flexible, car vous pouvez personnaliser les conditions et les r\u00e8gles pour les points de gain. Parfait pour tout site Web social, communautaire ou d&rsquo;adh\u00e9sion, le membre ultime MyCred offre une exp\u00e9rience utilisateur engageante et dynamique.<\/p>\n<ul>\n<li>Le membre ultime MyCred est un puissant plugin WordPress con\u00e7u pour am\u00e9liorer l&rsquo;exp\u00e9rience utilisateur sur votre site Web.<\/li>\n<li>Cet outil vous permet de cr\u00e9er une communaut\u00e9 interactive en r\u00e9compensant les utilisateurs avec des points num\u00e9riques pour leur participation et leur engagement.<\/li>\n<li>Il s&rsquo;int\u00e8gre de mani\u00e8re transparente avec un membre ultime, vous permettant d&rsquo;attribuer des valeurs de points sp\u00e9cifiques \u00e0 diff\u00e9rentes actions, telles que la publication, les commentaires ou la r\u00e9f\u00e9rence de nouveaux membres.<\/li>\n<li>Le plugin est livr\u00e9 avec un classement personnalisable qui affiche les utilisateurs avec le plus de points, encourageant une concurrence saine entre les membres.<\/li>\n<li>Il propose \u00e9galement une fonction de portefeuille virtuel, permettant aux utilisateurs de suivre leurs points et de les utiliser pour divers avantages sur votre site Web.<\/li>\n<li>Le membre ultime MyCred prend en charge diff\u00e9rentes passerelles de paiement pour les points d&rsquo;achat, l&rsquo;ajout de commodit\u00e9 et de flexibilit\u00e9 pour vos utilisateurs.<\/li>\n<li>Il est facile \u00e0 installer et \u00e0 configurer, avec une interface conviviale qui ne n\u00e9cessite aucune comp\u00e9tence de codage.<\/li>\n<li>Avec le membre ultime MyCred, vous pouvez gamifier votre site Web, stimuler l&rsquo;engagement des utilisateurs et cr\u00e9er une communaut\u00e9 en ligne dynamique.<\/li>\n<\/ul>\n","protected":false},"excerpt":{"rendered":"<p>Le membre ultime MyCred est un plugin d&rsquo;adh\u00e9sion tr\u00e8s extensible, polyvalent et convivial pour les sites Web WordPress. Il fournit une plate-forme solide pour g\u00e9rer les profils d&rsquo;utilisateurs, les r\u00f4les des utilisateurs, la restriction de contenu, les r\u00e9pertoires des membres, les communaut\u00e9s en ligne, et plus encore, am\u00e9liorer efficacement l&rsquo;exp\u00e9rience utilisateur globale. D&rsquo;un autre c\u00f4t\u00e9, MyCred est un syst\u00e8me de gestion des points puissant et adaptatif, qui permet aux utilisateurs de cr\u00e9er des programmes de fid\u00e9lit\u00e9 r\u00e9compens\u00e9s ou bas\u00e9s sur des points. Par cons\u00e9quent, le membre ultime MyCred sert d&rsquo;outil complet qui contribue consid\u00e9rablement \u00e0 la personnalisation et \u00e0 l&rsquo;am\u00e9lioration de l&rsquo;interaction utilisateur dans les sites Web WordPress.<\/p>\n","protected":false},"featured_media":146763,"comment_status":"open","ping_status":"open","template":"","meta":[],"product_brand":[2679],"product_cat":[1300,1181,1186],"product_tag":[2296],"class_list":{"0":"post-136088","1":"product","2":"type-product","3":"status-publish","4":"has-post-thumbnail","6":"product_brand-ultimate-member","7":"product_cat-adhesion","8":"product_cat-plugins","9":"product_cat-wordpress-plugins","10":"product_tag-ultimate-member","11":"member-discount","12":"discount-restricted","14":"first","15":"instock","16":"sale","17":"downloadable","18":"virtual","19":"sold-individually","20":"purchasable","21":"product-type-simple"},"_links":{"self":[{"href":"https:\/\/gpl-love.com\/fr\/wp-json\/wp\/v2\/product\/136088","targetHints":{"allow":["GET"]}}],"collection":[{"href":"https:\/\/gpl-love.com\/fr\/wp-json\/wp\/v2\/product"}],"about":[{"href":"https:\/\/gpl-love.com\/fr\/wp-json\/wp\/v2\/types\/product"}],"replies":[{"embeddable":true,"href":"https:\/\/gpl-love.com\/fr\/wp-json\/wp\/v2\/comments?post=136088"}],"wp:featuredmedia":[{"embeddable":true,"href":"https:\/\/gpl-love.com\/fr\/wp-json\/wp\/v2\/media\/146763"}],"wp:attachment":[{"href":"https:\/\/gpl-love.com\/fr\/wp-json\/wp\/v2\/media?parent=136088"}],"wp:term":[{"taxonomy":"product_brand","embeddable":true,"href":"https:\/\/gpl-love.com\/fr\/wp-json\/wp\/v2\/product_brand?post=136088"},{"taxonomy":"product_cat","embeddable":true,"href":"https:\/\/gpl-love.com\/fr\/wp-json\/wp\/v2\/product_cat?post=136088"},{"taxonomy":"product_tag","embeddable":true,"href":"https:\/\/gpl-love.com\/fr\/wp-json\/wp\/v2\/product_tag?post=136088"}],"curies":[{"name":"wp","href":"https:\/\/api.w.org\/{rel}","templated":true}]}}