{"id":136058,"date":"2025-06-19T00:00:00","date_gmt":"2025-06-18T22:00:00","guid":{"rendered":"https:\/\/gpl-love.com\/fr\/produit\/mainwp-sucuri\/"},"modified":"2026-03-20T23:59:00","modified_gmt":"2026-03-20T22:59:00","slug":"mainwp-sucuri","status":"publish","type":"product","link":"https:\/\/gpl-love.com\/fr\/produit\/mainwp-sucuri\/","title":{"rendered":"MainWP Sucuri 5.0.3"},"content":{"rendered":"<h3>MainWP Sucuri Traits<\/h3>\n<p>Mainwp SUCURI est un puissant outil de s\u00e9curit\u00e9 con\u00e7u pour prot\u00e9ger votre site Web contre les menaces potentielles. Ce produit est une extension du plugin MainWP, vous permettant de scanner vos sites Web \u00e0 l&rsquo;aide de SUcuRI SITECHeck directement \u00e0 partir de votre tableau de bord MainWP. Il v\u00e9rifie vos sites pour divers types de logiciels malveillants, les injections de spam, les erreurs de site Web et les logiciels obsol\u00e8tes. L&rsquo;extension offre un statut de liste noire avec diverses autorit\u00e9s pour garantir la cr\u00e9dibilit\u00e9 et la confiance de votre site Web. Avec MainWP SUCURI, vous pouvez planifier des analyses automatiques et recevoir des notifications imm\u00e9diates si des probl\u00e8mes sont d\u00e9tect\u00e9s, ce qui vous permet de prendre des mesures rapides et d&rsquo;assurer la s\u00e9curit\u00e9 de votre site Web. C&rsquo;est un outil essentiel pour quiconque de maintenir et de prot\u00e9ger sa pr\u00e9sence en ligne.<\/p>\n<ul>\n<li>MainWP SUCURI est une extension pour le tableau de bord MainWP qui vous permet de scanner vos sites enfants pour divers types de probl\u00e8mes.<\/li>\n<li>Ce plugin vous permet de surveiller les sites Web pour les violations et les vuln\u00e9rabilit\u00e9s de s\u00e9curit\u00e9 potentielles.<\/li>\n<li>Mainwp SUCURI propose une analyse rapide en un clic de vos sites Web WordPress, augmentant l&rsquo;efficacit\u00e9 de la gestion des sites Web.<\/li>\n<li>Il fournit des rapports d\u00e9taill\u00e9s de r\u00e9sultats de num\u00e9risation, vous permettant de prendre des mesures imm\u00e9diates sur tout probl\u00e8me d\u00e9tect\u00e9.<\/li>\n<li>Cette extension s&rsquo;int\u00e8gre en douceur avec le Service SucUri.net, une plate-forme de s\u00e9curit\u00e9 de site Web renomm\u00e9e.<\/li>\n<li>MainWP SUCURI int\u00e8gre une vari\u00e9t\u00e9 de fonctionnalit\u00e9s de s\u00e9curit\u00e9, notamment la num\u00e9risation des logiciels malveillants, le pare-feu de site Web et la d\u00e9tection d&rsquo;intrusion.<\/li>\n<li>C&rsquo;est un outil pr\u00e9cieux pour les webmasters, les agences num\u00e9riques et les d\u00e9veloppeurs qui g\u00e9raient plusieurs sites Web.<\/li>\n<li>Cette extension assure la s\u00e9curit\u00e9 de vos sites Web, prot\u00e9geant votre pr\u00e9sence en ligne et garantissant la r\u00e9putation de votre site Web.<\/li>\n<li>Mainwp SUCURI est facile \u00e0 installer et convivial, ne n\u00e9cessitant aucune comp\u00e9tence technique avanc\u00e9e \u00e0 utiliser.<\/li>\n<li>Il comprend des contr\u00f4les et des notifications de s\u00e9curit\u00e9 automatiques, en vous assurant que vous \u00eates toujours au courant de l&rsquo;\u00e9tat de vos sites Web.<\/li>\n<\/ul>\n","protected":false},"excerpt":{"rendered":"<p>MainWP SUCURI est un plugin renomm\u00e9, sp\u00e9cialement con\u00e7u pour s&rsquo;int\u00e9grer de mani\u00e8re transparente \u00e0 votre tableau de bord MainWP existant. Sa fonction principale est de faciliter la gestion et la surveillance continue de la s\u00e9curit\u00e9 de tous vos sites WordPress \u00e0 partir d&rsquo;un emplacement centralis\u00e9. Il \u00e9limine efficacement la n\u00e9cessit\u00e9 de se connecter individuellement \u00e0 chaque site, ce qui permet de gagner du temps et des efforts pour assurer la plus grande s\u00e9curit\u00e9 sur toutes les plateformes.<\/p>\n","protected":false},"featured_media":146761,"comment_status":"open","ping_status":"open","template":"","meta":[],"product_brand":[2587],"product_cat":[1187,1181,1186],"product_tag":[1299],"class_list":{"0":"post-136058","1":"product","2":"type-product","3":"status-publish","4":"has-post-thumbnail","6":"product_brand-main-wp","7":"product_cat-administration-wordpress-plugins","8":"product_cat-plugins","9":"product_cat-wordpress-plugins","10":"product_tag-main-wp","11":"member-discount","12":"discount-restricted","14":"first","15":"instock","16":"sale","17":"downloadable","18":"virtual","19":"sold-individually","20":"purchasable","21":"product-type-simple"},"_links":{"self":[{"href":"https:\/\/gpl-love.com\/fr\/wp-json\/wp\/v2\/product\/136058","targetHints":{"allow":["GET"]}}],"collection":[{"href":"https:\/\/gpl-love.com\/fr\/wp-json\/wp\/v2\/product"}],"about":[{"href":"https:\/\/gpl-love.com\/fr\/wp-json\/wp\/v2\/types\/product"}],"replies":[{"embeddable":true,"href":"https:\/\/gpl-love.com\/fr\/wp-json\/wp\/v2\/comments?post=136058"}],"wp:featuredmedia":[{"embeddable":true,"href":"https:\/\/gpl-love.com\/fr\/wp-json\/wp\/v2\/media\/146761"}],"wp:attachment":[{"href":"https:\/\/gpl-love.com\/fr\/wp-json\/wp\/v2\/media?parent=136058"}],"wp:term":[{"taxonomy":"product_brand","embeddable":true,"href":"https:\/\/gpl-love.com\/fr\/wp-json\/wp\/v2\/product_brand?post=136058"},{"taxonomy":"product_cat","embeddable":true,"href":"https:\/\/gpl-love.com\/fr\/wp-json\/wp\/v2\/product_cat?post=136058"},{"taxonomy":"product_tag","embeddable":true,"href":"https:\/\/gpl-love.com\/fr\/wp-json\/wp\/v2\/product_tag?post=136058"}],"curies":[{"name":"wp","href":"https:\/\/api.w.org\/{rel}","templated":true}]}}