{"id":136057,"date":"2023-10-09T00:00:00","date_gmt":"2023-10-08T22:00:00","guid":{"rendered":"https:\/\/gpl-love.com\/fr\/produit\/amp-gravity-forms\/"},"modified":"2026-03-20T23:59:00","modified_gmt":"2026-03-20T22:59:00","slug":"amp-gravity-forms","status":"publish","type":"product","link":"https:\/\/gpl-love.com\/fr\/produit\/amp-gravity-forms\/","title":{"rendered":"AMP Gravity Forms 2.9.36"},"content":{"rendered":"<h3>AMP Gravity Forms Traits<\/h3>\n<p>AMP Gravity Forms est un plugin WordPress puissant et polyvalent con\u00e7u pour vous aider \u00e0 cr\u00e9er et \u00e0 g\u00e9rer facilement les formulaires en ligne. Il prend en charge le projet Accelerated Mobile Pages (AMP), en veillant \u00e0 ce que vos formulaires se chargent rapidement et de mani\u00e8re transparente sur les appareils mobiles. Avec son interface conviviale et ses fonctionnalit\u00e9s avanc\u00e9es, vous pouvez concevoir des formulaires personnalis\u00e9s comme des formulaires de contact, des formulaires d&rsquo;enqu\u00eate, des formulaires d&rsquo;enregistrement et bien plus encore. De plus, il offre une vari\u00e9t\u00e9 d&rsquo;options de personnalisation vous permettant de modifier la conception, les champs et les param\u00e8tres de vos formulaires en fonction de vos exigences. AMP Gravity Forms garantit \u00e9galement que vos formulaires sont conviviaux et conformes aux derni\u00e8res normes Web. Compatible avec tous les navigateurs modernes, ce plugin promet une exp\u00e9rience de cr\u00e9ation de forme efficace et efficiente.<\/p>\n<ul>\n<li>AMP Gravity Forms est un puissant plugin WordPress con\u00e7u pour rationaliser et am\u00e9liorer les capacit\u00e9s de cr\u00e9ation de formulaires de votre site Web.<\/li>\n<li>Ce produit permet aux utilisateurs de cr\u00e9er et de g\u00e9rer facilement une vari\u00e9t\u00e9 de formulaires, des formulaires de contact de base aux enqu\u00eates et aux quiz complexes.<\/li>\n<li>AMP Gravity Forms est compatible avec le cadre AMP, offrant des temps de chargement plus rapides et des performances am\u00e9lior\u00e9es sur les appareils mobiles.<\/li>\n<li>Le plugin est livr\u00e9 avec une gamme d&rsquo;options personnalisables, permettant aux utilisateurs d&rsquo;adapter l&rsquo;apparence et la fonctionnalit\u00e9 de leurs formulaires pour r\u00e9pondre \u00e0 leurs besoins sp\u00e9cifiques.<\/li>\n<li>Il prend en charge la logique conditionnelle, les formulaires de plusieurs pages et les t\u00e9l\u00e9chargements de fichiers, fournissant une solution polyvalente pour la collecte de donn\u00e9es et l&rsquo;interaction utilisateur.<\/li>\n<li>Avec les formulaires de gravit\u00e9 AMP, les utilisateurs peuvent suivre les soumissions, envoyer des e-mails de confirmation automatique et m\u00eame s&rsquo;int\u00e8gre \u00e0 une vari\u00e9t\u00e9 de services tiers pour une fonctionnalit\u00e9 am\u00e9lior\u00e9e.<\/li>\n<li>Ce produit est con\u00e7u en tenant compte de la convivialit\u00e9, offrant une interface simple glisser-d\u00e9poser qui ne n\u00e9cessite aucune connaissance de codage \u00e0 utiliser.<\/li>\n<li>Les formulaires de gravit\u00e9 AMP priorisent \u00e9galement la s\u00e9curit\u00e9, fournissant des outils pour aider \u00e0 prot\u00e9ger les donn\u00e9es sensibles et \u00e0 garantir que vos formulaires sont sans spam.<\/li>\n<li>Il est r\u00e9guli\u00e8rement mis \u00e0 jour pour s&rsquo;assurer qu&rsquo;il reste compatible avec les derni\u00e8res versions WordPress et AMP, et comprend une prise en charge professionnelle pour tout probl\u00e8me technique ou requ\u00eate.<\/li>\n<\/ul>\n","protected":false},"excerpt":{"rendered":"<p>Les pages mobiles acc\u00e9l\u00e9r\u00e9es, souvent appel\u00e9es AMP, sont un outil puissant qui est utilis\u00e9 pour cr\u00e9er du contenu optimis\u00e9 mobile qui peut se charger instantan\u00e9ment sur n&rsquo;importe quel appareil. Cette fonctionnalit\u00e9 particuli\u00e8re est consid\u00e9rablement b\u00e9n\u00e9fique pour am\u00e9liorer l&rsquo;exp\u00e9rience utilisateur et am\u00e9liorer les performances globales d&rsquo;une page Web. D&rsquo;un autre c\u00f4t\u00e9, Gravity Forms est un outil avanc\u00e9 et robuste con\u00e7u sp\u00e9cifiquement pour WordPress. Il permet aux utilisateurs de cr\u00e9er et de g\u00e9rer des formulaires hautement personnalisables et professionnels pour leur site Web. Cet outil offre des fonctionnalit\u00e9s \u00e9tendues qui peuvent facilement r\u00e9pondre \u00e0 diverses exigences pour les formulaires, telles que les donn\u00e9es g\u00e9n\u00e9r\u00e9es par l&rsquo;utilisateur, les t\u00e9l\u00e9chargements de fichiers et m\u00eame la logique des formulaires conditionnels. Ainsi, lorsque nous parlons de formes de gravit\u00e9 AMP, nous faisons r\u00e9f\u00e9rence \u00e0 l&rsquo;int\u00e9gration de ces deux outils puissants, c&rsquo;est-\u00e0-dire l&rsquo;utilisation de l&rsquo;outil AMP pour optimiser les formes cr\u00e9\u00e9es \u00e0 l&rsquo;aide de formes de gravit\u00e9, am\u00e9liorant la vitesse de chargement et les performances globales des formulaires sur les appareils mobiles.<\/p>\n","protected":false},"featured_media":146760,"comment_status":"open","ping_status":"open","template":"","meta":[],"product_brand":[2447],"product_cat":[1203,1181,1186],"product_tag":[2279],"class_list":{"0":"post-136057","1":"product","2":"type-product","3":"status-publish","4":"has-post-thumbnail","6":"product_brand-amp-wp","7":"product_cat-performance","8":"product_cat-plugins","9":"product_cat-wordpress-plugins","10":"product_tag-amp-wp","11":"member-discount","12":"discount-restricted","14":"first","15":"instock","16":"sale","17":"downloadable","18":"virtual","19":"sold-individually","20":"purchasable","21":"product-type-simple"},"_links":{"self":[{"href":"https:\/\/gpl-love.com\/fr\/wp-json\/wp\/v2\/product\/136057","targetHints":{"allow":["GET"]}}],"collection":[{"href":"https:\/\/gpl-love.com\/fr\/wp-json\/wp\/v2\/product"}],"about":[{"href":"https:\/\/gpl-love.com\/fr\/wp-json\/wp\/v2\/types\/product"}],"replies":[{"embeddable":true,"href":"https:\/\/gpl-love.com\/fr\/wp-json\/wp\/v2\/comments?post=136057"}],"wp:featuredmedia":[{"embeddable":true,"href":"https:\/\/gpl-love.com\/fr\/wp-json\/wp\/v2\/media\/146760"}],"wp:attachment":[{"href":"https:\/\/gpl-love.com\/fr\/wp-json\/wp\/v2\/media?parent=136057"}],"wp:term":[{"taxonomy":"product_brand","embeddable":true,"href":"https:\/\/gpl-love.com\/fr\/wp-json\/wp\/v2\/product_brand?post=136057"},{"taxonomy":"product_cat","embeddable":true,"href":"https:\/\/gpl-love.com\/fr\/wp-json\/wp\/v2\/product_cat?post=136057"},{"taxonomy":"product_tag","embeddable":true,"href":"https:\/\/gpl-love.com\/fr\/wp-json\/wp\/v2\/product_tag?post=136057"}],"curies":[{"name":"wp","href":"https:\/\/api.w.org\/{rel}","templated":true}]}}