{"id":136056,"date":"2023-10-09T00:00:00","date_gmt":"2023-10-08T22:00:00","guid":{"rendered":"https:\/\/gpl-love.com\/fr\/produit\/polls-for-amp\/"},"modified":"2026-03-20T23:58:59","modified_gmt":"2026-03-20T22:58:59","slug":"polls-for-amp","status":"publish","type":"product","link":"https:\/\/gpl-love.com\/fr\/produit\/polls-for-amp\/","title":{"rendered":"Polls pour AMP 1.1.5"},"content":{"rendered":"<h3>Polls pour AMP Traits<\/h3>\n<p>Les sondages pour AMP sont un produit innovant con\u00e7u pour am\u00e9liorer l&rsquo;engagement des utilisateurs sur votre site Web. Cet outil vous permet de cr\u00e9er et de g\u00e9rer facilement des sondages interactifs sur votre site qui sont sp\u00e9cialement con\u00e7us pour les pages mobiles acc\u00e9l\u00e9r\u00e9es (AMP). C&rsquo;est un outil parfait pour les blogueurs, les sites d&rsquo;information et toute plate-forme qui cherche \u00e0 interagir davantage avec leur public. Avec une int\u00e9gration simple et une interface conviviale, les sondages pour AMP offrent une exp\u00e9rience transparente pour le propri\u00e9taire du site Web et les visiteurs. Augmentez votre trafic Web, am\u00e9liorez l&rsquo;engagement des utilisateurs et augmentez le r\u00e9f\u00e9rencement de votre site avec cet outil polyvalent. C&rsquo;est un moyen infaillible de rendre votre site Web plus interactif et engageant.<\/p>\n<ul>\n<li>Un outil innovant con\u00e7u pour stimuler l&rsquo;engagement des utilisateurs sur votre site Web.<\/li>\n<li>Permet l&rsquo;incorporation de sondages interactifs dans vos pages mobiles acc\u00e9l\u00e9r\u00e9es (AMP).<\/li>\n<li>Am\u00e9liore l&rsquo;exp\u00e9rience utilisateur gr\u00e2ce \u00e0 l&rsquo;engagement interactif et aux commentaires.<\/li>\n<li>Fournit des r\u00e9sultats en temps r\u00e9el des sondages, en aidant \u00e0 des processus de prise de d\u00e9cision rapides.<\/li>\n<li>Facilement personnalisable pour s&rsquo;adapter au design et au th\u00e8me de votre site Web.<\/li>\n<li>Prend en charge plusieurs types de questions pour divers besoins de sondage.<\/li>\n<li>Offre une analyse de donn\u00e9es robuste pour comprendre le comportement et les pr\u00e9f\u00e9rences des utilisateurs.<\/li>\n<li>L\u00e9ger et rapide, n&rsquo;assurant aucun impact sur la vitesse de chargement de votre site Web.<\/li>\n<li>Tr\u00e8s s\u00e9curis\u00e9 et fiable avec les mises \u00e0 jour et les am\u00e9liorations r\u00e9guli\u00e8res.<\/li>\n<li>Int\u00e9gration transparente avec d&rsquo;autres caract\u00e9ristiques et fonctionnalit\u00e9s AMP.<\/li>\n<\/ul>\n","protected":false},"excerpt":{"rendered":"<p>Le processus de r\u00e9alisation d&rsquo;enqu\u00eates pour rassembler des donn\u00e9es et des informations pr\u00e9cieuses li\u00e9es \u00e0 l&rsquo;AMP, \u00e9galement appel\u00e9es pages mobiles acc\u00e9l\u00e9r\u00e9es, est actuellement en cours. Ce processus de collecte de donn\u00e9es est significatif car il aide \u00e0 comprendre l&rsquo;efficacit\u00e9 et la port\u00e9e globale de l&rsquo;AMP. Ces sondages jouent un r\u00f4le essentiel en fournissant une repr\u00e9sentation statistique de la perception, de la r\u00e9ponse et de l&rsquo;utilisation du grand public des services AMP. Gr\u00e2ce \u00e0 ces sondages, on peut acqu\u00e9rir une compr\u00e9hension approfondie de divers aspects associ\u00e9s aux pages mobiles acc\u00e9l\u00e9r\u00e9es et affiner les strat\u00e9gies pour une am\u00e9lioration suppl\u00e9mentaire.<\/p>\n","protected":false},"featured_media":146759,"comment_status":"open","ping_status":"open","template":"","meta":[],"product_brand":[2447],"product_cat":[1203,1181,1186],"product_tag":[2279],"class_list":{"0":"post-136056","1":"product","2":"type-product","3":"status-publish","4":"has-post-thumbnail","6":"product_brand-amp-wp","7":"product_cat-performance","8":"product_cat-plugins","9":"product_cat-wordpress-plugins","10":"product_tag-amp-wp","11":"member-discount","12":"discount-restricted","14":"first","15":"instock","16":"sale","17":"downloadable","18":"virtual","19":"sold-individually","20":"purchasable","21":"product-type-simple"},"_links":{"self":[{"href":"https:\/\/gpl-love.com\/fr\/wp-json\/wp\/v2\/product\/136056","targetHints":{"allow":["GET"]}}],"collection":[{"href":"https:\/\/gpl-love.com\/fr\/wp-json\/wp\/v2\/product"}],"about":[{"href":"https:\/\/gpl-love.com\/fr\/wp-json\/wp\/v2\/types\/product"}],"replies":[{"embeddable":true,"href":"https:\/\/gpl-love.com\/fr\/wp-json\/wp\/v2\/comments?post=136056"}],"wp:featuredmedia":[{"embeddable":true,"href":"https:\/\/gpl-love.com\/fr\/wp-json\/wp\/v2\/media\/146759"}],"wp:attachment":[{"href":"https:\/\/gpl-love.com\/fr\/wp-json\/wp\/v2\/media?parent=136056"}],"wp:term":[{"taxonomy":"product_brand","embeddable":true,"href":"https:\/\/gpl-love.com\/fr\/wp-json\/wp\/v2\/product_brand?post=136056"},{"taxonomy":"product_cat","embeddable":true,"href":"https:\/\/gpl-love.com\/fr\/wp-json\/wp\/v2\/product_cat?post=136056"},{"taxonomy":"product_tag","embeddable":true,"href":"https:\/\/gpl-love.com\/fr\/wp-json\/wp\/v2\/product_tag?post=136056"}],"curies":[{"name":"wp","href":"https:\/\/api.w.org\/{rel}","templated":true}]}}