{"id":136049,"date":"2026-02-05T00:00:00","date_gmt":"2026-02-04T23:00:00","guid":{"rendered":"https:\/\/gpl-love.com\/fr\/produit\/woocommerce-cybersource-gateway\/"},"modified":"2026-04-04T06:31:00","modified_gmt":"2026-04-04T04:31:00","slug":"woocommerce-cybersource-gateway","status":"publish","type":"product","link":"https:\/\/gpl-love.com\/fr\/produit\/woocommerce-cybersource-gateway\/","title":{"rendered":"WooCommerce CyberSource Gateway 2.10.2"},"content":{"rendered":"<h3>WooCommerce CyberSource Gateway Traits<\/h3>\n<p>La passerelle WooCommerce Cybersource est un plugin puissant et dynamique con\u00e7u pour int\u00e9grer votre magasin WooCommerce avec la plate-forme de paiement Cybersource de mani\u00e8re transparente. Cela garantit un traitement de paiement s\u00e9curis\u00e9, fiable et efficace pour votre boutique en ligne. La passerelle prend en charge toutes les principales cartes de cr\u00e9dit et de d\u00e9bit, ce qui permet aux entreprises d&rsquo;accepter les paiements des clients du monde entier. Il fournit des fonctionnalit\u00e9s avanc\u00e9es telles que une gestion efficace de la fraude, une acceptation s\u00e9curis\u00e9e des paiements et des rapports de transactions d\u00e9taill\u00e9s, tous con\u00e7us pour am\u00e9liorer votre exp\u00e9rience de commerce \u00e9lectronique. Compatible avec les versions WooCommerce, la passerelle Cybersource est parfaite pour les entreprises qui cherchent \u00e0 offrir une exp\u00e9rience d&rsquo;achat en ligne fluide, s\u00e9curis\u00e9e et professionnelle \u00e0 leurs clients.<\/p>\n<ul>\n<li>La passerelle WooCommerce Cybersource est une passerelle de paiement s\u00e9curis\u00e9e et efficace pour les entreprises en ligne.<\/li>\n<li>Ce produit permet une int\u00e9gration transparente avec WooCommerce, une plate-forme de commerce \u00e9lectronique populaire pour WordPress.<\/li>\n<li>Il permet un traitement rapide et s\u00e9curis\u00e9 de toutes les principales cartes de cr\u00e9dit et de d\u00e9bit.<\/li>\n<li>La passerelle est livr\u00e9e avec des outils de d\u00e9tection de fraude avanc\u00e9s, aidant \u00e0 prot\u00e9ger votre entreprise et vos clients.<\/li>\n<li>Il prend en charge plusieurs devises et est disponible dans plus de 190 pays, ce qui le rend id\u00e9al pour le commerce \u00e9lectronique international.<\/li>\n<li>Le plugin propose des options de paiement personnalisables, y compris des paiements uniques, des abonnements et des versements.<\/li>\n<li>Il fournit une surveillance et des rapports de transactions en temps r\u00e9el, aidant les entreprises \u00e0 prendre des d\u00e9cisions bas\u00e9es sur les donn\u00e9es.<\/li>\n<li>La passerelle WooCommerce Cybersource garantit \u00e9galement la conformit\u00e9 PCI, en maintenant des normes \u00e9lev\u00e9es pour la s\u00e9curit\u00e9 des donn\u00e9es.<\/li>\n<li>Convivial et facile \u00e0 installer, il ne n\u00e9cessite pas de comp\u00e9tences techniques avanc\u00e9es pour la configuration.<\/li>\n<li>Il offre une exp\u00e9rience de paiement fluide pour vos clients, am\u00e9liorant leur exp\u00e9rience d&rsquo;achat globale.<\/li>\n<\/ul>\n","protected":false},"excerpt":{"rendered":"<p>La plate-forme WooCommerce est \u00e9quip\u00e9e d&rsquo;une fonctionnalit\u00e9 sp\u00e9cialement con\u00e7ue pour le traitement des paiements, qui est connue sous le nom de passerelle Cybersource. Cet outil technologique sophistiqu\u00e9 sert de pont crucial entre WooCommerce et Cybersource, facilitant ainsi les transactions et am\u00e9liorant l&rsquo;exp\u00e9rience d&rsquo;achat globale des clients sur des sites Web pris en charge WooCommerce. Son r\u00f4le dans l&rsquo;activation des m\u00e9thodes de paiement s\u00e9curis\u00e9es et efficaces contribue consid\u00e9rablement au bon fonctionnement des entreprises de commerce \u00e9lectronique.<\/p>\n","protected":false},"featured_media":146755,"comment_status":"open","ping_status":"open","template":"","meta":[],"product_brand":[2440],"product_cat":[1182,1401,1181],"product_tag":[1398],"class_list":{"0":"post-136049","1":"product","2":"type-product","3":"status-publish","4":"has-post-thumbnail","6":"product_brand-woocommerce","7":"product_cat-commerce-electronique-plugins","8":"product_cat-paiement-commerce-electronique-plugins","9":"product_cat-plugins","10":"product_tag-woocommerce","11":"member-discount","12":"discount-restricted","14":"first","15":"instock","16":"sale","17":"downloadable","18":"virtual","19":"sold-individually","20":"purchasable","21":"product-type-simple"},"_links":{"self":[{"href":"https:\/\/gpl-love.com\/fr\/wp-json\/wp\/v2\/product\/136049","targetHints":{"allow":["GET"]}}],"collection":[{"href":"https:\/\/gpl-love.com\/fr\/wp-json\/wp\/v2\/product"}],"about":[{"href":"https:\/\/gpl-love.com\/fr\/wp-json\/wp\/v2\/types\/product"}],"replies":[{"embeddable":true,"href":"https:\/\/gpl-love.com\/fr\/wp-json\/wp\/v2\/comments?post=136049"}],"wp:featuredmedia":[{"embeddable":true,"href":"https:\/\/gpl-love.com\/fr\/wp-json\/wp\/v2\/media\/146755"}],"wp:attachment":[{"href":"https:\/\/gpl-love.com\/fr\/wp-json\/wp\/v2\/media?parent=136049"}],"wp:term":[{"taxonomy":"product_brand","embeddable":true,"href":"https:\/\/gpl-love.com\/fr\/wp-json\/wp\/v2\/product_brand?post=136049"},{"taxonomy":"product_cat","embeddable":true,"href":"https:\/\/gpl-love.com\/fr\/wp-json\/wp\/v2\/product_cat?post=136049"},{"taxonomy":"product_tag","embeddable":true,"href":"https:\/\/gpl-love.com\/fr\/wp-json\/wp\/v2\/product_tag?post=136049"}],"curies":[{"name":"wp","href":"https:\/\/api.w.org\/{rel}","templated":true}]}}