{"id":136045,"date":"2025-02-25T00:00:00","date_gmt":"2025-02-24T23:00:00","guid":{"rendered":"https:\/\/gpl-love.com\/fr\/produit\/modern-events-calendar-advanced-reports\/"},"modified":"2026-03-20T23:58:55","modified_gmt":"2026-03-20T22:58:55","slug":"modern-events-calendar-advanced-reports","status":"publish","type":"product","link":"https:\/\/gpl-love.com\/fr\/produit\/modern-events-calendar-advanced-reports\/","title":{"rendered":"Modern Events Calendar Advanced Reports 1.1.7"},"content":{"rendered":"<h3>Modern Events Calendar Advanced Reports Traits<\/h3>\n<p>Calendrier des \u00e9v\u00e9nements modernes Rapports avanc\u00e9s est un outil complet et complet con\u00e7u pour rationaliser la gestion des \u00e9v\u00e9nements. Ce logiciel avanc\u00e9 offre des fonctionnalit\u00e9s de rapports robustes qui permettent aux organisateurs d&rsquo;\u00e9v\u00e9nements de surveiller la d\u00e9mographie des participants, les ventes de billets, les revenus, et plus encore en temps r\u00e9el. Il s&rsquo;int\u00e8gre parfaitement \u00e0 vos syst\u00e8mes de calendrier existants et propose des interfaces conviviales, ce qui facilite la g\u00e9n\u00e9ration et l&rsquo;analyse des rapports d\u00e9taill\u00e9s. Avec sa conception intuitive et ses fonctionnalit\u00e9s puissantes, les rapports avanc\u00e9s du calendrier des \u00e9v\u00e9nements modernes sont un outil essentiel pour les entreprises ou les individus qui ont besoin de garder une trace de tous les aspects de leurs \u00e9v\u00e9nements m\u00e9ticuleusement. Ce produit est capable de g\u00e9rer plusieurs \u00e9v\u00e9nements simultan\u00e9ment, offrant un niveau d&rsquo;organisation et d&rsquo;efficacit\u00e9 in\u00e9gal\u00e9.<\/p>\n<ul>\n<li>Offre des fonctionnalit\u00e9s de rapport avanc\u00e9es pour le calendrier des \u00e9v\u00e9nements modernes, un outil de planification.<\/li>\n<li>Permet aux utilisateurs de suivre, analyser et g\u00e9rer facilement les donn\u00e9es des \u00e9v\u00e9nements dans des rapports complets.<\/li>\n<li>Fournit des outils pour personnaliser des rapports tels que les filtres, les options de tri et divers modes d&rsquo;affichage.<\/li>\n<li>Comprend des options d&rsquo;exportation de rapports vers diff\u00e9rents formats de fichiers comme CSV et PDF.<\/li>\n<li>Permet aux organisateurs d&rsquo;\u00e9v\u00e9nements de mieux comprendre le comportement des participants et les performances des \u00e9v\u00e9nements.<\/li>\n<li>Compatible avec divers constructeurs de sites Web et plateformes pour l&rsquo;int\u00e9gration transparente.<\/li>\n<li>Fournit des mises \u00e0 jour et des notifications en temps r\u00e9el pour les modifications des donn\u00e9es d&rsquo;\u00e9v\u00e9nements.<\/li>\n<li>Prend en charge les fonctionnalit\u00e9s multi-langues, ce qui le rend adapt\u00e9 \u00e0 une utilisation globale.<\/li>\n<li>\u00c9quip\u00e9 d&rsquo;une interface conviviale con\u00e7ue pour une navigation et une utilisation faciles.<\/li>\n<li>Permet une analyse approfondie des donn\u00e9es avec ses options de recherche et de filtre avanc\u00e9es.<\/li>\n<\/ul>\n","protected":false},"excerpt":{"rendered":"<p>La fonctionnalit\u00e9 des rapports avanc\u00e9s dans l&rsquo;outil de planification contemporain connu sous le nom de Calendrier des \u00e9v\u00e9nements modernes est un composant incroyablement d\u00e9taill\u00e9 et complexe. Cette fonctionnalit\u00e9 fournit aux utilisateurs une grande quantit\u00e9 de donn\u00e9es et d&rsquo;informations, leur permettant d&rsquo;acqu\u00e9rir une compr\u00e9hension compl\u00e8te et approfondie de leurs \u00e9v\u00e9nements. En plus de cela, cela leur permet d&rsquo;analyser et de g\u00e9rer leurs \u00e9v\u00e9nements plus efficacement et efficacement, en aidant ainsi \u00e0 leur planification et \u00e0 leur ex\u00e9cution d&rsquo;\u00e9v\u00e9nements globaux.<\/p>\n","protected":false},"featured_media":146754,"comment_status":"open","ping_status":"open","template":"","meta":[],"product_brand":[2504],"product_cat":[1187,1181,1186],"product_tag":[1394],"class_list":{"0":"post-136045","1":"product","2":"type-product","3":"status-publish","4":"has-post-thumbnail","6":"product_brand-webnus","7":"product_cat-administration-wordpress-plugins","8":"product_cat-plugins","9":"product_cat-wordpress-plugins","10":"product_tag-webnus","11":"member-discount","12":"discount-restricted","14":"first","15":"instock","16":"sale","17":"downloadable","18":"virtual","19":"sold-individually","20":"purchasable","21":"product-type-simple"},"_links":{"self":[{"href":"https:\/\/gpl-love.com\/fr\/wp-json\/wp\/v2\/product\/136045","targetHints":{"allow":["GET"]}}],"collection":[{"href":"https:\/\/gpl-love.com\/fr\/wp-json\/wp\/v2\/product"}],"about":[{"href":"https:\/\/gpl-love.com\/fr\/wp-json\/wp\/v2\/types\/product"}],"replies":[{"embeddable":true,"href":"https:\/\/gpl-love.com\/fr\/wp-json\/wp\/v2\/comments?post=136045"}],"wp:featuredmedia":[{"embeddable":true,"href":"https:\/\/gpl-love.com\/fr\/wp-json\/wp\/v2\/media\/146754"}],"wp:attachment":[{"href":"https:\/\/gpl-love.com\/fr\/wp-json\/wp\/v2\/media?parent=136045"}],"wp:term":[{"taxonomy":"product_brand","embeddable":true,"href":"https:\/\/gpl-love.com\/fr\/wp-json\/wp\/v2\/product_brand?post=136045"},{"taxonomy":"product_cat","embeddable":true,"href":"https:\/\/gpl-love.com\/fr\/wp-json\/wp\/v2\/product_cat?post=136045"},{"taxonomy":"product_tag","embeddable":true,"href":"https:\/\/gpl-love.com\/fr\/wp-json\/wp\/v2\/product_tag?post=136045"}],"curies":[{"name":"wp","href":"https:\/\/api.w.org\/{rel}","templated":true}]}}