{"id":136044,"date":"2026-04-07T00:00:00","date_gmt":"2026-04-06T22:00:00","guid":{"rendered":"https:\/\/gpl-love.com\/fr\/produit\/bricksforge\/"},"modified":"2026-04-08T00:31:04","modified_gmt":"2026-04-07T22:31:04","slug":"bricksforge","status":"publish","type":"product","link":"https:\/\/gpl-love.com\/fr\/produit\/bricksforge\/","title":{"rendered":"Bricksforge 3.1.8.5"},"content":{"rendered":"<h3>Bricksforge Traits<\/h3>\n<p>BricksForge est une bo\u00eete \u00e0 outils compl\u00e8te m\u00e9ticuleusement con\u00e7ue pour \u00e9lever l&rsquo;exp\u00e9rience du constructeur de briques pour les d\u00e9veloppeurs WordPress. Avec une vaste gamme de fonctionnalit\u00e9s int\u00e9gr\u00e9es de mani\u00e8re transparente dans les briques, il rationalise le processus de d\u00e9veloppement, favorisant l&rsquo;efficacit\u00e9 et la cr\u00e9ativit\u00e9. Bricksforge d\u00e9verrouille un potentiel sans limites, avec une base de code vierge, une structure de poids plume et l&rsquo;adh\u00e9sion aux meilleures pratiques de l&rsquo;industrie. Il s&rsquo;agit d&rsquo;un atout indispensable pour les amateurs de briques, les permettant d&rsquo;\u00e9lever leurs efforts de d\u00e9veloppement \u00e0 de nouveaux sommets.<\/p>\n<ul>\n<li>Permet aux utilisateurs des solutions de cr\u00e9ation de sites Web personnalisables<\/li>\n<li>Rationalise la cr\u00e9ation du site Web via une interface de glisser-d\u00e9poser intuitive<\/li>\n<li>Pr\u00e9sente une gamme diversifi\u00e9e de mod\u00e8les captivants et de possibilit\u00e9s de conception<\/li>\n<li>Facilite l&rsquo;int\u00e9gration sans effort de plugins et d&rsquo;extensions tiers<\/li>\n<li>Assure la r\u00e9activit\u00e9 et la convivialit\u00e9 dans la conception<\/li>\n<li>Comprend des outils de r\u00e9f\u00e9rencement int\u00e9gr\u00e9s pour am\u00e9liorer la visibilit\u00e9 des moteurs de recherche<\/li>\n<li>Fournit des services d&rsquo;h\u00e9bergement s\u00e9curis\u00e9s et fiables<\/li>\n<li>Promose la collaboration en temps r\u00e9el et les pr\u00e9visualisation du site Web \u00e0 la vol\u00e9e<\/li>\n<li>\u00c9quipe les utilisateurs d&rsquo;analyses et d&rsquo;outils de suivi pour une surveillance continue des performances du site Web<\/li>\n<li>Offre des plans de prix pour le budget adapt\u00e9 aux entreprises de toutes \u00e9chelles<\/li>\n<li>Souplette tout avec un support client exceptionnel et une assistance technique<\/li>\n<\/ul>\n","protected":false},"excerpt":{"rendered":"<p>Bricksforge est une bo\u00eete \u00e0 outils compl\u00e8te m\u00e9ticuleusement con\u00e7ue pour \u00e9lever l&rsquo;exp\u00e9rience de d\u00e9veloppement WordPress pour les amateurs de constructeurs de briques. Emball\u00e9 avec une gamme diversifi\u00e9e de fonctionnalit\u00e9s, il s&rsquo;int\u00e8gre parfaitement aux briques, rationalisant le processus de d\u00e9veloppement et favorisant la cr\u00e9ativit\u00e9. Bricksforge d\u00e9bloque un potentiel illimit\u00e9, gr\u00e2ce \u00e0 son code vierge, son cadre agile et son adh\u00e9sion aux meilleures pratiques de l&rsquo;industrie. Que vous soyez un aficionado chevronn\u00e9 de briques ou un nouveau venu, Bricksforge est un compagnon indispensable qui propulse vos efforts de d\u00e9veloppement \u00e0 de nouveaux sommets.<\/p>\n","protected":false},"featured_media":146753,"comment_status":"open","ping_status":"open","template":"","meta":[],"product_brand":[2768],"product_cat":[1189,1181,1186],"product_tag":[2358],"class_list":{"0":"post-136044","1":"product","2":"type-product","3":"status-publish","4":"has-post-thumbnail","6":"product_brand-bricksforge","7":"product_cat-personnalisation","8":"product_cat-plugins","9":"product_cat-wordpress-plugins","10":"product_tag-bricksforge","11":"member-discount","12":"discount-restricted","14":"first","15":"instock","16":"sale","17":"downloadable","18":"virtual","19":"sold-individually","20":"purchasable","21":"product-type-simple"},"_links":{"self":[{"href":"https:\/\/gpl-love.com\/fr\/wp-json\/wp\/v2\/product\/136044","targetHints":{"allow":["GET"]}}],"collection":[{"href":"https:\/\/gpl-love.com\/fr\/wp-json\/wp\/v2\/product"}],"about":[{"href":"https:\/\/gpl-love.com\/fr\/wp-json\/wp\/v2\/types\/product"}],"replies":[{"embeddable":true,"href":"https:\/\/gpl-love.com\/fr\/wp-json\/wp\/v2\/comments?post=136044"}],"wp:featuredmedia":[{"embeddable":true,"href":"https:\/\/gpl-love.com\/fr\/wp-json\/wp\/v2\/media\/146753"}],"wp:attachment":[{"href":"https:\/\/gpl-love.com\/fr\/wp-json\/wp\/v2\/media?parent=136044"}],"wp:term":[{"taxonomy":"product_brand","embeddable":true,"href":"https:\/\/gpl-love.com\/fr\/wp-json\/wp\/v2\/product_brand?post=136044"},{"taxonomy":"product_cat","embeddable":true,"href":"https:\/\/gpl-love.com\/fr\/wp-json\/wp\/v2\/product_cat?post=136044"},{"taxonomy":"product_tag","embeddable":true,"href":"https:\/\/gpl-love.com\/fr\/wp-json\/wp\/v2\/product_tag?post=136044"}],"curies":[{"name":"wp","href":"https:\/\/api.w.org\/{rel}","templated":true}]}}