{"id":136042,"date":"2024-05-30T00:00:00","date_gmt":"2024-05-29T22:00:00","guid":{"rendered":"https:\/\/gpl-love.com\/fr\/produit\/automatorwp-google-calendar\/"},"modified":"2026-03-20T23:58:51","modified_gmt":"2026-03-20T22:58:51","slug":"automatorwp-google-calendar","status":"publish","type":"product","link":"https:\/\/gpl-love.com\/fr\/produit\/automatorwp-google-calendar\/","title":{"rendered":"AutomatorWP Google Calendar 1.0.6"},"content":{"rendered":"<h3>AutomatorWP Google Calendar Traits<\/h3>\n<p>Automatorwp Google Calendar est un plugin tr\u00e8s fonctionnel qui permet une int\u00e9gration transparente entre votre site Web et le calendrier Google. Ce produit offre aux utilisateurs un moyen sans effort d&rsquo;automatiser les t\u00e2ches entre leur site Web et le calendrier Google, l&rsquo;am\u00e9lioration de la productivit\u00e9 et de l&rsquo;efficacit\u00e9. Avec cet outil, vous pouvez facilement connecter votre site WordPress \u00e0 Google Calendar, vous permettant de cr\u00e9er et de mettre \u00e0 jour des \u00e9v\u00e9nements, de g\u00e9rer les notifications, d&rsquo;envoyer des invitations, etc. Le calendrier Google AutomatorWP vous permet \u00e9galement de configurer des d\u00e9clencheurs et des actions sp\u00e9cifiques, vous donnant un plus grand contr\u00f4le et personnalisation. Avec sa conception conviviale, ce produit est id\u00e9al pour les d\u00e9butants et les utilisateurs exp\u00e9riment\u00e9s. Profitez de la commodit\u00e9 de g\u00e9rer votre horaire directement \u00e0 partir de votre site avec le plugin de calendrier Google Automatorwp.<\/p>\n<ul>\n<li>Automatorwp Google Calendar est un plugin tr\u00e8s efficace con\u00e7u pour automatiser les t\u00e2ches entre WordPress et Google Calendar.<\/li>\n<li>Il fournit une interface interactive qui vous permet de g\u00e9rer et de synchroniser vos \u00e9v\u00e9nements WordPress avec Google Calendar de mani\u00e8re transparente.<\/li>\n<li>Les utilisateurs peuvent facilement cr\u00e9er, g\u00e9rer et supprimer les \u00e9v\u00e9nements de leur site WordPress qui r\u00e9fl\u00e9chiront automatiquement \u00e0 leur calendrier Google.<\/li>\n<li>Il prend en charge plusieurs calendriers Google, offrant une flexibilit\u00e9 aux utilisateurs ayant diff\u00e9rentes exigences de planification.<\/li>\n<li>Livr\u00e9 avec une conception de workflow intuitive centr\u00e9e sur WordPress, ce qui permet aux utilisateurs de configurer et de g\u00e9rer les t\u00e2ches d&rsquo;automatisation facilement.<\/li>\n<li>Le plugin offre une int\u00e9gration avec d&rsquo;autres modules compl\u00e9mentaires AutomatorWP, am\u00e9liorant ainsi ses fonctionnalit\u00e9s et sa convivialit\u00e9.<\/li>\n<li>Il est \u00e9quip\u00e9 d&rsquo;une fonction de synchronisation en temps r\u00e9el qui garantit que toutes les modifications sont imm\u00e9diatement mises \u00e0 jour sur les deux plates-formes.<\/li>\n<li>Le plugin favorise une am\u00e9lioration de la productivit\u00e9 en \u00e9liminant le besoin de candidatures manuelles, ce qui permet de gagner un temps pr\u00e9cieux.<\/li>\n<li>AutomatorWP Google Calendar prend en charge les calendriers individuels et bas\u00e9s sur l&rsquo;\u00e9quipe, ce qui le rend id\u00e9al pour les environnements personnels et commerciaux.<\/li>\n<li>Il est continuellement mis \u00e0 jour et maintenu pour assurer la compatibilit\u00e9 avec les derni\u00e8res fonctionnalit\u00e9s WordPress et Google Calendar, offrant aux utilisateurs un outil de planification fiable et efficace.<\/li>\n<\/ul>\n","protected":false},"excerpt":{"rendered":"<p>L&rsquo;entr\u00e9e fait r\u00e9f\u00e9rence \u00e0 un plugin sophistiqu\u00e9 connu sous le nom de AutomatorWP pour Google Calendar. Cet outil de productivit\u00e9 fournit une int\u00e9gration et une automatisation transparentes dans la plate-forme de calendrier Google pour stimuler l&rsquo;efficacit\u00e9 et rationaliser les t\u00e2ches. La sortie de cette int\u00e9gration offre de nombreux avantages pour les utilisateurs, notamment la planification des \u00e9v\u00e9nements rationalis\u00e9s, l&rsquo;organisation de t\u00e2ches am\u00e9lior\u00e9e et les capacit\u00e9s am\u00e9lior\u00e9es de gestion du temps. Cette application innovante aide les particuliers et les entreprises \u00e0 optimiser leurs op\u00e9rations quotidiennes et leurs flux de travail num\u00e9riques.<\/p>\n","protected":false},"featured_media":146751,"comment_status":"open","ping_status":"open","template":"","meta":[],"product_brand":[2464],"product_cat":[1189,1181,1186],"product_tag":[2260],"class_list":{"0":"post-136042","1":"product","2":"type-product","3":"status-publish","4":"has-post-thumbnail","6":"product_brand-automatorwp","7":"product_cat-personnalisation","8":"product_cat-plugins","9":"product_cat-wordpress-plugins","10":"product_tag-automatorwp","11":"member-discount","12":"discount-restricted","14":"first","15":"instock","16":"sale","17":"downloadable","18":"virtual","19":"sold-individually","20":"purchasable","21":"product-type-simple"},"_links":{"self":[{"href":"https:\/\/gpl-love.com\/fr\/wp-json\/wp\/v2\/product\/136042","targetHints":{"allow":["GET"]}}],"collection":[{"href":"https:\/\/gpl-love.com\/fr\/wp-json\/wp\/v2\/product"}],"about":[{"href":"https:\/\/gpl-love.com\/fr\/wp-json\/wp\/v2\/types\/product"}],"replies":[{"embeddable":true,"href":"https:\/\/gpl-love.com\/fr\/wp-json\/wp\/v2\/comments?post=136042"}],"wp:featuredmedia":[{"embeddable":true,"href":"https:\/\/gpl-love.com\/fr\/wp-json\/wp\/v2\/media\/146751"}],"wp:attachment":[{"href":"https:\/\/gpl-love.com\/fr\/wp-json\/wp\/v2\/media?parent=136042"}],"wp:term":[{"taxonomy":"product_brand","embeddable":true,"href":"https:\/\/gpl-love.com\/fr\/wp-json\/wp\/v2\/product_brand?post=136042"},{"taxonomy":"product_cat","embeddable":true,"href":"https:\/\/gpl-love.com\/fr\/wp-json\/wp\/v2\/product_cat?post=136042"},{"taxonomy":"product_tag","embeddable":true,"href":"https:\/\/gpl-love.com\/fr\/wp-json\/wp\/v2\/product_tag?post=136042"}],"curies":[{"name":"wp","href":"https:\/\/api.w.org\/{rel}","templated":true}]}}