{"id":136041,"date":"2026-04-24T00:00:00","date_gmt":"2026-04-23T22:00:00","guid":{"rendered":"https:\/\/gpl-love.com\/fr\/produit\/firebox-pro\/"},"modified":"2026-04-24T06:31:18","modified_gmt":"2026-04-24T04:31:18","slug":"firebox-pro","status":"publish","type":"product","link":"https:\/\/gpl-love.com\/fr\/produit\/firebox-pro\/","title":{"rendered":"Firebox Pro 3.1.6"},"content":{"rendered":"<h3>Firebox Pro Traits<\/h3>\n<p>Firebox Pro est une solution de s\u00e9curit\u00e9 technologique de haut niveau con\u00e7ue pour fournir une protection compl\u00e8te \u00e0 vos actifs num\u00e9riques. Ce pare-feu haute performance est capable de g\u00e9rer un trafic r\u00e9seau robuste tout en garantissant une s\u00e9curit\u00e9 maximale contre les cybermenaces. Firebox Pro est caract\u00e9ris\u00e9 par son interface conviviale, ce qui le rend accessible \u00e0 tous les utilisateurs, quelle que soit l&rsquo;expertise technique. Gr\u00e2ce \u00e0 ses capacit\u00e9s avanc\u00e9es de d\u00e9tection et de r\u00e9ponse des menaces, il offre des performances fiables pour pr\u00e9venir l&rsquo;acc\u00e8s non autoris\u00e9 et les cyberattaques. Firebox Pro est une solution id\u00e9ale pour les entreprises qui cherchent \u00e0 s\u00e9curiser leurs r\u00e9seaux tout en conservant des performances optimales. Il peut \u00eatre facilement int\u00e9gr\u00e9 dans votre infrastructure r\u00e9seau existante, assurant une protection transparente sans aucune perturbation. Faites confiance \u00e0 Firebox Pro pour vos besoins en cybers\u00e9curit\u00e9 et exp\u00e9rimentez la tranquillit\u00e9 d&rsquo;esprit comme jamais auparavant.<\/p>\n<ul>\n<li>Une solution logicielle haute performance et de pointe, Firebox Pro.<\/li>\n<li>Sp\u00e9cialis\u00e9 dans la fourniture de fonctionnalit\u00e9s de s\u00e9curit\u00e9 avanc\u00e9es pour prot\u00e9ger vos actifs num\u00e9riques.<\/li>\n<li>Offre la d\u00e9tection et la pr\u00e9vention des menaces en temps r\u00e9el pour assurer des op\u00e9rations en ligne transparentes.<\/li>\n<li>L&rsquo;interface de facilit\u00e9 d&rsquo;utilisation le rend adapt\u00e9 aux d\u00e9butants et aux utilisateurs avanc\u00e9s.<\/li>\n<li>Comprend des param\u00e8tres de pare-feu personnalis\u00e9s pour adapter vos mesures de s\u00e9curit\u00e9 en fonction de vos besoins.<\/li>\n<li>Con\u00e7u avec un syst\u00e8me de chiffrement avanc\u00e9 pour fournir une protection maximale de donn\u00e9es.<\/li>\n<li>Permet un acc\u00e8s \u00e0 distance s\u00e9curis\u00e9 pour un environnement de travail flexible et efficace.<\/li>\n<li>Constamment mis \u00e0 jour pour s&rsquo;adapter aux nouvelles menaces et vuln\u00e9rabilit\u00e9s.<\/li>\n<li>Livr\u00e9 avec un support client robuste pour fournir des solutions instantan\u00e9es \u00e0 tous les probl\u00e8mes.<\/li>\n<li>Compatible avec plusieurs plates-formes et syst\u00e8mes d&rsquo;exploitation pour une utilisation polyvalente.<\/li>\n<li>Firebox Pro permet de rapporter et d&rsquo;analyses complets pour identifier les menaces potentielles et les domaines d&rsquo;am\u00e9lioration.<\/li>\n<li>Le logiciel est tr\u00e8s \u00e9volutif, ce qui en fait un ajustement parfait pour les entreprises de toutes tailles.<\/li>\n<\/ul>\n","protected":false},"excerpt":{"rendered":"<p>La sortie en question concerne une technologie avanc\u00e9e connue sous le nom de Firebox Pro. Il s&rsquo;agit d&rsquo;un gadget sophistiqu\u00e9 qui a \u00e9t\u00e9 con\u00e7u et m\u00e9ticuleusement con\u00e7u pour servir ses fonctions pr\u00e9vues avec la plus grande pr\u00e9cision et efficacit\u00e9. Op\u00e9rant \u00e0 l&rsquo;avant-garde de son domaine respectif, il se d\u00e9marque comme une incarnation de la modernit\u00e9, de l&rsquo;innovation et un engagement inflexible dans le progr\u00e8s technologique. Cet outil t\u00e9moigne des progr\u00e8s incroyables que nous avons r\u00e9alis\u00e9s dans notre poursuite incessante de l&rsquo;excellence et de notre d\u00e9termination in\u00e9branlable \u00e0 repousser les limites de ce qui est possible.<\/p>\n","protected":false},"featured_media":146750,"comment_status":"open","ping_status":"open","template":"","meta":[],"product_brand":[2767],"product_cat":[1207,1181,1186],"product_tag":[2357],"class_list":{"0":"post-136041","1":"product","2":"type-product","3":"status-publish","4":"has-post-thumbnail","6":"product_brand-fire-plugins","7":"product_cat-commercialisation-wordpress-plugins","8":"product_cat-plugins","9":"product_cat-wordpress-plugins","10":"product_tag-fire-plugins","11":"member-discount","12":"discount-restricted","14":"first","15":"instock","16":"sale","17":"downloadable","18":"virtual","19":"sold-individually","20":"purchasable","21":"product-type-simple"},"_links":{"self":[{"href":"https:\/\/gpl-love.com\/fr\/wp-json\/wp\/v2\/product\/136041","targetHints":{"allow":["GET"]}}],"collection":[{"href":"https:\/\/gpl-love.com\/fr\/wp-json\/wp\/v2\/product"}],"about":[{"href":"https:\/\/gpl-love.com\/fr\/wp-json\/wp\/v2\/types\/product"}],"replies":[{"embeddable":true,"href":"https:\/\/gpl-love.com\/fr\/wp-json\/wp\/v2\/comments?post=136041"}],"wp:featuredmedia":[{"embeddable":true,"href":"https:\/\/gpl-love.com\/fr\/wp-json\/wp\/v2\/media\/146750"}],"wp:attachment":[{"href":"https:\/\/gpl-love.com\/fr\/wp-json\/wp\/v2\/media?parent=136041"}],"wp:term":[{"taxonomy":"product_brand","embeddable":true,"href":"https:\/\/gpl-love.com\/fr\/wp-json\/wp\/v2\/product_brand?post=136041"},{"taxonomy":"product_cat","embeddable":true,"href":"https:\/\/gpl-love.com\/fr\/wp-json\/wp\/v2\/product_cat?post=136041"},{"taxonomy":"product_tag","embeddable":true,"href":"https:\/\/gpl-love.com\/fr\/wp-json\/wp\/v2\/product_tag?post=136041"}],"curies":[{"name":"wp","href":"https:\/\/api.w.org\/{rel}","templated":true}]}}