{"id":136040,"date":"2025-12-28T00:00:00","date_gmt":"2025-12-27T23:00:00","guid":{"rendered":"https:\/\/gpl-love.com\/fr\/produit\/bricks-ultimate\/"},"modified":"2026-03-20T23:58:49","modified_gmt":"2026-03-20T22:58:49","slug":"bricks-ultimate","status":"publish","type":"product","link":"https:\/\/gpl-love.com\/fr\/produit\/bricks-ultimate\/","title":{"rendered":"Bricks Ultimate 2.2.17"},"content":{"rendered":"<h3>Bricks Ultimate Traits<\/h3>\n<p>Bricksultimate repr\u00e9sente un module compl\u00e9mentaire de haut niveau con\u00e7u m\u00e9ticuleusement pour le constructeur de briques. Cette extension premium est \u00e9quip\u00e9e d&rsquo;une vaste suite de fonctionnalit\u00e9s qui \u00e9l\u00e8vent l&rsquo;exp\u00e9rience de d\u00e9veloppement du site Web. Il englobe non seulement des \u00e9l\u00e9ments fondamentaux tels que les menus de navigation anim\u00e9s, les menus d&rsquo;accord\u00e9on et les constructeurs popup ajax, mais aussi des \u00e9l\u00e9ments sp\u00e9cialis\u00e9s adapt\u00e9s \u00e0 WooCommerce. L&rsquo;objectif principal de ce module compl\u00e9mentaire est de permettre aux utilisateurs de fabriquer sans effort des plateformes en ligne visuellement \u00e9tonnantes et conviviales.<\/p>\n<ul>\n<li>Autoriser les utilisateurs via des solutions de cr\u00e9ation de sites Web personnalisables<\/li>\n<li>Rationalisation de la cr\u00e9ation de site Web avec une interface de glisser-d\u00e9poser intuitive<\/li>\n<li>Pr\u00e9sentation d&rsquo;une vaste gamme de mod\u00e8les captivants et d&rsquo;options de conception<\/li>\n<li>Permettant une int\u00e9gration transparente des plugins et des extensions tiers<\/li>\n<li>Assurer des conceptions r\u00e9actives et adapt\u00e9es aux mobiles<\/li>\n<li>Fournir des outils de r\u00e9f\u00e9rencement int\u00e9gr\u00e9s pour une meilleure visibilit\u00e9 du moteur de recherche<\/li>\n<li>Fournir des services d&rsquo;h\u00e9bergement s\u00e9curis\u00e9s et fiables<\/li>\n<li>Encourager la collaboration en temps r\u00e9el et les aper\u00e7us instantan\u00e9s du site Web<\/li>\n<li>\u00c9quiper les utilisateurs des outils d&rsquo;analyse et de suivi pour une surveillance continue des performances du site Web<\/li>\n<li>Offrir des plans de prix rentables adapt\u00e9s aux entreprises de toutes tailles<\/li>\n<li>Soutenu par un support client exceptionnel et une assistance technique<\/li>\n<\/ul>\n","protected":false},"excerpt":{"rendered":"<p>Bricksultimate est un module compl\u00e9mentaire de haut niveau m\u00e9ticuleusement con\u00e7u pour le constructeur de briques, offrant une vaste suite de fonctionnalit\u00e9s pour \u00e9lever la cr\u00e9ation de sites Web. Ces fonctionnalit\u00e9s englobent des \u00e9l\u00e9ments fondamentaux tels que les menus de hamburgers anim\u00e9s, la navigation de style accord\u00e9on, les constructeurs contextuels bas\u00e9s sur l&rsquo;AJAX et un ensemble sp\u00e9cialis\u00e9 adapt\u00e9 \u00e0 l&rsquo;int\u00e9gration WooCommerce. Ce module compl\u00e9mentaire a \u00e9t\u00e9 soigneusement con\u00e7u pour permettre aux utilisateurs de fabriquer sans effort des sites Web visuellement \u00e9tonnants et conviviaux sur le Web.<\/p>\n","protected":false},"featured_media":146749,"comment_status":"open","ping_status":"open","template":"","meta":[],"product_brand":[2766],"product_cat":[1189,1181,1186],"product_tag":[2356],"class_list":{"0":"post-136040","1":"product","2":"type-product","3":"status-publish","4":"has-post-thumbnail","6":"product_brand-bricks-ultimate","7":"product_cat-personnalisation","8":"product_cat-plugins","9":"product_cat-wordpress-plugins","10":"product_tag-bricks-ultimate","11":"member-discount","12":"discount-restricted","14":"first","15":"instock","16":"sale","17":"downloadable","18":"virtual","19":"sold-individually","20":"purchasable","21":"product-type-simple"},"_links":{"self":[{"href":"https:\/\/gpl-love.com\/fr\/wp-json\/wp\/v2\/product\/136040","targetHints":{"allow":["GET"]}}],"collection":[{"href":"https:\/\/gpl-love.com\/fr\/wp-json\/wp\/v2\/product"}],"about":[{"href":"https:\/\/gpl-love.com\/fr\/wp-json\/wp\/v2\/types\/product"}],"replies":[{"embeddable":true,"href":"https:\/\/gpl-love.com\/fr\/wp-json\/wp\/v2\/comments?post=136040"}],"wp:featuredmedia":[{"embeddable":true,"href":"https:\/\/gpl-love.com\/fr\/wp-json\/wp\/v2\/media\/146749"}],"wp:attachment":[{"href":"https:\/\/gpl-love.com\/fr\/wp-json\/wp\/v2\/media?parent=136040"}],"wp:term":[{"taxonomy":"product_brand","embeddable":true,"href":"https:\/\/gpl-love.com\/fr\/wp-json\/wp\/v2\/product_brand?post=136040"},{"taxonomy":"product_cat","embeddable":true,"href":"https:\/\/gpl-love.com\/fr\/wp-json\/wp\/v2\/product_cat?post=136040"},{"taxonomy":"product_tag","embeddable":true,"href":"https:\/\/gpl-love.com\/fr\/wp-json\/wp\/v2\/product_tag?post=136040"}],"curies":[{"name":"wp","href":"https:\/\/api.w.org\/{rel}","templated":true}]}}