{"id":136039,"date":"2025-09-10T00:00:00","date_gmt":"2025-09-09T22:00:00","guid":{"rendered":"https:\/\/gpl-love.com\/fr\/produit\/elemailer-pro\/"},"modified":"2026-03-20T23:58:49","modified_gmt":"2026-03-20T22:58:49","slug":"elemailer-pro","status":"publish","type":"product","link":"https:\/\/gpl-love.com\/fr\/produit\/elemailer-pro\/","title":{"rendered":"Elemailer Pro 4.1.9"},"content":{"rendered":"<h3>Elemailer Pro Traits<\/h3>\n<p>Elemailer Pro est un plugin de marketing par e-mail de haut niveau con\u00e7u sp\u00e9cifiquement pour WordPress. Cet outil avanc\u00e9 vous aide \u00e0 cr\u00e9er des campagnes d&rsquo;e-mail \u00e9tonnantes, engageantes et efficaces directement \u00e0 partir de votre tableau de bord WordPress. Elemailer Pro propose une vari\u00e9t\u00e9 de fonctionnalit\u00e9s, notamment le constructeur de courriels glisser-d\u00e9poser, la segmentation avanc\u00e9e, l&rsquo;automatisation et l&rsquo;analyse pour optimiser votre strat\u00e9gie de marketing par e-mail. Le logiciel s&rsquo;int\u00e8gre parfaitement \u00e0 diff\u00e9rents plugins WordPress pour vous aider \u00e0 capturer les prospects, \u00e0 d\u00e9velopper votre liste d&rsquo;abonn\u00e9s et \u00e0 les convertir en clients fid\u00e8les. Avec Elemailer Pro, vous pouvez concevoir des e-mails professionnels et personnalis\u00e9s sans aucune comp\u00e9tence de codage, ce qui rend id\u00e9al pour les entreprises de toutes tailles pour rationaliser leur processus de marketing par e-mail.<\/p>\n<ul>\n<li>Elemailer Pro est un plugin de marketing par e-mail avanc\u00e9 con\u00e7u pour les utilisateurs de WordPress.<\/li>\n<li>Lietages Elementor, le premier constructeur de page WordPress au monde, pour cr\u00e9er de superbes e-mails.<\/li>\n<li>Permet une int\u00e9gration transparente avec les fournisseurs de services de messagerie les plus populaires tels que MailChimp, SendinBlue et autres.<\/li>\n<li>Offre une conception de messagerie en temps r\u00e9el avec des aper\u00e7us pour assurer une apparence optimale avant l&rsquo;envoi.<\/li>\n<li>Prend en charge les campagnes de courrier \u00e9lectronique automatis\u00e9es, aidant \u00e0 gagner du temps et \u00e0 augmenter l&rsquo;efficacit\u00e9.<\/li>\n<li>Assure des e-mails r\u00e9actifs qui semblent parfaits sur tous les appareils et clients de messagerie.<\/li>\n<li>Fournit des fonctionnalit\u00e9s d&rsquo;analyse et de suivi approfondies pour une meilleure compr\u00e9hension et surveillance de l&rsquo;engagement du public.<\/li>\n<li>Comprend de nombreux mod\u00e8les personnalisables pour r\u00e9pondre \u00e0 divers besoins et campagnes commerciales.<\/li>\n<li>Assure des taux de livrabilit\u00e9 \u00e9lev\u00e9s avec sa conformit\u00e9 aux r\u00e9glementations par e-mail et aux meilleures pratiques.<\/li>\n<li>Offre un support client 24h \/ 24 et 7j \/ 7 aidant \u00e0 la configuration, au d\u00e9pannage et \u00e0 d&rsquo;autres demandes.<\/li>\n<li>Permet une importation sans tracas de contacts et une gestion facile des listes d&rsquo;abonn\u00e9s.<\/li>\n<li>Id\u00e9al pour les propri\u00e9taires d&rsquo;entreprise, les sp\u00e9cialistes du marketing num\u00e9rique, les blogueurs et toute personne qui cherche \u00e0 rationaliser leur processus de marketing par e-mail.<\/li>\n<li>Il est livr\u00e9 avec un mod\u00e8le de tarification flexible pour s&rsquo;adapter aux entreprises de toutes tailles.<\/li>\n<\/ul>\n","protected":false},"excerpt":{"rendered":"<p>Elemailer Pro, un logiciel sophistiqu\u00e9 qui am\u00e9liore l&rsquo;efficacit\u00e9 des campagnes de marketing par e-mail, est un outil innovant con\u00e7u pour les entreprises qui cherchent \u00e0 tirer parti de la puissance de la communication num\u00e9rique. Ce logiciel avanc\u00e9 permet non seulement aux utilisateurs de g\u00e9rer et de rationaliser leurs strat\u00e9gies de marketing par e-mail, mais cela leur permet \u00e9galement de r\u00e9diger des e-mails personnalis\u00e9s et personnalis\u00e9s qui peuvent efficacement engager leur public et g\u00e9n\u00e9rer plus de conversions. En outre, il est construit avec des fonctionnalit\u00e9s uniques qui le rendent extr\u00eamement efficace et facile \u00e0 utiliser, ce qui en fait un choix populaire pour les entreprises visant \u00e0 augmenter leurs efforts de marketing num\u00e9rique.<\/p>\n","protected":false},"featured_media":146748,"comment_status":"open","ping_status":"open","template":"","meta":[],"product_brand":[2765],"product_cat":[1207,1181,1186],"product_tag":[2355],"class_list":{"0":"post-136039","1":"product","2":"type-product","3":"status-publish","4":"has-post-thumbnail","6":"product_brand-elemailer","7":"product_cat-commercialisation-wordpress-plugins","8":"product_cat-plugins","9":"product_cat-wordpress-plugins","10":"product_tag-elemailer","11":"member-discount","12":"discount-restricted","14":"first","15":"instock","16":"sale","17":"downloadable","18":"virtual","19":"sold-individually","20":"purchasable","21":"product-type-simple"},"_links":{"self":[{"href":"https:\/\/gpl-love.com\/fr\/wp-json\/wp\/v2\/product\/136039","targetHints":{"allow":["GET"]}}],"collection":[{"href":"https:\/\/gpl-love.com\/fr\/wp-json\/wp\/v2\/product"}],"about":[{"href":"https:\/\/gpl-love.com\/fr\/wp-json\/wp\/v2\/types\/product"}],"replies":[{"embeddable":true,"href":"https:\/\/gpl-love.com\/fr\/wp-json\/wp\/v2\/comments?post=136039"}],"wp:featuredmedia":[{"embeddable":true,"href":"https:\/\/gpl-love.com\/fr\/wp-json\/wp\/v2\/media\/146748"}],"wp:attachment":[{"href":"https:\/\/gpl-love.com\/fr\/wp-json\/wp\/v2\/media?parent=136039"}],"wp:term":[{"taxonomy":"product_brand","embeddable":true,"href":"https:\/\/gpl-love.com\/fr\/wp-json\/wp\/v2\/product_brand?post=136039"},{"taxonomy":"product_cat","embeddable":true,"href":"https:\/\/gpl-love.com\/fr\/wp-json\/wp\/v2\/product_cat?post=136039"},{"taxonomy":"product_tag","embeddable":true,"href":"https:\/\/gpl-love.com\/fr\/wp-json\/wp\/v2\/product_tag?post=136039"}],"curies":[{"name":"wp","href":"https:\/\/api.w.org\/{rel}","templated":true}]}}