{"id":136038,"date":"2026-01-10T00:00:00","date_gmt":"2026-01-09T23:00:00","guid":{"rendered":"https:\/\/gpl-love.com\/fr\/produit\/modern-events-calendar-rsvp-events\/"},"modified":"2026-03-20T23:58:39","modified_gmt":"2026-03-20T22:58:39","slug":"modern-events-calendar-rsvp-events","status":"publish","type":"product","link":"https:\/\/gpl-love.com\/fr\/produit\/modern-events-calendar-rsvp-events\/","title":{"rendered":"Modern Events Calendar RSVP Events 1.6.0"},"content":{"rendered":"<h3>Modern Events Calendar RSVP Events Traits<\/h3>\n<p>Les \u00e9v\u00e9nements RSVP du calendrier des \u00e9v\u00e9nements modernes sont un produit dynamique et innovant con\u00e7u pour rationaliser votre processus de planification des \u00e9v\u00e9nements. Cet outil permet aux utilisateurs de cr\u00e9er, g\u00e9rer et personnaliser les \u00e9v\u00e9nements directement \u00e0 partir de leur appareil. Avec des fonctionnalit\u00e9s telles que le suivi RSVP, les mises \u00e0 jour du calendrier en temps r\u00e9el et les options de vue multiples, l&rsquo;organisation des \u00e9v\u00e9nements n&rsquo;a jamais \u00e9t\u00e9 plus facile. Les utilisateurs peuvent inviter les participants, suivre les r\u00e9ponses et m\u00eame vendre des billets en ligne. Son interface moderne et intuitive offre une navigation transparente et un contr\u00f4le facile sur tous les aspects de votre \u00e9v\u00e9nement. Il est \u00e9galement tr\u00e8s compatible et peut \u00eatre int\u00e9gr\u00e9 \u00e0 diverses plates-formes pour une fonctionnalit\u00e9 am\u00e9lior\u00e9e. Les \u00e9v\u00e9nements RSVP du calendrier des \u00e9v\u00e9nements modernes sont un outil indispensable pour les particuliers, les entreprises ou les organisations qui planifient r\u00e9guli\u00e8rement des \u00e9v\u00e9nements.<\/p>\n<ul>\n<li>Les \u00e9v\u00e9nements RSVP du calendrier des \u00e9v\u00e9nements modernes sont un outil de gestion des \u00e9v\u00e9nements de pointe con\u00e7u pour une utilisation personnelle et professionnelle.<\/li>\n<li>Propose une interface facile \u00e0 utiliser qui simplifie la planification et l&rsquo;organisation des \u00e9v\u00e9nements.<\/li>\n<li>Livr\u00e9 avec un syst\u00e8me RSVP unique, vous permettant de suivre et de g\u00e9rer facilement les r\u00e9ponses des invit\u00e9s.<\/li>\n<li>Offre des conceptions de calendrier modernes et esth\u00e9tiques pour s&rsquo;int\u00e9grer de mani\u00e8re transparente dans votre site Web ou vos plateformes de m\u00e9dias sociaux existantes.<\/li>\n<li>Fournit des options pour des \u00e9v\u00e9nements r\u00e9currents, ce qui le rend id\u00e9al pour les r\u00e9unions hebdomadaires ou mensuelles, les cours ou les rassemblements.<\/li>\n<li>Prend en charge plusieurs options de paiement pour les \u00e9v\u00e9nements payants, offrant une commodit\u00e9 \u00e0 la fois pour l&rsquo;organisateur et les participants.<\/li>\n<li>Comprend des alertes et des rappels de notification pour s&rsquo;assurer qu&rsquo;aucun \u00e9v\u00e9nement n&rsquo;est manqu\u00e9.<\/li>\n<li>Permet une personnalisation facile, des d\u00e9tails de l&rsquo;\u00e9v\u00e9nement aux conceptions de calendrier, pour correspondre \u00e0 votre marque ou \u00e0 votre th\u00e8me.<\/li>\n<li>La plate-forme est constamment mise \u00e0 jour pour assurer la compatibilit\u00e9 avec les derni\u00e8res technologies et tendances Web.<\/li>\n<li>Livr\u00e9 avec un excellent support client pour aider \u00e0 toute demande ou en probl\u00e8mes techniques.<\/li>\n<\/ul>\n","protected":false},"excerpt":{"rendered":"<p>Le syst\u00e8me de planification contemporain connu sous le nom de calendrier des \u00e9v\u00e9nements modernes est m\u00e9ticuleusement con\u00e7u pour enregistrer et g\u00e9rer les \u00e9v\u00e9nements RSVP. Cet outil sophistiqu\u00e9 offre une interface interactive aux utilisateurs afin de simplifier le processus de planification, d&rsquo;organisation et de gestion des \u00e9v\u00e9nements RSVP efficacement et efficacement, garantissant qu&rsquo;aucun d\u00e9tail n&rsquo;est n\u00e9glig\u00e9.<\/p>\n","protected":false},"featured_media":146738,"comment_status":"open","ping_status":"open","template":"","meta":[],"product_brand":[2504],"product_cat":[1189,1181,1186],"product_tag":[1394],"class_list":{"0":"post-136038","1":"product","2":"type-product","3":"status-publish","4":"has-post-thumbnail","6":"product_brand-webnus","7":"product_cat-personnalisation","8":"product_cat-plugins","9":"product_cat-wordpress-plugins","10":"product_tag-webnus","11":"member-discount","12":"discount-restricted","14":"first","15":"instock","16":"sale","17":"downloadable","18":"virtual","19":"sold-individually","20":"purchasable","21":"product-type-simple"},"_links":{"self":[{"href":"https:\/\/gpl-love.com\/fr\/wp-json\/wp\/v2\/product\/136038","targetHints":{"allow":["GET"]}}],"collection":[{"href":"https:\/\/gpl-love.com\/fr\/wp-json\/wp\/v2\/product"}],"about":[{"href":"https:\/\/gpl-love.com\/fr\/wp-json\/wp\/v2\/types\/product"}],"replies":[{"embeddable":true,"href":"https:\/\/gpl-love.com\/fr\/wp-json\/wp\/v2\/comments?post=136038"}],"wp:featuredmedia":[{"embeddable":true,"href":"https:\/\/gpl-love.com\/fr\/wp-json\/wp\/v2\/media\/146738"}],"wp:attachment":[{"href":"https:\/\/gpl-love.com\/fr\/wp-json\/wp\/v2\/media?parent=136038"}],"wp:term":[{"taxonomy":"product_brand","embeddable":true,"href":"https:\/\/gpl-love.com\/fr\/wp-json\/wp\/v2\/product_brand?post=136038"},{"taxonomy":"product_cat","embeddable":true,"href":"https:\/\/gpl-love.com\/fr\/wp-json\/wp\/v2\/product_cat?post=136038"},{"taxonomy":"product_tag","embeddable":true,"href":"https:\/\/gpl-love.com\/fr\/wp-json\/wp\/v2\/product_tag?post=136038"}],"curies":[{"name":"wp","href":"https:\/\/api.w.org\/{rel}","templated":true}]}}