{"id":136037,"date":"2025-01-22T00:00:00","date_gmt":"2025-01-21T23:00:00","guid":{"rendered":"https:\/\/gpl-love.com\/fr\/produit\/modern-events-calendar-zoom\/"},"modified":"2026-03-20T23:58:38","modified_gmt":"2026-03-20T22:58:38","slug":"modern-events-calendar-zoom","status":"publish","type":"product","link":"https:\/\/gpl-love.com\/fr\/produit\/modern-events-calendar-zoom\/","title":{"rendered":"Modern Events Calendar Zoom 1.2.3"},"content":{"rendered":"<h3>Modern Events Calendar Zoom Traits<\/h3>\n<p>Le Zoom des \u00e9v\u00e9nements modernes est un outil num\u00e9rique innovant con\u00e7u pour rationaliser le processus de gestion et de planification des \u00e9v\u00e9nements. Ce logiciel avanc\u00e9 s&rsquo;int\u00e8gre parfaitement \u00e0 Zoom, une plate-forme de communication vid\u00e9o de premier plan, pour fournir un moyen sans tracas d&rsquo;organiser des r\u00e9unions virtuelles, des webinaires et des conf\u00e9rences. Le produit dispose d&rsquo;une interface conviviale, permettant aux utilisateurs de cr\u00e9er et de g\u00e9rer les \u00e9v\u00e9nements directement \u00e0 partir du tableau de bord. Les fonctionnalit\u00e9s suppl\u00e9mentaires incluent des notifications automatiques, une synchronisation en temps r\u00e9el et un support multi-langues. Avec le zoom du calendrier des \u00e9v\u00e9nements modernes, les utilisateurs peuvent convertir sans effort leurs \u00e9v\u00e9nements physiques en un flux de travail et une productivit\u00e9 ininterrompus dans l&rsquo;environnement de travail \u00e0 distance d&rsquo;aujourd&rsquo;hui. Ce produit est id\u00e9al pour les entreprises, les secteurs de l&rsquo;\u00e9ducation et les personnes \u00e0 la recherche d&rsquo;une solution de gestion d&rsquo;\u00e9v\u00e9nements en ligne fiable et efficace.<\/p>\n<ul>\n<li>Une solution d&rsquo;int\u00e9gration transparente pour la planification et la gestion des \u00e9v\u00e9nements en ligne.<\/li>\n<li>Permet la cr\u00e9ation, la promotion et l&rsquo;h\u00e9bergement des \u00e9v\u00e9nements directement \u00e0 partir de votre site Web.<\/li>\n<li>Rationalise le processus de configuration des r\u00e9unions de zoom ou des webinaires pour les participants \u00e0 l&rsquo;\u00e9v\u00e9nement.<\/li>\n<li>Compatible avec le plugin du calendrier des \u00e9v\u00e9nements modernes populaires pour WordPress.<\/li>\n<li>Fournit un acc\u00e8s direct aux fonctionnalit\u00e9s de zoom depuis votre tableau de bord de gestion d&rsquo;\u00e9v\u00e9nements.<\/li>\n<li>Permet des mises \u00e0 jour en temps r\u00e9el pour les \u00e9v\u00e9nements et une synchronisation automatique avec Zoom.<\/li>\n<li>Offre Shortcodes pour ajouter facilement des r\u00e9unions de zoom \u00e0 vos descriptions d&rsquo;\u00e9v\u00e9nements.<\/li>\n<li>Prend en charge plusieurs comptes de zoom pour une meilleure organisation de diff\u00e9rents \u00e9v\u00e9nements.<\/li>\n<li>Priorise la commodit\u00e9 des utilisateurs et am\u00e9liore l&rsquo;exp\u00e9rience globale de gestion des \u00e9v\u00e9nements.<\/li>\n<li>Id\u00e9al pour les entreprises, les organisations \u00e0 but non lucratif, les \u00e9tablissements d&rsquo;enseignement ou toute personne qui organise r\u00e9guli\u00e8rement des \u00e9v\u00e9nements en ligne.<\/li>\n<li>Ne n\u00e9cessite aucune comp\u00e9tence technique pour la configuration, ce qui le rend accessible \u00e0 tous les utilisateurs.<\/li>\n<li>Assure une exp\u00e9rience d&rsquo;\u00e9v\u00e9nement virtuel professionnel et fluide pour les h\u00f4tes et les participants.<\/li>\n<\/ul>\n","protected":false},"excerpt":{"rendered":"<p>L&rsquo;outil de planification contemporain connu sous le nom de calendrier des \u00e9v\u00e9nements modernes a maintenant \u00e9t\u00e9 int\u00e9gr\u00e9 au logiciel de vid\u00e9oconf\u00e9rence tr\u00e8s populaire, Zoom. Cette int\u00e9gration vous permet non seulement de planifier, de g\u00e9rer et de planifier vos \u00e9v\u00e9nements de mani\u00e8re plus sophistiqu\u00e9e, mais il aide \u00e9galement \u00e0 favoriser une meilleure connexion avec votre public en offrant une exp\u00e9rience de communication vid\u00e9o transparente. Cette fusion innovante de la technologie assure l&rsquo;organisation efficace et efficace de vos \u00e9v\u00e9nements et r\u00e9unions \u00e0 l&rsquo;\u00e8re num\u00e9rique moderne.<\/p>\n","protected":false},"featured_media":146737,"comment_status":"open","ping_status":"open","template":"","meta":[],"product_brand":[2504],"product_cat":[1189,1181,1186],"product_tag":[1394],"class_list":{"0":"post-136037","1":"product","2":"type-product","3":"status-publish","4":"has-post-thumbnail","6":"product_brand-webnus","7":"product_cat-personnalisation","8":"product_cat-plugins","9":"product_cat-wordpress-plugins","10":"product_tag-webnus","11":"member-discount","12":"discount-restricted","14":"first","15":"instock","16":"sale","17":"downloadable","18":"virtual","19":"sold-individually","20":"purchasable","21":"product-type-simple"},"_links":{"self":[{"href":"https:\/\/gpl-love.com\/fr\/wp-json\/wp\/v2\/product\/136037","targetHints":{"allow":["GET"]}}],"collection":[{"href":"https:\/\/gpl-love.com\/fr\/wp-json\/wp\/v2\/product"}],"about":[{"href":"https:\/\/gpl-love.com\/fr\/wp-json\/wp\/v2\/types\/product"}],"replies":[{"embeddable":true,"href":"https:\/\/gpl-love.com\/fr\/wp-json\/wp\/v2\/comments?post=136037"}],"wp:featuredmedia":[{"embeddable":true,"href":"https:\/\/gpl-love.com\/fr\/wp-json\/wp\/v2\/media\/146737"}],"wp:attachment":[{"href":"https:\/\/gpl-love.com\/fr\/wp-json\/wp\/v2\/media?parent=136037"}],"wp:term":[{"taxonomy":"product_brand","embeddable":true,"href":"https:\/\/gpl-love.com\/fr\/wp-json\/wp\/v2\/product_brand?post=136037"},{"taxonomy":"product_cat","embeddable":true,"href":"https:\/\/gpl-love.com\/fr\/wp-json\/wp\/v2\/product_cat?post=136037"},{"taxonomy":"product_tag","embeddable":true,"href":"https:\/\/gpl-love.com\/fr\/wp-json\/wp\/v2\/product_tag?post=136037"}],"curies":[{"name":"wp","href":"https:\/\/api.w.org\/{rel}","templated":true}]}}