{"id":136027,"date":"2026-03-04T00:00:00","date_gmt":"2026-03-03T23:00:00","guid":{"rendered":"https:\/\/gpl-love.com\/fr\/produit\/gravity-forms-google-analytics\/"},"modified":"2026-03-20T23:58:41","modified_gmt":"2026-03-20T22:58:41","slug":"gravity-forms-google-analytics","status":"publish","type":"product","link":"https:\/\/gpl-love.com\/fr\/produit\/gravity-forms-google-analytics\/","title":{"rendered":"Gravity Forms Google Analytics 2.4.1"},"content":{"rendered":"<h3>Gravity Forms Google Analytics Traits<\/h3>\n<p>Gravity Forms Google Analytics est un puissant outil num\u00e9rique con\u00e7u pour am\u00e9liorer la fonctionnalit\u00e9 de votre site Web. Ce produit vous permet d&rsquo;int\u00e9grer de mani\u00e8re transparente Google Analytics aux formulaires de gravit\u00e9 sur votre site Web, vous fournissant des informations et des analyses pr\u00e9cieuses sur les soumissions de formulaires. En suivant les performances du formulaire, vous pouvez facilement surveiller les formulaires qui fonctionnent bien et lesquels ne sont pas, vous permettant d&rsquo;optimiser votre site Web pour des taux d&rsquo;engagement et de conversion maximaux. Avec Gravity Forms Google Analytics, vous pouvez \u00e9galement suivre l&rsquo;interaction des utilisateurs, identifier les tendances et prendre des d\u00e9cisions bas\u00e9es sur les donn\u00e9es pour votre entreprise ou votre site Web personnel. Cet outil est facile \u00e0 utiliser et ne n\u00e9cessite aucune comp\u00e9tence de codage, ce qui le rend id\u00e9al pour les d\u00e9butants et les propri\u00e9taires de sites Web exp\u00e9riment\u00e9s.<\/p>\n<ul>\n<li>Gravity Forms Google Analytics est un outil puissant qui s&rsquo;int\u00e8gre \u00e0 votre site Web WordPress, vous permettant de suivre les soumissions de formulaires.<\/li>\n<li>Vous permet de comprendre le comportement des utilisateurs, fournissant des donn\u00e9es perspicaces sur les interactions de formulaire, les soumissions et les conversions.<\/li>\n<li>Facile \u00e0 installer et \u00e0 configurer, ne n\u00e9cessitant aucune expertise de codage; Connectez-vous simplement \u00e0 votre compte Google Analytics.<\/li>\n<li>Permet la cr\u00e9ation d&rsquo;\u00e9v\u00e9nements et d&rsquo;objectifs personnalis\u00e9s dans Google Analytics, permettant un suivi pr\u00e9cis des actions de forme sp\u00e9cifiques.<\/li>\n<li>Compatible avec tous les types de formulaires cr\u00e9\u00e9s \u00e0 l&rsquo;aide de formes de gravit\u00e9, y compris des formulaires de contact, des enqu\u00eates, des quiz, etc.<\/li>\n<li>Vous permet de prendre des d\u00e9cisions bas\u00e9es sur les donn\u00e9es, d&rsquo;am\u00e9liorer l&rsquo;exp\u00e9rience utilisateur de votre site Web et d&rsquo;augmenter les taux de conversion.<\/li>\n<li>Fournit un suivi en temps r\u00e9el pour surveiller les performances du formulaire et l&rsquo;engagement des utilisateurs instantan\u00e9ment.<\/li>\n<li>Gardez vos donn\u00e9es s\u00e9curis\u00e9es avec la plate-forme fiable et fiable de Google Analytics.<\/li>\n<li>Prend en charge les propri\u00e9t\u00e9s Universal Analytics et Google Analytics 4.<\/li>\n<\/ul>\n","protected":false},"excerpt":{"rendered":"<p>Gravity Forms est un outil extr\u00eamement populaire utilis\u00e9 pour cr\u00e9er des formulaires avanc\u00e9s sur votre site Web WordPress. Cet outil int\u00e8gre une grande vari\u00e9t\u00e9 de fonctionnalit\u00e9s et de fonctionnalit\u00e9s qui simplifient consid\u00e9rablement le processus de cr\u00e9ation de formulaires, de r\u00e9duction des enqu\u00eates et de collecte de donn\u00e9es utilisateur. Une caract\u00e9ristique puissante des formes de gravit\u00e9 est sa compatibilit\u00e9 et son int\u00e9gration avec Google Analytics. Cette int\u00e9gration vous permet de suivre les performances de vos formulaires, de mieux comprendre votre public et de tirer des informations strat\u00e9giques \u00e0 partir de rapports d\u00e9taill\u00e9s. Cette puissante combinaison de formes de gravit\u00e9 et d&rsquo;analyse Google peut finalement contribuer \u00e0 une prise de d\u00e9cision am\u00e9lior\u00e9e, \u00e0 une am\u00e9lioration de l&rsquo;exp\u00e9rience utilisateur et \u00e0 des conversions accrues.<\/p>\n","protected":false},"featured_media":146740,"comment_status":"open","ping_status":"open","template":"","meta":[],"product_brand":[2565],"product_cat":[1207,1181,1186],"product_tag":[1275],"class_list":{"0":"post-136027","1":"product","2":"type-product","3":"status-publish","4":"has-post-thumbnail","6":"product_brand-gravityforms","7":"product_cat-commercialisation-wordpress-plugins","8":"product_cat-plugins","9":"product_cat-wordpress-plugins","10":"product_tag-gravityforms","11":"member-discount","12":"discount-restricted","14":"first","15":"instock","16":"sale","17":"downloadable","18":"virtual","19":"sold-individually","20":"purchasable","21":"product-type-simple"},"_links":{"self":[{"href":"https:\/\/gpl-love.com\/fr\/wp-json\/wp\/v2\/product\/136027","targetHints":{"allow":["GET"]}}],"collection":[{"href":"https:\/\/gpl-love.com\/fr\/wp-json\/wp\/v2\/product"}],"about":[{"href":"https:\/\/gpl-love.com\/fr\/wp-json\/wp\/v2\/types\/product"}],"replies":[{"embeddable":true,"href":"https:\/\/gpl-love.com\/fr\/wp-json\/wp\/v2\/comments?post=136027"}],"wp:featuredmedia":[{"embeddable":true,"href":"https:\/\/gpl-love.com\/fr\/wp-json\/wp\/v2\/media\/146740"}],"wp:attachment":[{"href":"https:\/\/gpl-love.com\/fr\/wp-json\/wp\/v2\/media?parent=136027"}],"wp:term":[{"taxonomy":"product_brand","embeddable":true,"href":"https:\/\/gpl-love.com\/fr\/wp-json\/wp\/v2\/product_brand?post=136027"},{"taxonomy":"product_cat","embeddable":true,"href":"https:\/\/gpl-love.com\/fr\/wp-json\/wp\/v2\/product_cat?post=136027"},{"taxonomy":"product_tag","embeddable":true,"href":"https:\/\/gpl-love.com\/fr\/wp-json\/wp\/v2\/product_tag?post=136027"}],"curies":[{"name":"wp","href":"https:\/\/api.w.org\/{rel}","templated":true}]}}