{"id":136025,"date":"2025-04-14T00:00:00","date_gmt":"2025-04-13T22:00:00","guid":{"rendered":"https:\/\/gpl-love.com\/fr\/produit\/thrive-automator\/"},"modified":"2026-04-10T18:45:26","modified_gmt":"2026-04-10T16:45:26","slug":"thrive-automator","status":"publish","type":"product","link":"https:\/\/gpl-love.com\/fr\/produit\/thrive-automator\/","title":{"rendered":"Thrive Automator 10.6.1.1"},"content":{"rendered":"<h3>Thrive Automator Traits<\/h3>\n<p>Divi Body Commerce appara\u00eet comme une solution extr\u00eamement puissante et dynamique pour les entreprises qui aspirent \u00e0 \u00e9tablir un site Web de commerce \u00e9lectronique superlatif qui livre vraiment. Ce plugin exceptionnel se fonde harmonieusement avec le th\u00e8me Divi, accordant aux utilisateurs la capacit\u00e9 in\u00e9gal\u00e9e \u00e0 construire une boutique en ligne visuellement captivante qui s&rsquo;adresse parfaitement \u00e0 leurs caprices et fantaisies uniques. Non seulement Divi BodyCommerce facilite sans effort la personnalisation sans effort des produits, mais elle permet \u00e9galement aux utilisateurs de g\u00e9rer habilement les stocks et de suivre m\u00e9ticuleusement les ventes avec une facilit\u00e9 et une dext\u00e9rit\u00e9 in\u00e9gal\u00e9es. De plus, le vaste r\u00e9pertoire du plugin comprend un assortiment \u00e9clectique d&rsquo;options de passerelle et de m\u00e9thodes d&rsquo;exp\u00e9dition, garantissant ainsi une compatibilit\u00e9 transparente avec une myriade de mod\u00e8les commerciaux. \u00c0 la lumi\u00e8re de son interface utilisateur navigable et d&rsquo;une conception exquise sans effort, coupl\u00e9e \u00e0 ses innombrables fonctionnalit\u00e9s robustes, Divi Body Commerce \u00e9merge sans \u00e9quivoque comme la solution de commerce \u00e9lectronique par excellence pour les entreprises couvrant un spectre diversifi\u00e9 de tailles et de contours.<\/p>\n<ul>\n<li>La solution ultime de commerce \u00e9lectronique pour le th\u00e8me Divi WordPress<\/li>\n<li>Intuitivement con\u00e7u pour fonctionner de mani\u00e8re transparente avec le constructeur visuel de glisser-d\u00e9poser de Divi<\/li>\n<li>Livr\u00e9 avec une gamme de dispositions de magasins pr\u00e9-con\u00e7ues et de mod\u00e8les de produits<\/li>\n<li>Vous permet de personnaliser la conception et les fonctionnalit\u00e9s de votre magasin avec facilit\u00e9<\/li>\n<li>Offre des fonctionnalit\u00e9s avanc\u00e9es telles que les prix dynamiques, les variations de produits et la prise en charge multisite<\/li>\n<li>Prend en charge une vari\u00e9t\u00e9 de passerelles de paiement, notamment PayPal, Stripe et Authorize.net<\/li>\n<li>Comprend une documentation d\u00e9taill\u00e9e et un support client r\u00e9actif<\/li>\n<li>Parfait pour les entreprises de toutes tailles ou d\u00e9veloppeurs WordPress construisant des sites clients<\/li>\n<li>Offre une compatibilit\u00e9 avec WooCommerce, le premier plugin de commerce \u00e9lectronique pour WordPress<\/li>\n<li>Vous permet de g\u00e9rer facilement les commandes, le suivi des exp\u00e9ditions et les informations du client.<\/li>\n<\/ul>\n","protected":false},"excerpt":{"rendered":"<p>Divi BodyCommerce, un plugin incroyablement robuste d\u00e9velopp\u00e9 sp\u00e9cifiquement pour le th\u00e8me Divi, sert \u00e0 renforcer et \u00e0 amplifier les capacit\u00e9s du plugin WooCommerce. En int\u00e9grant Divi BodyCommerce, les utilisateurs ont la possibilit\u00e9 d&rsquo;adapter et d&rsquo;adapter personnellement la conception et la structure de leur boutique en ligne \u00e0 l&rsquo;aide du constructeur Divi tr\u00e8s polyvalent. De plus, ce plugin exceptionnel permet aux individus de cr\u00e9er des pages de produits visuellement captivantes, d&rsquo;affiner et d&rsquo;optimiser leur processus de paiement et de plonger dans un assortiment d&rsquo;autres fonctionnalit\u00e9s engageantes. Essentiellement, Divi BodyCommerce transcende les limites du commerce \u00e9lectronique traditionnel, pr\u00e9sentant finalement une plate-forme m\u00e9ticuleusement con\u00e7ue qui amalgate de mani\u00e8re transparente le professionnalisme avec commodit\u00e9, offrant ainsi aux utilisateurs une exp\u00e9rience d&rsquo;achat en ligne in\u00e9branlable.<\/p>\n","protected":false},"featured_media":145749,"comment_status":"open","ping_status":"open","template":"","meta":[],"product_brand":[2675],"product_cat":[1207,1181,1186],"product_tag":[1382],"class_list":{"0":"post-136025","1":"product","2":"type-product","3":"status-publish","4":"has-post-thumbnail","6":"product_brand-thrive-themes","7":"product_cat-commercialisation-wordpress-plugins","8":"product_cat-plugins","9":"product_cat-wordpress-plugins","10":"product_tag-thrive-themes","11":"member-discount","12":"discount-restricted","14":"first","15":"instock","16":"sale","17":"downloadable","18":"virtual","19":"sold-individually","20":"purchasable","21":"product-type-simple"},"_links":{"self":[{"href":"https:\/\/gpl-love.com\/fr\/wp-json\/wp\/v2\/product\/136025","targetHints":{"allow":["GET"]}}],"collection":[{"href":"https:\/\/gpl-love.com\/fr\/wp-json\/wp\/v2\/product"}],"about":[{"href":"https:\/\/gpl-love.com\/fr\/wp-json\/wp\/v2\/types\/product"}],"replies":[{"embeddable":true,"href":"https:\/\/gpl-love.com\/fr\/wp-json\/wp\/v2\/comments?post=136025"}],"wp:featuredmedia":[{"embeddable":true,"href":"https:\/\/gpl-love.com\/fr\/wp-json\/wp\/v2\/media\/145749"}],"wp:attachment":[{"href":"https:\/\/gpl-love.com\/fr\/wp-json\/wp\/v2\/media?parent=136025"}],"wp:term":[{"taxonomy":"product_brand","embeddable":true,"href":"https:\/\/gpl-love.com\/fr\/wp-json\/wp\/v2\/product_brand?post=136025"},{"taxonomy":"product_cat","embeddable":true,"href":"https:\/\/gpl-love.com\/fr\/wp-json\/wp\/v2\/product_cat?post=136025"},{"taxonomy":"product_tag","embeddable":true,"href":"https:\/\/gpl-love.com\/fr\/wp-json\/wp\/v2\/product_tag?post=136025"}],"curies":[{"name":"wp","href":"https:\/\/api.w.org\/{rel}","templated":true}]}}