{"id":136015,"date":"2026-04-16T00:00:00","date_gmt":"2026-04-15T22:00:00","guid":{"rendered":"https:\/\/gpl-love.com\/fr\/produit\/modern-events-calendar-ticket-and-invoice\/"},"modified":"2026-04-17T00:31:40","modified_gmt":"2026-04-16T22:31:40","slug":"modern-events-calendar-ticket-and-invoice","status":"publish","type":"product","link":"https:\/\/gpl-love.com\/fr\/produit\/modern-events-calendar-ticket-and-invoice\/","title":{"rendered":"Modern Events Calendar Ticket et Invoice 3.6.0"},"content":{"rendered":"<h3>Modern Events Calendar Ticket et Invoice Traits<\/h3>\n<p>Le billet et la facture du calendrier des \u00e9v\u00e9nements modernes sont un outil complet con\u00e7u pour rationaliser la planification et l&rsquo;ex\u00e9cution des \u00e9v\u00e9nements. Ce syst\u00e8me logiciel permet aux utilisateurs de cr\u00e9er, de personnaliser et de g\u00e9rer efficacement les billets d&rsquo;\u00e9v\u00e9nements et les factures. Il offre une large gamme de fonctionnalit\u00e9s, notamment la g\u00e9n\u00e9ration automatique de billets, la cr\u00e9ation de factures et les options pour ajouter des champs personnalis\u00e9s pour des informations d\u00e9taill\u00e9es sur les participants. Le syst\u00e8me prend en charge plusieurs m\u00e9thodes de paiement, assurant un processus de transaction sans tracas pour les organisateurs de l&rsquo;\u00e9v\u00e9nement et les participants. Avec son interface conviviale et ses fonctionnalit\u00e9s robustes, le syst\u00e8me de billet et de facture du calendrier des \u00e9v\u00e9nements modernes est un outil incontournable pour quiconque dans le secteur de la gestion d&rsquo;\u00e9v\u00e9nements, le temps et les ressources, et assurer un processus d&rsquo;organisation d&rsquo;\u00e9v\u00e9nements doux et professionnel.<\/p>\n<ul>\n<li>Le billet et la facture du calendrier des \u00e9v\u00e9nements modernes sont une solution logicielle avanc\u00e9e pour la gestion des \u00e9v\u00e9nements.<\/li>\n<li>Il permet une cr\u00e9ation, une distribution et un suivi faciles des billets d&rsquo;\u00e9v\u00e9nements et des factures connexes.<\/li>\n<li>Le produit dispose d&rsquo;une interface conviviale qui peut \u00eatre personnalis\u00e9e pour correspondre \u00e0 l&rsquo;identit\u00e9 de votre marque.<\/li>\n<li>Il offre une vari\u00e9t\u00e9 d&rsquo;options de billetterie, y compris l&rsquo;admission g\u00e9n\u00e9rale, le VIP, le l\u00e8ve-t\u00f4t et les billets de groupe.<\/li>\n<li>Le logiciel prend en charge plusieurs passerelles de paiement pour les transactions transparentes.<\/li>\n<li>Le billet et la facture du calendrier des \u00e9v\u00e9nements modernes fournit \u00e9galement un g\u00e9n\u00e9rateur de factures pour la facturation simple et professionnelle.<\/li>\n<li>Il comprend des fonctionnalit\u00e9s de rapports approfondies, vous permettant de surveiller les ventes de billets, les revenus et les donn\u00e9es des participants.<\/li>\n<li>Ce produit est \u00e9quip\u00e9 d&rsquo;un syst\u00e8me de notification fiable qui envoie des mises \u00e0 jour concernant l&rsquo;\u00e9tat de l&rsquo;\u00e9v\u00e9nement, la vente de billets et les confirmations de paiement.<\/li>\n<li>Le logiciel facilite \u00e9galement une int\u00e9gration facile avec les applications de calendrier populaires pour la planification et les rappels pratiques.<\/li>\n<li>Il est construit avec une conception r\u00e9active, garantissant un fonctionnement en douceur sur tous les appareils comme les smartphones, les tablettes et les ordinateurs de bureau.<\/li>\n<li>Avec le billet et la facture du calendrier des \u00e9v\u00e9nements modernes, vous pouvez g\u00e9rer tous les aspects de la billetterie et de la facturation de votre \u00e9v\u00e9nement dans un syst\u00e8me, ce qui permet d&rsquo;\u00e9conomiser du temps et d&rsquo;am\u00e9liorer l&rsquo;efficacit\u00e9.<\/li>\n<\/ul>\n","protected":false},"excerpt":{"rendered":"<p>Le syst\u00e8me de planification des occurrence contemporain, connu sous le nom de calendrier des \u00e9v\u00e9nements modernes, int\u00e8gre \u00e0 la fois les fonctionnalit\u00e9s de billetterie et de facturation. Cette fonctionnalit\u00e9 avanc\u00e9e permet aux utilisateurs de g\u00e9rer de mani\u00e8re transparente les \u00e9v\u00e9nements, d&rsquo;\u00e9mettre des billets pour les participants et de g\u00e9n\u00e9rer des factures avec facilit\u00e9, rationalisant ainsi le processus et garantissant l&rsquo;efficacit\u00e9.<\/p>\n","protected":false},"featured_media":146736,"comment_status":"open","ping_status":"open","template":"","meta":[],"product_brand":[2504],"product_cat":[1189,1181,1186],"product_tag":[1394],"class_list":{"0":"post-136015","1":"product","2":"type-product","3":"status-publish","4":"has-post-thumbnail","6":"product_brand-webnus","7":"product_cat-personnalisation","8":"product_cat-plugins","9":"product_cat-wordpress-plugins","10":"product_tag-webnus","11":"member-discount","12":"discount-restricted","14":"first","15":"instock","16":"sale","17":"downloadable","18":"virtual","19":"sold-individually","20":"purchasable","21":"product-type-simple"},"_links":{"self":[{"href":"https:\/\/gpl-love.com\/fr\/wp-json\/wp\/v2\/product\/136015","targetHints":{"allow":["GET"]}}],"collection":[{"href":"https:\/\/gpl-love.com\/fr\/wp-json\/wp\/v2\/product"}],"about":[{"href":"https:\/\/gpl-love.com\/fr\/wp-json\/wp\/v2\/types\/product"}],"replies":[{"embeddable":true,"href":"https:\/\/gpl-love.com\/fr\/wp-json\/wp\/v2\/comments?post=136015"}],"wp:featuredmedia":[{"embeddable":true,"href":"https:\/\/gpl-love.com\/fr\/wp-json\/wp\/v2\/media\/146736"}],"wp:attachment":[{"href":"https:\/\/gpl-love.com\/fr\/wp-json\/wp\/v2\/media?parent=136015"}],"wp:term":[{"taxonomy":"product_brand","embeddable":true,"href":"https:\/\/gpl-love.com\/fr\/wp-json\/wp\/v2\/product_brand?post=136015"},{"taxonomy":"product_cat","embeddable":true,"href":"https:\/\/gpl-love.com\/fr\/wp-json\/wp\/v2\/product_cat?post=136015"},{"taxonomy":"product_tag","embeddable":true,"href":"https:\/\/gpl-love.com\/fr\/wp-json\/wp\/v2\/product_tag?post=136015"}],"curies":[{"name":"wp","href":"https:\/\/api.w.org\/{rel}","templated":true}]}}