{"id":136013,"date":"2026-02-14T00:00:00","date_gmt":"2026-02-13T23:00:00","guid":{"rendered":"https:\/\/gpl-love.com\/fr\/produit\/gravity-perks-unique-id\/"},"modified":"2026-03-20T23:58:36","modified_gmt":"2026-03-20T22:58:36","slug":"gravity-perks-unique-id","status":"publish","type":"product","link":"https:\/\/gpl-love.com\/fr\/produit\/gravity-perks-unique-id\/","title":{"rendered":"Gravity Perks Unique ID 1.5.21"},"content":{"rendered":"<h3>Gravity Perks Unique ID Traits<\/h3>\n<p>Gravity Perks Unique ID est un plugin puissant et polyvalent con\u00e7u pour les sites Web WordPress \u00e0 l&rsquo;aide de formes Gravity. Ce plugin vous permet de g\u00e9n\u00e9rer et d&rsquo;attribuer des identifiants uniques \u00e0 vos entr\u00e9es de formulaire de mani\u00e8re transparente. Les ID uniques peuvent \u00eatre alphanum\u00e9riques, num\u00e9riques ou m\u00eame s\u00e9quentiels. Vous pouvez personnaliser le format ID en fonction de vos besoins et pr\u00e9f\u00e9rences sp\u00e9cifiques. Avec Gravity Perks Unique ID, vous pouvez garder une trace de toutes vos soumissions de forme efficacement, ce qui facilite la gestion et l&rsquo;organisation de vos donn\u00e9es. En outre, il am\u00e9liore \u00e9galement la s\u00e9curit\u00e9 de vos donn\u00e9es en emp\u00eachant les entr\u00e9es en double. Facile \u00e0 installer et \u00e0 utiliser, Gravity Perks Unique ID est un outil essentiel pour tous ceux qui cherchent \u00e0 rationaliser leur gestion des donn\u00e9es en ligne.<\/p>\n<ul>\n<li>Gravity Perks Unique ID est un plugin utile pour les formulaires de gravit\u00e9 renomm\u00e9s.<\/li>\n<li>Il vous permet de g\u00e9n\u00e9rer automatiquement des identificateurs uniques pour chaque soumission de formulaire.<\/li>\n<li>Le plugin est capable de g\u00e9n\u00e9rer des ID alphanum\u00e9riques, num\u00e9riques ou s\u00e9quentiels.<\/li>\n<li>Il est parfait pour g\u00e9n\u00e9rer des num\u00e9ros de confirmation uniques, des num\u00e9ros de billets ou tout identifiant unique pour vos formulaires.<\/li>\n<li>Gravity Perks Unique ID s&rsquo;int\u00e8gre parfaitement aux formes de gravit\u00e9, et il est incroyablement facile \u00e0 configurer et \u00e0 utiliser.<\/li>\n<li>Avec ce plugin, vous pouvez personnaliser le pr\u00e9fixe, le suffixe et la longueur de chaque ID conform\u00e9ment \u00e0 vos besoins.<\/li>\n<li>Les ID g\u00e9n\u00e9r\u00e9s peuvent \u00eatre utilis\u00e9s pour suivre les soumissions, organiser des donn\u00e9es et am\u00e9liorer la fonctionnalit\u00e9 de vos formulaires.<\/li>\n<li>Il soutient la population dynamique et assure le caract\u00e8re unique de chaque ID, \u00e9liminant les chances de doublons.<\/li>\n<li>Le plugin est bien entretenu et mis \u00e0 jour r\u00e9guli\u00e8rement pour des performances et une compatibilit\u00e9 optimales.<\/li>\n<li>Il est livr\u00e9 avec un support client de premier ordre pour vous aider \u00e0 r\u00e9soudre les probl\u00e8mes que vous pourriez rencontrer.<\/li>\n<\/ul>\n","protected":false},"excerpt":{"rendered":"<p>L&rsquo;identifiant unique qui est sp\u00e9cifiquement associ\u00e9 aux avantages de gravit\u00e9, un plugin remarquable qui am\u00e9liore la fonctionnalit\u00e9 des formes de gravit\u00e9 dans WordPress, est appel\u00e9e \u00ab\u00a0ID unique de gravit\u00e9 des avantages\u00a0\u00bb.<\/p>\n","protected":false},"featured_media":146734,"comment_status":"open","ping_status":"open","template":"","meta":[],"product_brand":[2567],"product_cat":[1189,1181,1186],"product_tag":[2168],"class_list":{"0":"post-136013","1":"product","2":"type-product","3":"status-publish","4":"has-post-thumbnail","6":"product_brand-gravity-wiz","7":"product_cat-personnalisation","8":"product_cat-plugins","9":"product_cat-wordpress-plugins","10":"product_tag-gravity-wiz","11":"member-discount","12":"discount-restricted","14":"first","15":"instock","16":"sale","17":"downloadable","18":"virtual","19":"sold-individually","20":"purchasable","21":"product-type-simple"},"_links":{"self":[{"href":"https:\/\/gpl-love.com\/fr\/wp-json\/wp\/v2\/product\/136013","targetHints":{"allow":["GET"]}}],"collection":[{"href":"https:\/\/gpl-love.com\/fr\/wp-json\/wp\/v2\/product"}],"about":[{"href":"https:\/\/gpl-love.com\/fr\/wp-json\/wp\/v2\/types\/product"}],"replies":[{"embeddable":true,"href":"https:\/\/gpl-love.com\/fr\/wp-json\/wp\/v2\/comments?post=136013"}],"wp:featuredmedia":[{"embeddable":true,"href":"https:\/\/gpl-love.com\/fr\/wp-json\/wp\/v2\/media\/146734"}],"wp:attachment":[{"href":"https:\/\/gpl-love.com\/fr\/wp-json\/wp\/v2\/media?parent=136013"}],"wp:term":[{"taxonomy":"product_brand","embeddable":true,"href":"https:\/\/gpl-love.com\/fr\/wp-json\/wp\/v2\/product_brand?post=136013"},{"taxonomy":"product_cat","embeddable":true,"href":"https:\/\/gpl-love.com\/fr\/wp-json\/wp\/v2\/product_cat?post=136013"},{"taxonomy":"product_tag","embeddable":true,"href":"https:\/\/gpl-love.com\/fr\/wp-json\/wp\/v2\/product_tag?post=136013"}],"curies":[{"name":"wp","href":"https:\/\/api.w.org\/{rel}","templated":true}]}}