{"id":136012,"date":"2025-08-31T00:00:00","date_gmt":"2025-08-30T22:00:00","guid":{"rendered":"https:\/\/gpl-love.com\/fr\/produit\/gravity-perks-multi-page-form-navigation\/"},"modified":"2026-03-20T23:58:34","modified_gmt":"2026-03-20T22:58:34","slug":"gravity-perks-multi-page-form-navigation","status":"publish","type":"product","link":"https:\/\/gpl-love.com\/fr\/produit\/gravity-perks-multi-page-form-navigation\/","title":{"rendered":"Gravity Perks Multipage Form Navigation 1.3.4"},"content":{"rendered":"<h3>Gravity Perks Multipage Form Navigation Traits<\/h3>\n<p>Gravity Perks Multi Page Form Navigation est un outil incroyablement utile qui am\u00e9liore l&rsquo;exp\u00e9rience utilisateur de votre site Web en simplifiant la navigation des formulaires de plusieurs pages. Cette fonctionnalit\u00e9 puissante, qui fait partie de la suite Gravity Perks de Plugins for Gravity Forms, permet aux utilisateurs de se d\u00e9placer facilement entre les pages sur vos formulaires en ligne. Cela rend le remplissage complexe et plusieurs pages de formes moins \u00e9crasantes et longues pour vos visiteurs. Avec cet outil, les s\u00e9ances de formulaire peuvent \u00eatre enregistr\u00e9es, permettant aux utilisateurs de revenir \u00e0 leur entr\u00e9e sans perdre de progression. De plus, il dispose \u00e9galement d&rsquo;une barre de progression et de liens de page qui am\u00e9liorent l&rsquo;interaction globale de l&rsquo;utilisateur avec vos formulaires. Faites passer la fonctionnalit\u00e9 et l&rsquo;exp\u00e9rience utilisateur de votre site Web au niveau sup\u00e9rieur avec la navigation sur le formulaire multi-pages de Gravity Perks.<\/p>\n<ul>\n<li>Gravity Perks Multi Page Form Navigation est un plugin polyvalent pour les utilisateurs de WordPress.<\/li>\n<li>Am\u00e9liore l&rsquo;exp\u00e9rience utilisateur en ajoutant des indicateurs de progr\u00e8s visuel aux formes de plusieurs pages.<\/li>\n<li>Simplifie le processus de cr\u00e9ation et de gestion de formulaires de plusieurs pages sur votre site Web.<\/li>\n<li>Offre des fonctionnalit\u00e9s uniques telles que les \u00e9tapes de page, les liens de page et les options de navigation faciles.<\/li>\n<li>Permet aux utilisateurs de naviguer dans les deux sens entre les pages de formulaire sans perdre de donn\u00e9es.<\/li>\n<li>Hautement personnalisable, permettant aux utilisateurs d&rsquo;adapter la disposition, la conception et le jeu de couleurs de leur navigation de formulaire.<\/li>\n<li>S&rsquo;int\u00e8gre de mani\u00e8re transparente au plugin Gravity Forms.<\/li>\n<li>Efficace et convivial, ce qui en fait un outil id\u00e9al pour les entreprises et les d\u00e9veloppeurs Web.<\/li>\n<li>Con\u00e7u pour am\u00e9liorer les taux d&rsquo;ach\u00e8vement des formulaires et l&rsquo;engagement global du site Web.<\/li>\n<li>Mises \u00e0 jour r\u00e9guli\u00e8res et support client d\u00e9di\u00e9 fourni.<\/li>\n<\/ul>\n","protected":false},"excerpt":{"rendered":"<p>Le concept des avantages de gravit\u00e9 pr\u00e9sente une fonctionnalit\u00e9 unique connue sous le nom de navigation de formulaire multi-pages. Ce composant remarquable joue un r\u00f4le crucial dans l&rsquo;am\u00e9lioration consid\u00e9rable de l&rsquo;exp\u00e9rience utilisateur en termes de saisie de donn\u00e9es sur une forme de plusieurs pages. En facilitant la navigation facile et fluide d&rsquo;une page \u00e0 une autre, la navigation sur le formulaire multi-pages Gravity Perks simplifie le processus de remplissage des formulaires qui sont r\u00e9partis sur plusieurs pages. Cette technologie est en effet une solution efficace, en particulier pour ceux qui interagissent fr\u00e9quemment avec des formes en ligne longues n\u00e9cessitant plusieurs pages \u00e0 remplir.<\/p>\n","protected":false},"featured_media":146733,"comment_status":"open","ping_status":"open","template":"","meta":[],"product_brand":[2567],"product_cat":[1189,1181,1186],"product_tag":[2168],"class_list":{"0":"post-136012","1":"product","2":"type-product","3":"status-publish","4":"has-post-thumbnail","6":"product_brand-gravity-wiz","7":"product_cat-personnalisation","8":"product_cat-plugins","9":"product_cat-wordpress-plugins","10":"product_tag-gravity-wiz","11":"member-discount","12":"discount-restricted","14":"first","15":"instock","16":"sale","17":"downloadable","18":"virtual","19":"sold-individually","20":"purchasable","21":"product-type-simple"},"_links":{"self":[{"href":"https:\/\/gpl-love.com\/fr\/wp-json\/wp\/v2\/product\/136012","targetHints":{"allow":["GET"]}}],"collection":[{"href":"https:\/\/gpl-love.com\/fr\/wp-json\/wp\/v2\/product"}],"about":[{"href":"https:\/\/gpl-love.com\/fr\/wp-json\/wp\/v2\/types\/product"}],"replies":[{"embeddable":true,"href":"https:\/\/gpl-love.com\/fr\/wp-json\/wp\/v2\/comments?post=136012"}],"wp:featuredmedia":[{"embeddable":true,"href":"https:\/\/gpl-love.com\/fr\/wp-json\/wp\/v2\/media\/146733"}],"wp:attachment":[{"href":"https:\/\/gpl-love.com\/fr\/wp-json\/wp\/v2\/media?parent=136012"}],"wp:term":[{"taxonomy":"product_brand","embeddable":true,"href":"https:\/\/gpl-love.com\/fr\/wp-json\/wp\/v2\/product_brand?post=136012"},{"taxonomy":"product_cat","embeddable":true,"href":"https:\/\/gpl-love.com\/fr\/wp-json\/wp\/v2\/product_cat?post=136012"},{"taxonomy":"product_tag","embeddable":true,"href":"https:\/\/gpl-love.com\/fr\/wp-json\/wp\/v2\/product_tag?post=136012"}],"curies":[{"name":"wp","href":"https:\/\/api.w.org\/{rel}","templated":true}]}}