{"id":136011,"date":"2025-10-03T00:00:00","date_gmt":"2025-10-02T22:00:00","guid":{"rendered":"https:\/\/gpl-love.com\/fr\/produit\/woocommerce-thank-you-page-customizer-premium\/"},"modified":"2026-03-30T18:31:00","modified_gmt":"2026-03-30T16:31:00","slug":"woocommerce-thank-you-page-customizer-premium","status":"publish","type":"product","link":"https:\/\/gpl-love.com\/fr\/produit\/woocommerce-thank-you-page-customizer-premium\/","title":{"rendered":"WooCommerce Thank You Page Customizer Premium 1.3.0"},"content":{"rendered":"<h3>WooCommerce Thank You Page Customizer Premium Traits<\/h3>\n<p>WOOCOMMERCE MERCI PAGE CUSPUSSION Premium est un plugin de premier ordre con\u00e7u pour am\u00e9liorer et personnaliser l&rsquo;exp\u00e9rience post-achat de vos clients en ligne. Offrant une gamme d&rsquo;options de personnalisation, ce plugin vous permet de modifier la mise en page et le contenu de la page \u00abMerci\u00bb pour s&rsquo;adapter au style et aux objectifs marketing de votre marque. Avec cette version premium, les utilisateurs peuvent ajouter des boutons de partage des m\u00e9dias sociaux, des produits sugg\u00e9r\u00e9s et des messages de remerciement personnalis\u00e9s. En outre, il permet l&rsquo;int\u00e9gration de Google Analytics pour le suivi des conversions et le comportement du client. Ce plugin est enti\u00e8rement r\u00e9actif, assurant une exp\u00e9rience d&rsquo;achat sans couture sur tous les types d&rsquo;appareils. La Page de remerciement WooCommerce Premium Premium fournit tous les outils n\u00e9cessaires pour transformer une page d&rsquo;ach\u00e8vement des transactions banales en un puissant outil de r\u00e9tention de client\u00e8le et d&rsquo;engagement.<\/p>\n<ul>\n<li>Am\u00e9liorez votre exp\u00e9rience client avec WooCommerce de remerciement Page Customizer Premium.<\/li>\n<li>Permet aux propri\u00e9taires de magasins de personnaliser la page \u00abMerci\u00bb sur leur site Web WooCommerce, offrant aux clients une exp\u00e9rience de paiement unique et m\u00e9morable.<\/li>\n<li>Livr\u00e9 avec un ensemble premium de fonctionnalit\u00e9s pour personnaliser le contenu, la mise en page et le style de la page \u00abMerci\u00bb.<\/li>\n<li>Offre des mod\u00e8les pr\u00e9-con\u00e7us qui peuvent \u00eatre rapidement appliqu\u00e9s pour une apparence professionnelle et esth\u00e9tique.<\/li>\n<li>Fournit la flexibilit\u00e9 avec la possibilit\u00e9 d&rsquo;ajouter des messages personnalis\u00e9s, des graphiques, des annonces promotionnelles ou des codes de r\u00e9duction \u00e0 la page \u00abMerci\u00bb.<\/li>\n<li>Capable de suivre l&rsquo;analyse du comportement client et de g\u00e9n\u00e9rer des rapports d\u00e9taill\u00e9s pour une optimisation suppl\u00e9mentaire.<\/li>\n<li>La version premium comprend un support prioritaire et des mises \u00e0 jour r\u00e9guli\u00e8res.<\/li>\n<li>Fonctionne parfaitement avec tous les th\u00e8mes et plugins WooCommerce, assurant une int\u00e9gration lisse et sans tracas.<\/li>\n<li>Id\u00e9al pour les propri\u00e9taires de magasins de commerce \u00e9lectronique qui souhaitent augmenter l&rsquo;engagement des clients, encourager les achats r\u00e9p\u00e9t\u00e9s et am\u00e9liorer la satisfaction globale des clients.<\/li>\n<\/ul>\n","protected":false},"excerpt":{"rendered":"<p>La version premium de la Page Customizer WooCommerce offre une exp\u00e9rience approfondie et compl\u00e8te pour ses utilisateurs. Il pr\u00e9sente une multitude de fonctionnalit\u00e9s avanc\u00e9es con\u00e7ues dans le but de maximiser la satisfaction des utilisateurs. Les capacit\u00e9s robustes de cette version premium permettent aux utilisateurs de personnaliser leur page \u00ab\u00a0Merci\u00a0\u00bb, en le distinguant des versions g\u00e9n\u00e9riques standard couramment vues. Par cons\u00e9quent, cet outil de personnalisation constitue une mise \u00e0 niveau importante qui offre aux utilisateurs un moyen unique d&rsquo;exprimer leur gratitude envers leurs clients, am\u00e9liorant ainsi l&rsquo;exp\u00e9rience d&rsquo;achat globale du client.<\/p>\n","protected":false},"featured_media":146732,"comment_status":"open","ping_status":"open","template":"","meta":[],"product_brand":[2435],"product_cat":[1182,1223,1181],"product_tag":[1231],"class_list":{"0":"post-136011","1":"product","2":"type-product","3":"status-publish","4":"has-post-thumbnail","6":"product_brand-codecanyon","7":"product_cat-commerce-electronique-plugins","8":"product_cat-personnalisation-commerce-electronique-plugins","9":"product_cat-plugins","10":"product_tag-codecanyon","11":"member-discount","12":"discount-restricted","14":"first","15":"instock","16":"sale","17":"downloadable","18":"virtual","19":"sold-individually","20":"purchasable","21":"product-type-simple"},"_links":{"self":[{"href":"https:\/\/gpl-love.com\/fr\/wp-json\/wp\/v2\/product\/136011","targetHints":{"allow":["GET"]}}],"collection":[{"href":"https:\/\/gpl-love.com\/fr\/wp-json\/wp\/v2\/product"}],"about":[{"href":"https:\/\/gpl-love.com\/fr\/wp-json\/wp\/v2\/types\/product"}],"replies":[{"embeddable":true,"href":"https:\/\/gpl-love.com\/fr\/wp-json\/wp\/v2\/comments?post=136011"}],"wp:featuredmedia":[{"embeddable":true,"href":"https:\/\/gpl-love.com\/fr\/wp-json\/wp\/v2\/media\/146732"}],"wp:attachment":[{"href":"https:\/\/gpl-love.com\/fr\/wp-json\/wp\/v2\/media?parent=136011"}],"wp:term":[{"taxonomy":"product_brand","embeddable":true,"href":"https:\/\/gpl-love.com\/fr\/wp-json\/wp\/v2\/product_brand?post=136011"},{"taxonomy":"product_cat","embeddable":true,"href":"https:\/\/gpl-love.com\/fr\/wp-json\/wp\/v2\/product_cat?post=136011"},{"taxonomy":"product_tag","embeddable":true,"href":"https:\/\/gpl-love.com\/fr\/wp-json\/wp\/v2\/product_tag?post=136011"}],"curies":[{"name":"wp","href":"https:\/\/api.w.org\/{rel}","templated":true}]}}