{"id":136010,"date":"2025-10-23T00:00:00","date_gmt":"2025-10-22T22:00:00","guid":{"rendered":"https:\/\/gpl-love.com\/fr\/produit\/woocommerce-bookings-availability\/"},"modified":"2026-03-20T23:58:33","modified_gmt":"2026-03-20T22:58:33","slug":"woocommerce-bookings-availability","status":"publish","type":"product","link":"https:\/\/gpl-love.com\/fr\/produit\/woocommerce-bookings-availability\/","title":{"rendered":"WooCommerce Bookings Availability 1.3.4"},"content":{"rendered":"<h3>WooCommerce Bookings Availability Traits<\/h3>\n<p>La disponibilit\u00e9 des r\u00e9servations WooCommerce est une extension puissante et polyvalente pour votre boutique WooCommerce. Ce plugin vous permet de g\u00e9rer facilement la disponibilit\u00e9 de vos produits r\u00e9servables, qu&rsquo;il s&rsquo;agisse d&rsquo;un service, d&rsquo;une location ou d&rsquo;un rendez-vous. Avec cet outil, vous pouvez facilement d\u00e9finir des r\u00e8gles de disponibilit\u00e9 personnalis\u00e9es, bloquer des plages horaires sp\u00e9cifiques et m\u00eame afficher la disponibilit\u00e9 en temps r\u00e9el pour vos clients. Il offre une exp\u00e9rience de r\u00e9servation transparente, garantissant que vos clients peuvent r\u00e9server vos produits et services \u00e0 leur convenance, en r\u00e9duisant les chances de double r\u00e9servation ou de conflits de planification. La disponibilit\u00e9 des r\u00e9servations WooCommerce est un plugin incontournable pour les entreprises qui cherchent \u00e0 rationaliser leur syst\u00e8me de r\u00e9servation en ligne et \u00e0 am\u00e9liorer l&rsquo;exp\u00e9rience client globale.<\/p>\n<ul>\n<li>La disponibilit\u00e9 des r\u00e9servations WooCommerce est un plugin puissant et fiable con\u00e7u pour les entreprises qui s&rsquo;appuient sur les syst\u00e8mes de nomination et de r\u00e9servation.<\/li>\n<li>Il permet aux propri\u00e9taires de magasins de g\u00e9rer et de personnaliser leurs horaires de disponibilit\u00e9, garantissant un processus de r\u00e9servation en douceur pour leurs clients.<\/li>\n<li>Avec cet outil, les utilisateurs peuvent afficher efficacement leur disponibilit\u00e9 en temps r\u00e9el, emp\u00eachant les doubles r\u00e9servations et g\u00e9rer les attentes des clients.<\/li>\n<li>Il est enti\u00e8rement int\u00e9gr\u00e9 \u00e0 WooCommerce, permettant des transactions transparentes et s\u00e9curis\u00e9es directement sur le site Web.<\/li>\n<li>Le plugin dispose d&rsquo;une interface conviviale, ce qui permet aux propri\u00e9taires d&rsquo;entreprise et aux clients de naviguer et d&rsquo;utiliser.<\/li>\n<li>La disponibilit\u00e9 des r\u00e9servations WooCommerce prend en charge plusieurs fuseaux horaires, offrant une flexibilit\u00e9 aux entreprises avec des clients de diff\u00e9rents emplacements g\u00e9ographiques.<\/li>\n<li>Il offre aux entreprises la possibilit\u00e9 de fixer des prix variables pour les heures de pointe et hors pointe, maximisant les b\u00e9n\u00e9fices.<\/li>\n<li>Il permet \u00e9galement une personnalisation facile de la dur\u00e9e de r\u00e9servation, du temps tampon entre les r\u00e9servations et les dates de r\u00e9servation admissibles.<\/li>\n<li>Le plugin prend \u00e9galement en charge les notifications, garantissant que le fournisseur de services et le client sont mis \u00e0 jour sur l&rsquo;\u00e9tat de r\u00e9servation.<\/li>\n<li>La disponibilit\u00e9 des r\u00e9servations WooCommerce est adapt\u00e9e aux mobiles, offrant aux clients la commodit\u00e9 de faire des r\u00e9servations sur le pouce.<\/li>\n<li>Il s&rsquo;agit d&rsquo;une solution rentable qui \u00e9limine le besoin de services de r\u00e9servation tiers, ce qui r\u00e9duit les co\u00fbts op\u00e9rationnels.<\/li>\n<li>Le plugin comprend \u00e9galement des fonctionnalit\u00e9s analytiques, fournissant des informations pr\u00e9cieuses sur les performances de l&rsquo;entreprise.<\/li>\n<\/ul>\n","protected":false},"excerpt":{"rendered":"<p>La fonctionnalit\u00e9 de disponibilit\u00e9 fournie par le plugin WooCommerce Bookings fait partie int\u00e9grante de toute entreprise de commerce \u00e9lectronique utilisant cette plate-forme. Il permet aux clients potentiels de visualiser et d&rsquo;identifier les cr\u00e9neaux de r\u00e9servation disponibles pour des produits ou des services, en am\u00e9liorant l&rsquo;exp\u00e9rience utilisateur globale. Ces informations peuvent \u00eatre cruciales pour les clients lors de la prise de d\u00e9cisions d&rsquo;achat et d&rsquo;aide \u00e0 la rationalisation du processus de r\u00e9servation. Par cons\u00e9quent, il est imp\u00e9ratif pour les propri\u00e9taires d&rsquo;entreprises en ligne d&rsquo;utiliser et de maintenir efficacement cette fonctionnalit\u00e9, garantissant que la disponibilit\u00e9 pr\u00e9sent\u00e9e refl\u00e8te avec pr\u00e9cision leur capacit\u00e9 op\u00e9rationnelle actuelle.<\/p>\n","protected":false},"featured_media":146731,"comment_status":"open","ping_status":"open","template":"","meta":[],"product_brand":[2440],"product_cat":[1182,1223,1181],"product_tag":[1398],"class_list":{"0":"post-136010","1":"product","2":"type-product","3":"status-publish","4":"has-post-thumbnail","6":"product_brand-woocommerce","7":"product_cat-commerce-electronique-plugins","8":"product_cat-personnalisation-commerce-electronique-plugins","9":"product_cat-plugins","10":"product_tag-woocommerce","11":"member-discount","12":"discount-restricted","14":"first","15":"instock","16":"sale","17":"downloadable","18":"virtual","19":"sold-individually","20":"purchasable","21":"product-type-simple"},"_links":{"self":[{"href":"https:\/\/gpl-love.com\/fr\/wp-json\/wp\/v2\/product\/136010","targetHints":{"allow":["GET"]}}],"collection":[{"href":"https:\/\/gpl-love.com\/fr\/wp-json\/wp\/v2\/product"}],"about":[{"href":"https:\/\/gpl-love.com\/fr\/wp-json\/wp\/v2\/types\/product"}],"replies":[{"embeddable":true,"href":"https:\/\/gpl-love.com\/fr\/wp-json\/wp\/v2\/comments?post=136010"}],"wp:featuredmedia":[{"embeddable":true,"href":"https:\/\/gpl-love.com\/fr\/wp-json\/wp\/v2\/media\/146731"}],"wp:attachment":[{"href":"https:\/\/gpl-love.com\/fr\/wp-json\/wp\/v2\/media?parent=136010"}],"wp:term":[{"taxonomy":"product_brand","embeddable":true,"href":"https:\/\/gpl-love.com\/fr\/wp-json\/wp\/v2\/product_brand?post=136010"},{"taxonomy":"product_cat","embeddable":true,"href":"https:\/\/gpl-love.com\/fr\/wp-json\/wp\/v2\/product_cat?post=136010"},{"taxonomy":"product_tag","embeddable":true,"href":"https:\/\/gpl-love.com\/fr\/wp-json\/wp\/v2\/product_tag?post=136010"}],"curies":[{"name":"wp","href":"https:\/\/api.w.org\/{rel}","templated":true}]}}