{"id":135948,"date":"2025-12-25T00:00:00","date_gmt":"2025-12-24T23:00:00","guid":{"rendered":"https:\/\/gpl-love.com\/fr\/produit\/modern-events-calendar-elementor-shortcode-builder\/"},"modified":"2026-03-20T23:58:32","modified_gmt":"2026-03-20T22:58:32","slug":"modern-events-calendar-elementor-shortcode-builder","status":"publish","type":"product","link":"https:\/\/gpl-love.com\/fr\/produit\/modern-events-calendar-elementor-shortcode-builder\/","title":{"rendered":"Modern Events Calendar Elementor Shortcode Builder 2.0.0"},"content":{"rendered":"<h3>Modern Events Calendar Elementor Shortcode Builder Traits<\/h3>\n<p>Le g\u00e9n\u00e9rateur d&rsquo;\u00e9l\u00e9ments modernes Calendar Elementor Shortcode Builder est un outil puissant con\u00e7u pour simplifier et rationaliser votre processus de gestion d&rsquo;\u00e9v\u00e9nements. Cet outil s&rsquo;int\u00e8gre parfaitement \u00e0 Elementor, le populaire Builder de site Web WordPress, vous permettant de cr\u00e9er et de personnaliser sans effort vos calendriers d&rsquo;\u00e9v\u00e9nements. Avec le g\u00e9n\u00e9rateur Shortcode, vous pouvez facilement adapter vos \u00e9v\u00e9nements \u00e0 vos besoins et pr\u00e9f\u00e9rences sp\u00e9cifiques, y compris la date, l&rsquo;heure, l&#8217;emplacement, etc., le tout dans une interface conviviale. De plus, cet outil prend en charge plusieurs options d&rsquo;affichage d&rsquo;\u00e9v\u00e9nements, y compris les vues quotidiennes, mensuelles et annuelles, ainsi que des options de filtrage des \u00e9v\u00e9nements. Le constructeur de shortcode Calendar Elementor Events Modernar est vraiment un change de jeu pour la gestion des \u00e9v\u00e9nements, vous offrant le contr\u00f4le et la flexibilit\u00e9 ultimes pour g\u00e9rer vos \u00e9v\u00e9nements efficacement et efficacement.<\/p>\n<ul>\n<li>Le constructeur de shortcode Calendar Elementor Events Modern Events est un outil puissant con\u00e7u pour cr\u00e9er et g\u00e9rer des \u00e9v\u00e9nements sur votre site Web.<\/li>\n<li>Ce produit permet aux utilisateurs d&rsquo;int\u00e9grer facilement leurs \u00e9v\u00e9nements pr\u00e9f\u00e9r\u00e9s dans Elementor, un g\u00e9n\u00e9rateur de page WordPress populaire.<\/li>\n<li>Il utilise la puissance des shortcodes, qui sont de petits morceaux de code qui vous permettent d&rsquo;int\u00e9grer des fichiers ou de cr\u00e9er rapidement des \u00e9l\u00e9ments de conception sp\u00e9cifiques.<\/li>\n<li>Il propose une interface conviviale qui facilite la cr\u00e9ation et la personnalisation d&rsquo;\u00e9v\u00e9nements sans avoir besoin de comp\u00e9tences de codage.<\/li>\n<li>Le produit est compatible avec tous les navigateurs modernes et enti\u00e8rement r\u00e9actifs, garantissant une exp\u00e9rience de visualisation transparente sur n&rsquo;importe quel appareil.<\/li>\n<li>Les utilisateurs peuvent utiliser le constructeur pour g\u00e9rer tous les aspects de leurs \u00e9v\u00e9nements, de l&rsquo;inscription et de la billetterie aux horaires et aux emplacements.<\/li>\n<li>Le constructeur est int\u00e9gr\u00e9 \u00e0 Google Calendar et ical pour permettre un partage et une synchronisation faciles des \u00e9v\u00e9nements.<\/li>\n<li>Il prend en charge des \u00e9v\u00e9nements r\u00e9currents et des \u00e9v\u00e9nements de plusieurs jours, ce qui le rend parfait pour les conf\u00e9rences, les ateliers et autres \u00e9v\u00e9nements \u00e9tendus.<\/li>\n<li>Le constructeur est \u00e9galement livr\u00e9 avec des fonctionnalit\u00e9s de traduction, vous permettant d&rsquo;atteindre un public mondial en fournissant des d\u00e9tails d&rsquo;\u00e9v\u00e9nements en plusieurs langues.<\/li>\n<li>Avec le g\u00e9n\u00e9rateur d&rsquo;\u00e9l\u00e9ments modernes Calendar Elementor Shortcode Builder, vous pouvez rationaliser votre processus de gestion d&rsquo;\u00e9v\u00e9nements et am\u00e9liorer facilement les fonctionnalit\u00e9s de votre site Web.<\/li>\n<\/ul>\n","protected":false},"excerpt":{"rendered":"<p>Le cadre tr\u00e8s avanc\u00e9 et complexe connu sous le nom de calendrier des \u00e9v\u00e9nements modernes, contient une caract\u00e9ristique int\u00e9grale identifi\u00e9e comme le g\u00e9n\u00e9rateur de raccourcis Elementor. Cette fonction incroyablement dynamique offre une richesse de polyvalence lorsqu&rsquo;il s&rsquo;agit d&rsquo;\u00e9tablir et de g\u00e9rer des calendriers d&rsquo;\u00e9v\u00e9nements de mani\u00e8re contemporaine et efficace. Il a \u00e9t\u00e9 m\u00e9ticuleusement con\u00e7u et int\u00e9gr\u00e9 dans le cadre pour offrir aux utilisateurs la flexibilit\u00e9 et la commodit\u00e9 ultimes de leurs t\u00e2ches de construction de calendrier.<\/p>\n","protected":false},"featured_media":146730,"comment_status":"open","ping_status":"open","template":"","meta":[],"product_brand":[2504],"product_cat":[1189,1181,1186],"product_tag":[1394],"class_list":{"0":"post-135948","1":"product","2":"type-product","3":"status-publish","4":"has-post-thumbnail","6":"product_brand-webnus","7":"product_cat-personnalisation","8":"product_cat-plugins","9":"product_cat-wordpress-plugins","10":"product_tag-webnus","11":"member-discount","12":"discount-restricted","14":"first","15":"instock","16":"sale","17":"downloadable","18":"virtual","19":"sold-individually","20":"purchasable","21":"product-type-simple"},"_links":{"self":[{"href":"https:\/\/gpl-love.com\/fr\/wp-json\/wp\/v2\/product\/135948","targetHints":{"allow":["GET"]}}],"collection":[{"href":"https:\/\/gpl-love.com\/fr\/wp-json\/wp\/v2\/product"}],"about":[{"href":"https:\/\/gpl-love.com\/fr\/wp-json\/wp\/v2\/types\/product"}],"replies":[{"embeddable":true,"href":"https:\/\/gpl-love.com\/fr\/wp-json\/wp\/v2\/comments?post=135948"}],"wp:featuredmedia":[{"embeddable":true,"href":"https:\/\/gpl-love.com\/fr\/wp-json\/wp\/v2\/media\/146730"}],"wp:attachment":[{"href":"https:\/\/gpl-love.com\/fr\/wp-json\/wp\/v2\/media?parent=135948"}],"wp:term":[{"taxonomy":"product_brand","embeddable":true,"href":"https:\/\/gpl-love.com\/fr\/wp-json\/wp\/v2\/product_brand?post=135948"},{"taxonomy":"product_cat","embeddable":true,"href":"https:\/\/gpl-love.com\/fr\/wp-json\/wp\/v2\/product_cat?post=135948"},{"taxonomy":"product_tag","embeddable":true,"href":"https:\/\/gpl-love.com\/fr\/wp-json\/wp\/v2\/product_tag?post=135948"}],"curies":[{"name":"wp","href":"https:\/\/api.w.org\/{rel}","templated":true}]}}