{"id":135806,"date":"2026-03-20T00:00:00","date_gmt":"2026-03-19T23:00:00","guid":{"rendered":"https:\/\/gpl-love.com\/fr\/produit\/optin-cat-elite\/"},"modified":"2026-03-20T23:58:30","modified_gmt":"2026-03-20T22:58:30","slug":"optin-cat-elite","status":"publish","type":"product","link":"https:\/\/gpl-love.com\/fr\/produit\/optin-cat-elite\/","title":{"rendered":"Optin Cat Elite 2.5.7"},"content":{"rendered":"<h3>Optin Cat Elite Traits<\/h3>\n<p>Optin Cat Elite est un plugin de construction de liste de diffusion avanc\u00e9 con\u00e7u pour les utilisateurs de WordPress. Il vous permet de cr\u00e9er et de personnaliser une vari\u00e9t\u00e9 de formulaires d&rsquo;opt-in, tels que des fen\u00eatres contextuelles, des widgets et des diapositives, pour d\u00e9velopper votre liste d&rsquo;abonn\u00e9s par e-mail. La version Elite est livr\u00e9e avec des fonctionnalit\u00e9s suppl\u00e9mentaires telles que les tests Split, l&rsquo;analyse et les rapports et le support prioritaire. Il est convivial, ce qui facilite la conception de formulaires d&rsquo;opt-in attrayants sans aucune connaissance de codage. Parfait pour les sp\u00e9cialistes du marketing et les blogueurs, Optin Cat Elite aide \u00e0 augmenter vos taux de conversion, \u00e0 augmenter votre strat\u00e9gie de marketing par e-mail et, \u00e0 la fin de votre entreprise.<\/p>\n<ul>\n<li>Optin Cat Elite est un plugin WordPress premium con\u00e7u pour augmenter les abonnements par e-mail et optimiser les taux de conversion.<\/li>\n<li>Il propose une large gamme de formes Optin \u00e0 conversion \u00e9lev\u00e9e telles que les fen\u00eatres contextuelles, les diapositives, les widgets de barres lat\u00e9rales, etc.<\/li>\n<li>Ce logiciel permet aux utilisateurs de cibler des pages sp\u00e9cifiques, des publications, des cat\u00e9gories et m\u00eame des comportements utilisateur sp\u00e9cifiques pour afficher les formulaires Optin.<\/li>\n<li>Il est livr\u00e9 avec un g\u00e9n\u00e9rateur de formulaires facile \u00e0 utiliser qui vous permet de concevoir et de personnaliser vos formulaires Optin sans avoir besoin de comp\u00e9tences de codage.<\/li>\n<li>Optin Cat Elite propose des fonctionnalit\u00e9s de test A \/ B pour vous aider \u00e0 identifier les conceptions et les strat\u00e9gies de formulaire le mieux pour votre public.<\/li>\n<li>Il s&rsquo;int\u00e8gre parfaitement \u00e0 tous les principaux services de marketing par e-mail, vous permettant de g\u00e9rer et de d\u00e9velopper votre liste de diffusion sans effort.<\/li>\n<li>Le plugin propose une technologie intentionnelle, qui d\u00e9tecte lorsqu&rsquo;un visiteur est sur le point de quitter votre site Web et affiche un formulaire Optin cibl\u00e9 pour capturer son e-mail.<\/li>\n<li>Avec ses analyses et ses informations d\u00e9taill\u00e9es, Optin Cat Elite vous permet de suivre les performances de votre formulaire Optin et d&rsquo;am\u00e9liorer vos taux de conversion.<\/li>\n<li>Il offre des fonctionnalit\u00e9s avanc\u00e9es de g\u00e9n\u00e9ration de leads comme les mises \u00e0 niveau de contenu et les optines en deux \u00e9tapes, pour vous aider \u00e0 attirer plus d&rsquo;abonn\u00e9s.<\/li>\n<li>Optin Cat Elite est conforme au RGPD, garantissant que vos pratiques de marketing par e-mail respectent les r\u00e9glementations mondiales de protection des donn\u00e9es.<\/li>\n<\/ul>\n","protected":false},"excerpt":{"rendered":"<p>Le produit auquel nous faisons r\u00e9f\u00e9rence ici passe par le nom d&rsquo;Optin Cat Elite. Cet \u00e9l\u00e9ment particulier n&rsquo;est pas n&rsquo;importe quel produit ordinaire, mais un produit unique qui propose plusieurs fonctionnalit\u00e9s notables. Par cons\u00e9quent, ses performances et son utilit\u00e9 sont tr\u00e8s appr\u00e9ci\u00e9s parmi un large \u00e9ventail d&rsquo;utilisateurs. Il s&rsquo;agit d&rsquo;un moyen plus compliqu\u00e9 de r\u00e9f\u00e9rencer le terme simple \u00abOptin Cat Elite\u00bb.<\/p>\n","protected":false},"featured_media":146728,"comment_status":"open","ping_status":"open","template":"","meta":[],"product_brand":[2626],"product_cat":[1207,1181,1186],"product_tag":[1824],"class_list":{"0":"post-135806","1":"product","2":"type-product","3":"status-publish","4":"has-post-thumbnail","6":"product_brand-fatcat","7":"product_cat-commercialisation-wordpress-plugins","8":"product_cat-plugins","9":"product_cat-wordpress-plugins","10":"product_tag-fatcat","11":"member-discount","12":"discount-restricted","14":"first","15":"instock","16":"sale","17":"downloadable","18":"virtual","19":"sold-individually","20":"purchasable","21":"product-type-simple"},"_links":{"self":[{"href":"https:\/\/gpl-love.com\/fr\/wp-json\/wp\/v2\/product\/135806","targetHints":{"allow":["GET"]}}],"collection":[{"href":"https:\/\/gpl-love.com\/fr\/wp-json\/wp\/v2\/product"}],"about":[{"href":"https:\/\/gpl-love.com\/fr\/wp-json\/wp\/v2\/types\/product"}],"replies":[{"embeddable":true,"href":"https:\/\/gpl-love.com\/fr\/wp-json\/wp\/v2\/comments?post=135806"}],"wp:featuredmedia":[{"embeddable":true,"href":"https:\/\/gpl-love.com\/fr\/wp-json\/wp\/v2\/media\/146728"}],"wp:attachment":[{"href":"https:\/\/gpl-love.com\/fr\/wp-json\/wp\/v2\/media?parent=135806"}],"wp:term":[{"taxonomy":"product_brand","embeddable":true,"href":"https:\/\/gpl-love.com\/fr\/wp-json\/wp\/v2\/product_brand?post=135806"},{"taxonomy":"product_cat","embeddable":true,"href":"https:\/\/gpl-love.com\/fr\/wp-json\/wp\/v2\/product_cat?post=135806"},{"taxonomy":"product_tag","embeddable":true,"href":"https:\/\/gpl-love.com\/fr\/wp-json\/wp\/v2\/product_tag?post=135806"}],"curies":[{"name":"wp","href":"https:\/\/api.w.org\/{rel}","templated":true}]}}