{"id":135805,"date":"2026-03-20T00:00:00","date_gmt":"2026-03-19T23:00:00","guid":{"rendered":"https:\/\/gpl-love.com\/fr\/produit\/ai-power\/"},"modified":"2026-04-05T12:30:50","modified_gmt":"2026-04-05T10:30:50","slug":"ai-power","status":"publish","type":"product","link":"https:\/\/gpl-love.com\/fr\/produit\/ai-power\/","title":{"rendered":"AI Power 2.3.93"},"content":{"rendered":"<h3>AI Power Traits<\/h3>\n<p>AI Power est un produit technologique de pointe qui exploite la puissance de l&rsquo;intelligence artificielle pour optimiser et rationaliser diverses op\u00e9rations. Cet outil avanc\u00e9 offre une gamme de fonctionnalit\u00e9s telles que l&rsquo;apprentissage automatique, l&rsquo;analyse pr\u00e9dictive et la mod\u00e9lisation des donn\u00e9es pour fournir des informations intelligentes et automatiser les t\u00e2ches complexes. Avec l&rsquo;alimentation de l&rsquo;IA, les entreprises peuvent consid\u00e9rablement augmenter leur efficacit\u00e9, leur productivit\u00e9 et leur processus d\u00e9cisionnel. Que ce soit pour une petite entreprise ou une grande entreprise, AI Power propose des solutions \u00e9volutives pour r\u00e9pondre \u00e0 divers besoins. C&rsquo;est plus qu&rsquo;un simple produit, c&rsquo;est un outil transformateur pour votre entreprise.<\/p>\n<ul>\n<li>AI Power est un module d&rsquo;intelligence artificielle avanc\u00e9e con\u00e7u pour am\u00e9liorer divers dispositifs et syst\u00e8mes technologiques.<\/li>\n<li>Ce produit exploite les derni\u00e8res technologies d&rsquo;IA pour fournir des performances optimis\u00e9es et des r\u00e9sultats efficaces.<\/li>\n<li>L&rsquo;alimentation de l&rsquo;IA peut \u00eatre int\u00e9gr\u00e9e \u00e0 divers syst\u00e8mes pour des t\u00e2ches telles que l&rsquo;analyse des donn\u00e9es, l&rsquo;automatisation, l&rsquo;apprentissage automatique et la mod\u00e9lisation pr\u00e9dictive.<\/li>\n<li>Il est convivial et n\u00e9cessite un savoir-faire technique minimal pour la configuration et l&rsquo;utilisation.<\/li>\n<li>Avec la puissance de l&rsquo;IA, les utilisateurs peuvent rationaliser les t\u00e2ches complexes, am\u00e9liorer la pr\u00e9cision et r\u00e9duire consid\u00e9rablement les erreurs humaines.<\/li>\n<li>Il fournit \u00e9galement des informations en temps r\u00e9el pour prendre des d\u00e9cisions intelligentes et rester en avance sur la comp\u00e9tition.<\/li>\n<li>AI Power met \u00e0 jour et am\u00e9liore constamment ses algorithmes, garantissant les meilleures solutions possibles pour les utilisateurs.<\/li>\n<li>Il est tr\u00e8s fiable et s\u00e9curis\u00e9, garantissant que vos donn\u00e9es sont prot\u00e9g\u00e9es \u00e0 tout moment.<\/li>\n<li>Le produit propose des solutions \u00e9volutives, ce qui signifie qu&rsquo;elle peut s&rsquo;adapter aux besoins des petites entreprises et des grandes entreprises.<\/li>\n<li>Il promet une augmentation de la productivit\u00e9, de l&rsquo;efficacit\u00e9 et des performances globales de votre syst\u00e8me ou de votre appareil.<\/li>\n<\/ul>\n","protected":false},"excerpt":{"rendered":"<p>La force et les capacit\u00e9s \u00e9tonnantes qui se trouvent dans le domaine de l&rsquo;intelligence artificielle sont souvent appel\u00e9es \u00abpouvoir\u00bb. Ce terme particulier r\u00e9sume les capacit\u00e9s de grande envergure et le potentiel illimit\u00e9 que poss\u00e8de l&rsquo;IA, offrant ainsi un r\u00e9sum\u00e9 succinct mais complet de son impact profond sur de nombreux domaines et facettes de la vie humaine.<\/p>\n","protected":false},"featured_media":146727,"comment_status":"open","ping_status":"open","template":"","meta":[],"product_brand":[2764],"product_cat":[1207,1181,1186],"product_tag":[2344],"class_list":{"0":"post-135805","1":"product","2":"type-product","3":"status-publish","4":"has-post-thumbnail","6":"product_brand-ai-power","7":"product_cat-commercialisation-wordpress-plugins","8":"product_cat-plugins","9":"product_cat-wordpress-plugins","10":"product_tag-ai-power","11":"member-discount","12":"discount-restricted","14":"first","15":"instock","16":"sale","17":"downloadable","18":"virtual","19":"sold-individually","20":"purchasable","21":"product-type-simple"},"_links":{"self":[{"href":"https:\/\/gpl-love.com\/fr\/wp-json\/wp\/v2\/product\/135805","targetHints":{"allow":["GET"]}}],"collection":[{"href":"https:\/\/gpl-love.com\/fr\/wp-json\/wp\/v2\/product"}],"about":[{"href":"https:\/\/gpl-love.com\/fr\/wp-json\/wp\/v2\/types\/product"}],"replies":[{"embeddable":true,"href":"https:\/\/gpl-love.com\/fr\/wp-json\/wp\/v2\/comments?post=135805"}],"wp:featuredmedia":[{"embeddable":true,"href":"https:\/\/gpl-love.com\/fr\/wp-json\/wp\/v2\/media\/146727"}],"wp:attachment":[{"href":"https:\/\/gpl-love.com\/fr\/wp-json\/wp\/v2\/media?parent=135805"}],"wp:term":[{"taxonomy":"product_brand","embeddable":true,"href":"https:\/\/gpl-love.com\/fr\/wp-json\/wp\/v2\/product_brand?post=135805"},{"taxonomy":"product_cat","embeddable":true,"href":"https:\/\/gpl-love.com\/fr\/wp-json\/wp\/v2\/product_cat?post=135805"},{"taxonomy":"product_tag","embeddable":true,"href":"https:\/\/gpl-love.com\/fr\/wp-json\/wp\/v2\/product_tag?post=135805"}],"curies":[{"name":"wp","href":"https:\/\/api.w.org\/{rel}","templated":true}]}}