{"id":135800,"date":"2023-09-24T00:00:00","date_gmt":"2023-09-23T22:00:00","guid":{"rendered":"https:\/\/gpl-love.com\/fr\/produit\/dhwc-page-woocommerce-single-page-builder\/"},"modified":"2026-03-20T23:58:27","modified_gmt":"2026-03-20T22:58:27","slug":"dhwc-page-woocommerce-single-page-builder","status":"publish","type":"product","link":"https:\/\/gpl-love.com\/fr\/produit\/dhwc-page-woocommerce-single-page-builder\/","title":{"rendered":"DHWC Page WooCommerce Single Page Builder 5.3.5"},"content":{"rendered":"<h3>DHWC Page WooCommerce Single Page Builder Traits<\/h3>\n<p>DHWC Page WooCommerce Single Page Builder est un plugin exceptionnellement puissant et convivial qui vous permet de cr\u00e9er et de personnaliser facilement vos pages de commerce \u00e9lectronique. Cet outil inestimable permet aux utilisateurs de cr\u00e9er leurs propres dispositions de page de produit unique, en fa\u00e7onnant l&rsquo;apparence, le style et les fonctionnalit\u00e9s de leur magasin WooCommerce. Il fonctionne parfaitement avec n&rsquo;importe quel th\u00e8me WordPress, vous permettant de cr\u00e9er des pages de produits individuelles avec des conceptions uniques qui peuvent aider \u00e0 transformer les navigateurs en acheteurs. Le constructeur regorge d&rsquo;une vari\u00e9t\u00e9 de fonctionnalit\u00e9s et d&rsquo;options de personnalisation, offrant un contr\u00f4le complet et une flexibilit\u00e9 maximale. Il est parfait pour les propri\u00e9taires de magasins de commerce \u00e9lectronique qui souhaitent se d\u00e9marquer de la concurrence et offrir \u00e0 leurs clients une exp\u00e9rience de magasinage unique et personnalis\u00e9e.<\/p>\n<ul>\n<li>Le g\u00e9n\u00e9rateur de page unique de la page DHWC WooCommerce est un plugin WordPress polyvalent con\u00e7u pour am\u00e9liorer la fonctionnalit\u00e9 de votre plate-forme de commerce \u00e9lectronique.<\/li>\n<li>Cet outil vous permet de personnaliser votre page de produit unique WooCommerce sans aucune connaissance de codage.<\/li>\n<li>Il propose divers widgets et modules compl\u00e9mentaires pour rendre votre site Web e-commerce plus convivial et visuellement attrayant.<\/li>\n<li>Le constructeur est compatible avec tous les th\u00e8mes WordPress et peut \u00eatre utilis\u00e9 pour int\u00e9grer les d\u00e9tails des produits, les avis et les produits connexes dans votre site.<\/li>\n<li>Ce plugin offre des options de mise en page flexibles, vous permettant de cr\u00e9er des pages de produits uniques et personnalis\u00e9es pour votre site WooCommerce.<\/li>\n<li>Il est livr\u00e9 avec une interface conviviale qui garantit une navigation et un fonctionnement faciles m\u00eame pour les utilisateurs non techniques.<\/li>\n<li>Avec la page DHWC WooCommerce Builder Page, vous pouvez optimiser vos pages de produits pour un engagement et des conversions maximales.<\/li>\n<li>Ce plugin prend en charge les langages multilingues et RTL, ce qui le rend id\u00e9al pour les plates-formes de commerce \u00e9lectronique ciblant les march\u00e9s internationaux.<\/li>\n<li>Il est r\u00e9guli\u00e8rement mis \u00e0 jour pour des performances optimales, garantissant la compatibilit\u00e9 avec les derni\u00e8res versions de WordPress et WooCommerce.<\/li>\n<li>Le g\u00e9n\u00e9rateur de page unique de page DHWC WooCommerce fournit un excellent support client pour aider \u00e0 r\u00e9soudre les probl\u00e8mes que les utilisateurs peuvent rencontrer lors de l&rsquo;utilisation du plugin.<\/li>\n<\/ul>\n","protected":false},"excerpt":{"rendered":"<p>La page DHWC est un outil sp\u00e9cialis\u00e9 qui sert de g\u00e9n\u00e9rateur de page unique WooCommerce. Son r\u00f4le est d&rsquo;aider les utilisateurs \u00e0 cr\u00e9er des pages uniques et personnalis\u00e9es sp\u00e9cialement adapt\u00e9es \u00e0 WooCommerce, un plugin de commerce \u00e9lectronique open source con\u00e7u pour WordPress. Cet outil offre une gamme de fonctionnalit\u00e9s qui facilitent la cr\u00e9ation et la personnalisation de leurs pages Web WooCommerce, \u00e9tablissant ainsi une exp\u00e9rience d&rsquo;achat en ligne plus dynamique et plus engageante pour leurs clients.<\/p>\n","protected":false},"featured_media":146724,"comment_status":"open","ping_status":"open","template":"","meta":[],"product_brand":[2435],"product_cat":[1182,1223,1181],"product_tag":[1231],"class_list":{"0":"post-135800","1":"product","2":"type-product","3":"status-publish","4":"has-post-thumbnail","6":"product_brand-codecanyon","7":"product_cat-commerce-electronique-plugins","8":"product_cat-personnalisation-commerce-electronique-plugins","9":"product_cat-plugins","10":"product_tag-codecanyon","11":"member-discount","12":"discount-restricted","14":"first","15":"instock","16":"sale","17":"downloadable","18":"virtual","19":"sold-individually","20":"purchasable","21":"product-type-simple"},"_links":{"self":[{"href":"https:\/\/gpl-love.com\/fr\/wp-json\/wp\/v2\/product\/135800","targetHints":{"allow":["GET"]}}],"collection":[{"href":"https:\/\/gpl-love.com\/fr\/wp-json\/wp\/v2\/product"}],"about":[{"href":"https:\/\/gpl-love.com\/fr\/wp-json\/wp\/v2\/types\/product"}],"replies":[{"embeddable":true,"href":"https:\/\/gpl-love.com\/fr\/wp-json\/wp\/v2\/comments?post=135800"}],"wp:featuredmedia":[{"embeddable":true,"href":"https:\/\/gpl-love.com\/fr\/wp-json\/wp\/v2\/media\/146724"}],"wp:attachment":[{"href":"https:\/\/gpl-love.com\/fr\/wp-json\/wp\/v2\/media?parent=135800"}],"wp:term":[{"taxonomy":"product_brand","embeddable":true,"href":"https:\/\/gpl-love.com\/fr\/wp-json\/wp\/v2\/product_brand?post=135800"},{"taxonomy":"product_cat","embeddable":true,"href":"https:\/\/gpl-love.com\/fr\/wp-json\/wp\/v2\/product_cat?post=135800"},{"taxonomy":"product_tag","embeddable":true,"href":"https:\/\/gpl-love.com\/fr\/wp-json\/wp\/v2\/product_tag?post=135800"}],"curies":[{"name":"wp","href":"https:\/\/api.w.org\/{rel}","templated":true}]}}