{"id":135799,"date":"2023-09-24T00:00:00","date_gmt":"2023-09-23T22:00:00","guid":{"rendered":"https:\/\/gpl-love.com\/fr\/produit\/woobought-pro\/"},"modified":"2026-03-20T23:58:25","modified_gmt":"2026-03-20T22:58:25","slug":"woobought-pro","status":"publish","type":"product","link":"https:\/\/gpl-love.com\/fr\/produit\/woobought-pro\/","title":{"rendered":"Woobought Pro 2.0"},"content":{"rendered":"<h3>Woobought Pro Traits<\/h3>\n<p>Woobought Pro est une solution de commerce \u00e9lectronique premium con\u00e7ue pour am\u00e9liorer vos op\u00e9rations commerciales en ligne. Cet outil avanc\u00e9 vous permet de g\u00e9rer les commandes, de suivre l&rsquo;inventaire et de superviser toutes vos activit\u00e9s de commerce \u00e9lectronique de mani\u00e8re transparente. Avec ses capacit\u00e9s puissantes, Woobought Pro vous aide \u00e0 rationaliser vos processus, \u00e0 garantir un service client efficace et \u00e0 maximiser les b\u00e9n\u00e9fices. Son interface intuitive et ses fonctionnalit\u00e9s uniques le rendent facile \u00e0 utiliser, que vous soyez un propri\u00e9taire de petite entreprise ou une grande entreprise. Optimisez votre boutique en ligne avec Woobought Pro et conduisez votre entreprise \u00e0 de nouveaux sommets.<\/p>\n<ul>\n<li>Woobought Pro est un outil de commerce \u00e9lectronique avanc\u00e9 con\u00e7u pour les utilisateurs de WooCommerce.<\/li>\n<li>Con\u00e7u pour augmenter les ventes en affichant des achats r\u00e9cents en temps r\u00e9el, cr\u00e9ant un sentiment d&rsquo;urgence et de preuve sociale.<\/li>\n<li>Caract\u00e9ristiques des options de personnalisation adapt\u00e9es pour correspondre \u00e0 l&rsquo;apparence de votre boutique en ligne, y compris des tailles contextuelles r\u00e9glables, des couleurs et une fr\u00e9quence d&rsquo;affichage.<\/li>\n<li>Offre un tableau de bord facile \u00e0 utiliser pour g\u00e9rer, suivre et analyser les commandes r\u00e9centes.<\/li>\n<li>Compatible avec tous les th\u00e8mes WordPress et facilement int\u00e9gr\u00e9s avec les sites WooCommerce.<\/li>\n<li>Comprend des param\u00e8tres avanc\u00e9s pour limiter les notifications d&rsquo;achat par type de produit ou p\u00e9riode de temps.<\/li>\n<li>Aide \u00e0 am\u00e9liorer l&rsquo;engagement des clients et les taux de r\u00e9tention en pr\u00e9sentant un comportement d&rsquo;achat positif.<\/li>\n<li>Woobought Pro travaille sur tous les appareils et tailles d&rsquo;\u00e9cran, offrant une exp\u00e9rience utilisateur coh\u00e9rente.<\/li>\n<li>Livr\u00e9 avec le support client 24\/7 premium pour g\u00e9rer rapidement toutes les requ\u00eates ou probl\u00e8mes.<\/li>\n<li>Offre une p\u00e9riode d&rsquo;essai gratuite pour tester le produit et explorer ses fonctionnalit\u00e9s avant l&rsquo;achat.<\/li>\n<\/ul>\n","protected":false},"excerpt":{"rendered":"<p>Le produit acquis est reconnu par le nom de Woobought Pro. Cet article particulier, distingu\u00e9 comme Woobought Pro par ses cr\u00e9ateurs, a \u00e9t\u00e9 le choix final fait \u00e0 l&rsquo;achat. Apr\u00e8s avoir examin\u00e9 diverses options et alternatives sur le march\u00e9, la d\u00e9cision a \u00e9t\u00e9 prise de se procurer le Woobought Pro. Cela signifie que l&rsquo;article qui a \u00e9t\u00e9 achet\u00e9 et est maintenant en possession de l&rsquo;acheteur n&rsquo;est autre que le estim\u00e9 Woobought Pro.<\/p>\n","protected":false},"featured_media":146723,"comment_status":"open","ping_status":"open","template":"","meta":[],"product_brand":[2763],"product_cat":[1200,1182,1181],"product_tag":[2343],"class_list":{"0":"post-135799","1":"product","2":"type-product","3":"status-publish","4":"has-post-thumbnail","6":"product_brand-studiowombat","7":"product_cat-commercialisation","8":"product_cat-commerce-electronique-plugins","9":"product_cat-plugins","10":"product_tag-studiowombat","11":"member-discount","12":"discount-restricted","14":"first","15":"instock","16":"sale","17":"downloadable","18":"virtual","19":"sold-individually","20":"purchasable","21":"product-type-simple"},"_links":{"self":[{"href":"https:\/\/gpl-love.com\/fr\/wp-json\/wp\/v2\/product\/135799","targetHints":{"allow":["GET"]}}],"collection":[{"href":"https:\/\/gpl-love.com\/fr\/wp-json\/wp\/v2\/product"}],"about":[{"href":"https:\/\/gpl-love.com\/fr\/wp-json\/wp\/v2\/types\/product"}],"replies":[{"embeddable":true,"href":"https:\/\/gpl-love.com\/fr\/wp-json\/wp\/v2\/comments?post=135799"}],"wp:featuredmedia":[{"embeddable":true,"href":"https:\/\/gpl-love.com\/fr\/wp-json\/wp\/v2\/media\/146723"}],"wp:attachment":[{"href":"https:\/\/gpl-love.com\/fr\/wp-json\/wp\/v2\/media?parent=135799"}],"wp:term":[{"taxonomy":"product_brand","embeddable":true,"href":"https:\/\/gpl-love.com\/fr\/wp-json\/wp\/v2\/product_brand?post=135799"},{"taxonomy":"product_cat","embeddable":true,"href":"https:\/\/gpl-love.com\/fr\/wp-json\/wp\/v2\/product_cat?post=135799"},{"taxonomy":"product_tag","embeddable":true,"href":"https:\/\/gpl-love.com\/fr\/wp-json\/wp\/v2\/product_tag?post=135799"}],"curies":[{"name":"wp","href":"https:\/\/api.w.org\/{rel}","templated":true}]}}